{"id":15990,"date":"2026-01-05T12:01:03","date_gmt":"2026-01-05T12:01:03","guid":{"rendered":"https:\/\/www.europesstore.com\/?page_id=15990"},"modified":"2026-01-05T12:01:39","modified_gmt":"2026-01-05T12:01:39","slug":"guvenli-alisveris","status":"publish","type":"page","link":"https:\/\/www.europesstore.com\/en\/guvenli-alisveris\/","title":{"rendered":"G\u00fcvenli Al\u0131\u015fveri\u015f"},"content":{"rendered":"<p>\u00d6deme i\u015flemleriniz g\u00fcvenli altyap\u0131 \u00fczerinden, \u015fifreli ba\u011flant\u0131 ile ger\u00e7ekle\u015ftirilir. Bilgileriniz korunur, \u00fc\u00e7\u00fcnc\u00fc ki\u015filerle payla\u015f\u0131lmaz.<\/p>\n\n\n\n<p><\/p>","protected":false},"excerpt":{"rendered":"<p>\u00d6deme i\u015flemleriniz g\u00fcvenli altyap\u0131 \u00fczerinden, \u015fifreli ba\u011flant\u0131 ile ger\u00e7ekle\u015ftirilir. Bilgileriniz korunur, \u00fc\u00e7\u00fcnc\u00fc ki\u015filerle payla\u015f\u0131lmaz.<\/p>","protected":false},"author":1,"featured_media":0,"parent":0,"menu_order":0,"comment_status":"closed","ping_status":"closed","template":"","meta":{"footnotes":""},"class_list":["post-15990","page","type-page","status-publish","hentry"],"jetpack_sharing_enabled":true,"_links":{"self":[{"href":"https:\/\/www.europesstore.com\/en\/wp-json\/wp\/v2\/pages\/15990","targetHints":{"allow":["GET"]}}],"collection":[{"href":"https:\/\/www.europesstore.com\/en\/wp-json\/wp\/v2\/pages"}],"about":[{"href":"https:\/\/www.europesstore.com\/en\/wp-json\/wp\/v2\/types\/page"}],"author":[{"embeddable":true,"href":"https:\/\/www.europesstore.com\/en\/wp-json\/wp\/v2\/users\/1"}],"replies":[{"embeddable":true,"href":"https:\/\/www.europesstore.com\/en\/wp-json\/wp\/v2\/comments?post=15990"}],"version-history":[{"count":2,"href":"https:\/\/www.europesstore.com\/en\/wp-json\/wp\/v2\/pages\/15990\/revisions"}],"predecessor-version":[{"id":15992,"href":"https:\/\/www.europesstore.com\/en\/wp-json\/wp\/v2\/pages\/15990\/revisions\/15992"}],"wp:attachment":[{"href":"https:\/\/www.europesstore.com\/en\/wp-json\/wp\/v2\/media?parent=15990"}],"curies":[{"name":"wp","href":"https:\/\/api.w.org\/{rel}","templated":true}]}}