{"id":6746,"date":"2020-12-28T10:25:40","date_gmt":"2020-12-28T10:25:40","guid":{"rendered":"https:\/\/demo4.drfuri.com\/razzi\/?page_id=6746"},"modified":"2020-12-28T10:25:40","modified_gmt":"2020-12-28T10:25:40","slug":"products-grid","status":"publish","type":"page","link":"https:\/\/www.europesstore.com\/en\/products-grid\/","title":{"rendered":"Products Grid"},"content":{"rendered":"<div data-elementor-type=\"wp-page\" data-elementor-id=\"6746\" class=\"elementor elementor-6746\">\n\t\t\t\t\t\t<section class=\"elementor-section elementor-top-section elementor-element elementor-element-dcaf71c elementor-section-boxed elementor-section-height-default elementor-section-height-default\" data-id=\"dcaf71c\" data-element_type=\"section\">\n\t\t\t\t\t\t<div class=\"elementor-container elementor-column-gap-default\">\n\t\t\t\t\t<div class=\"elementor-column elementor-col-100 elementor-top-column elementor-element elementor-element-b6422d6\" data-id=\"b6422d6\" data-element_type=\"column\">\n\t\t\t<div class=\"elementor-widget-wrap elementor-element-populated\">\n\t\t\t\t\t\t<div class=\"elementor-element elementor-element-1e67eee elementor-widget elementor-widget-razzi-products-grid\" data-id=\"1e67eee\" data-element_type=\"widget\" data-settings=\"{&quot;per_page&quot;:8,&quot;columns&quot;:4,&quot;products&quot;:&quot;recent&quot;}\" data-widget_type=\"razzi-products-grid.default\">\n\t\t\t\t<div class=\"elementor-widget-container\">\n\t\t\t\t\t\t\t<div class=\"razzi-products-grid woocommerce\">\r\n\t\t\t<div class=\"product-content\"><ul class=\"products columns-4\">\n<li class=\"product type-product post-20821 status-publish first instock product_cat-accessories product_cat-desenli-sallar product_cat-jakar-sal-sal has-post-thumbnail sale shipping-taxable purchasable product-type-simple\">\n\t<a href=\"https:\/\/www.europesstore.com\/en\/product\/ajda-desen-pamuk-jakar-sal-gri\/\" class=\"woocommerce-LoopProduct-link woocommerce-loop-product__link\">\n\t<span class=\"onsale\" data-no-translation=\"\" data-trp-gettext=\"\">Sale!<\/span>\n\t<img fetchpriority=\"high\" decoding=\"async\" width=\"570\" height=\"684\" src=\"https:\/\/www.europesstore.com\/wp-content\/uploads\/2026\/01\/whatsapp-image-2024-07-15-at-12-1721037751-1-570x684.webp\" class=\"attachment-woocommerce_thumbnail size-woocommerce_thumbnail\" alt=\"Ajda Desen Pamuk Jakar \u015eal - Gri\" srcset=\"https:\/\/www.europesstore.com\/wp-content\/uploads\/2026\/01\/whatsapp-image-2024-07-15-at-12-1721037751-1-570x684.webp 570w, https:\/\/www.europesstore.com\/wp-content\/uploads\/2026\/01\/whatsapp-image-2024-07-15-at-12-1721037751-1-9x12.webp 9w\" sizes=\"(max-width: 570px) 100vw, 570px\" \/><h2 class=\"woocommerce-loop-product__title\">Ajda Desen Pamuk Jakar \u015eal &#8211; Gri<\/h2>\n\t<span class=\"price\"><del aria-hidden=\"true\"><span class=\"woocommerce-Price-amount amount\"><bdi><span class=\"woocommerce-Price-currencySymbol\">&#8378;<\/span>800,00<\/bdi><\/span><\/del> <span class=\"screen-reader-text\" data-no-translation=\"\" data-trp-gettext=\"\">Original price was: &#8378;800,00.<\/span><ins aria-hidden=\"true\"><span class=\"woocommerce-Price-amount amount\"><bdi><span class=\"woocommerce-Price-currencySymbol\">&#8378;<\/span>400,00<\/bdi><\/span><\/ins><span class=\"screen-reader-text\" data-no-translation=\"\" data-trp-gettext=\"\">Current price is: &#8378;400,00.<\/span><\/span>\n<\/a><a href=\"\/en\/wp-json\/wp\/v2\/pages\/6746?add-to-cart=20821\" aria-describedby=\"woocommerce_loop_add_to_cart_link_describedby_20821\" data-quantity=\"1\" class=\"button product_type_simple add_to_cart_button ajax_add_to_cart\" data-product_id=\"20821\" data-product_sku=\"14339\" aria-label=\"Add to cart: \u201cAjda Desen Pamuk Jakar \u015eal - Gri\u201d\" rel=\"nofollow\" data-success_message=\"\u201cAjda Desen Pamuk Jakar \u015eal - Gri\u201d has been added to your cart\" role=\"button\" data-no-translation=\"\" data-trp-gettext=\"\" data-no-translation-aria-label=\"\" data-no-translation-data-success_message=\"\">Add to cart<\/a>\t<span id=\"woocommerce_loop_add_to_cart_link_describedby_20821\" class=\"screen-reader-text\">\n\t\t\t<\/span>\n<\/li>\n<li class=\"product type-product post-17374 status-publish instock product_cat-accessories product_cat-takim has-post-thumbnail sale shipping-taxable purchasable product-type-simple\">\n\t<a href=\"https:\/\/www.europesstore.com\/en\/product\/alice-ikili-etekli-takim-tk100212-bej\/\" class=\"woocommerce-LoopProduct-link woocommerce-loop-product__link\">\n\t<span class=\"onsale\" data-no-translation=\"\" data-trp-gettext=\"\">Sale!<\/span>\n\t<img decoding=\"async\" width=\"570\" height=\"684\" src=\"https:\/\/www.europesstore.com\/wp-content\/uploads\/2026\/01\/Adsiz20tasarim20-202025-08-11T153216.311-570x684.jpg\" class=\"attachment-woocommerce_thumbnail size-woocommerce_thumbnail\" alt=\"Alice \u0130kili Etekli Tak\u0131m TK100212  - Bej\" srcset=\"https:\/\/www.europesstore.com\/wp-content\/uploads\/2026\/01\/Adsiz20tasarim20-202025-08-11T153216.311-570x684.jpg 570w, https:\/\/www.europesstore.com\/wp-content\/uploads\/2026\/01\/Adsiz20tasarim20-202025-08-11T153216.311-9x12.jpg 9w\" sizes=\"(max-width: 570px) 100vw, 570px\" \/><h2 class=\"woocommerce-loop-product__title\">Alice \u0130kili Etekli Tak\u0131m TK100212  &#8211; Bej<\/h2>\n\t<span class=\"price\"><del aria-hidden=\"true\"><span class=\"woocommerce-Price-amount amount\"><bdi><span class=\"woocommerce-Price-currencySymbol\">&#8378;<\/span>5.000,00<\/bdi><\/span><\/del> <span class=\"screen-reader-text\" data-no-translation=\"\" data-trp-gettext=\"\">Original price was: &#8378;5.000,00.<\/span><ins aria-hidden=\"true\"><span class=\"woocommerce-Price-amount amount\"><bdi><span class=\"woocommerce-Price-currencySymbol\">&#8378;<\/span>2.250,00<\/bdi><\/span><\/ins><span class=\"screen-reader-text\" data-no-translation=\"\" data-trp-gettext=\"\">Current price is: &#8378;2.250,00.<\/span><\/span>\n<\/a><a href=\"\/en\/wp-json\/wp\/v2\/pages\/6746?add-to-cart=17374\" aria-describedby=\"woocommerce_loop_add_to_cart_link_describedby_17374\" data-quantity=\"1\" class=\"button product_type_simple add_to_cart_button ajax_add_to_cart\" data-product_id=\"17374\" data-product_sku=\"8682626223753\" aria-label=\"Add to cart: \u201cAlice \u0130kili Etekli Tak\u0131m TK100212  - Bej\u201d\" rel=\"nofollow\" data-success_message=\"\u201cAlice \u0130kili Etekli Tak\u0131m TK100212  - Bej\u201d has been added to your cart\" role=\"button\" data-no-translation=\"\" data-trp-gettext=\"\" data-no-translation-aria-label=\"\" data-no-translation-data-success_message=\"\">Add to cart<\/a>\t<span id=\"woocommerce_loop_add_to_cart_link_describedby_17374\" class=\"screen-reader-text\">\n\t\t\t<\/span>\n<\/li>\n<li class=\"product type-product post-17373 status-publish outofstock product_cat-accessories product_cat-takim has-post-thumbnail sale shipping-taxable purchasable product-type-simple\">\n\t<a href=\"https:\/\/www.europesstore.com\/en\/product\/alice-ikili-etekli-takim-tk100212-ekru\/\" class=\"woocommerce-LoopProduct-link woocommerce-loop-product__link\">\n\t<span class=\"onsale\" data-no-translation=\"\" data-trp-gettext=\"\">Sale!<\/span>\n\t<img decoding=\"async\" width=\"570\" height=\"684\" src=\"https:\/\/www.europesstore.com\/wp-content\/uploads\/2026\/01\/Adsiz20tasarim20-202025-08-11T152908.508-570x684.jpg\" class=\"attachment-woocommerce_thumbnail size-woocommerce_thumbnail\" alt=\"Alice \u0130kili Etekli Tak\u0131m TK100212  - Ekru\" srcset=\"https:\/\/www.europesstore.com\/wp-content\/uploads\/2026\/01\/Adsiz20tasarim20-202025-08-11T152908.508-570x684.jpg 570w, https:\/\/www.europesstore.com\/wp-content\/uploads\/2026\/01\/Adsiz20tasarim20-202025-08-11T152908.508-9x12.jpg 9w\" sizes=\"(max-width: 570px) 100vw, 570px\" \/><h2 class=\"woocommerce-loop-product__title\">Alice \u0130kili Etekli Tak\u0131m TK100212  &#8211; Ekru<\/h2>\n\t<span class=\"price\"><del aria-hidden=\"true\"><span class=\"woocommerce-Price-amount amount\"><bdi><span class=\"woocommerce-Price-currencySymbol\">&#8378;<\/span>5.000,00<\/bdi><\/span><\/del> <span class=\"screen-reader-text\" data-no-translation=\"\" data-trp-gettext=\"\">Original price was: &#8378;5.000,00.<\/span><ins aria-hidden=\"true\"><span class=\"woocommerce-Price-amount amount\"><bdi><span class=\"woocommerce-Price-currencySymbol\">&#8378;<\/span>2.250,00<\/bdi><\/span><\/ins><span class=\"screen-reader-text\" data-no-translation=\"\" data-trp-gettext=\"\">Current price is: &#8378;2.250,00.<\/span><\/span>\n<\/a><a href=\"https:\/\/www.europesstore.com\/en\/product\/alice-ikili-etekli-takim-tk100212-ekru\/\" aria-describedby=\"woocommerce_loop_add_to_cart_link_describedby_17373\" data-quantity=\"1\" class=\"button product_type_simple\" data-product_id=\"17373\" data-product_sku=\"8682626223744\" aria-label=\"Read more about \u201cAlice \u0130kili Etekli Tak\u0131m TK100212  - Ekru\u201d\" rel=\"nofollow\" data-success_message=\"\" data-no-translation=\"\" data-trp-gettext=\"\" data-no-translation-aria-label=\"\">Read more<\/a>\t<span id=\"woocommerce_loop_add_to_cart_link_describedby_17373\" class=\"screen-reader-text\">\n\t\t\t<\/span>\n<\/li>\n<li class=\"product type-product post-17372 status-publish last outofstock product_cat-accessories product_cat-takim has-post-thumbnail sale shipping-taxable purchasable product-type-simple\">\n\t<a href=\"https:\/\/www.europesstore.com\/en\/product\/alice-ikili-etekli-takim-tk100212-siyah\/\" class=\"woocommerce-LoopProduct-link woocommerce-loop-product__link\">\n\t<span class=\"onsale\" data-no-translation=\"\" data-trp-gettext=\"\">Sale!<\/span>\n\t<img loading=\"lazy\" decoding=\"async\" width=\"570\" height=\"684\" src=\"https:\/\/www.europesstore.com\/wp-content\/uploads\/2026\/01\/Adsiz20tasarim20-202025-08-11T152409.613-570x684.jpg\" class=\"attachment-woocommerce_thumbnail size-woocommerce_thumbnail\" alt=\"Alice \u0130kili Etekli Tak\u0131m TK100212  - Siyah\" srcset=\"https:\/\/www.europesstore.com\/wp-content\/uploads\/2026\/01\/Adsiz20tasarim20-202025-08-11T152409.613-570x684.jpg 570w, https:\/\/www.europesstore.com\/wp-content\/uploads\/2026\/01\/Adsiz20tasarim20-202025-08-11T152409.613-9x12.jpg 9w\" sizes=\"(max-width: 570px) 100vw, 570px\" \/><h2 class=\"woocommerce-loop-product__title\">Alice \u0130kili Etekli Tak\u0131m TK100212  &#8211; Siyah<\/h2>\n\t<span class=\"price\"><del aria-hidden=\"true\"><span class=\"woocommerce-Price-amount amount\"><bdi><span class=\"woocommerce-Price-currencySymbol\">&#8378;<\/span>5.000,00<\/bdi><\/span><\/del> <span class=\"screen-reader-text\" data-no-translation=\"\" data-trp-gettext=\"\">Original price was: &#8378;5.000,00.<\/span><ins aria-hidden=\"true\"><span class=\"woocommerce-Price-amount amount\"><bdi><span class=\"woocommerce-Price-currencySymbol\">&#8378;<\/span>2.250,00<\/bdi><\/span><\/ins><span class=\"screen-reader-text\" data-no-translation=\"\" data-trp-gettext=\"\">Current price is: &#8378;2.250,00.<\/span><\/span>\n<\/a><a href=\"https:\/\/www.europesstore.com\/en\/product\/alice-ikili-etekli-takim-tk100212-siyah\/\" aria-describedby=\"woocommerce_loop_add_to_cart_link_describedby_17372\" data-quantity=\"1\" class=\"button product_type_simple\" data-product_id=\"17372\" data-product_sku=\"8682626223735\" aria-label=\"Read more about \u201cAlice \u0130kili Etekli Tak\u0131m TK100212  - Siyah\u201d\" rel=\"nofollow\" data-success_message=\"\" data-no-translation=\"\" data-trp-gettext=\"\" data-no-translation-aria-label=\"\">Read more<\/a>\t<span id=\"woocommerce_loop_add_to_cart_link_describedby_17372\" class=\"screen-reader-text\">\n\t\t\t<\/span>\n<\/li>\n<li class=\"product type-product post-16695 status-publish first instock product_cat-accessories product_cat-takim has-post-thumbnail sale shipping-taxable purchasable product-type-simple\">\n\t<a href=\"https:\/\/www.europesstore.com\/en\/product\/alina-ikili-takim-tk10046-okyanus-mavi\/\" class=\"woocommerce-LoopProduct-link woocommerce-loop-product__link\">\n\t<span class=\"onsale\" data-no-translation=\"\" data-trp-gettext=\"\">Sale!<\/span>\n\t<img loading=\"lazy\" decoding=\"async\" width=\"570\" height=\"684\" src=\"https:\/\/www.europesstore.com\/wp-content\/uploads\/2026\/01\/8682626216729208-570x684.jpg\" class=\"attachment-woocommerce_thumbnail size-woocommerce_thumbnail\" alt=\"Alina \u0130kili Tak\u0131m TK10046 - Okyanus Mavi\" srcset=\"https:\/\/www.europesstore.com\/wp-content\/uploads\/2026\/01\/8682626216729208-570x684.jpg 570w, https:\/\/www.europesstore.com\/wp-content\/uploads\/2026\/01\/8682626216729208-9x12.jpg 9w\" sizes=\"(max-width: 570px) 100vw, 570px\" \/><h2 class=\"woocommerce-loop-product__title\">Alina \u0130kili Tak\u0131m TK10046 &#8211; Okyanus Mavi<\/h2>\n\t<span class=\"price\"><del aria-hidden=\"true\"><span class=\"woocommerce-Price-amount amount\"><bdi><span class=\"woocommerce-Price-currencySymbol\">&#8378;<\/span>5.000,00<\/bdi><\/span><\/del> <span class=\"screen-reader-text\" data-no-translation=\"\" data-trp-gettext=\"\">Original price was: &#8378;5.000,00.<\/span><ins aria-hidden=\"true\"><span class=\"woocommerce-Price-amount amount\"><bdi><span class=\"woocommerce-Price-currencySymbol\">&#8378;<\/span>999,00<\/bdi><\/span><\/ins><span class=\"screen-reader-text\" data-no-translation=\"\" data-trp-gettext=\"\">Current price is: &#8378;999,00.<\/span><\/span>\n<\/a><a href=\"\/en\/wp-json\/wp\/v2\/pages\/6746?add-to-cart=16695\" aria-describedby=\"woocommerce_loop_add_to_cart_link_describedby_16695\" data-quantity=\"1\" class=\"button product_type_simple add_to_cart_button ajax_add_to_cart\" data-product_id=\"16695\" data-product_sku=\"8682626216792\" aria-label=\"Add to cart: \u201cAlina \u0130kili Tak\u0131m TK10046 - Okyanus Mavi\u201d\" rel=\"nofollow\" data-success_message=\"\u201cAlina \u0130kili Tak\u0131m TK10046 - Okyanus Mavi\u201d has been added to your cart\" role=\"button\" data-no-translation=\"\" data-trp-gettext=\"\" data-no-translation-aria-label=\"\" data-no-translation-data-success_message=\"\">Add to cart<\/a>\t<span id=\"woocommerce_loop_add_to_cart_link_describedby_16695\" class=\"screen-reader-text\">\n\t\t\t<\/span>\n<\/li>\n<li class=\"product type-product post-16696 status-publish instock product_cat-accessories product_cat-takim has-post-thumbnail sale shipping-taxable purchasable product-type-simple\">\n\t<a href=\"https:\/\/www.europesstore.com\/en\/product\/alina-ikili-takim-tk10047-vanilya\/\" class=\"woocommerce-LoopProduct-link woocommerce-loop-product__link\">\n\t<span class=\"onsale\" data-no-translation=\"\" data-trp-gettext=\"\">Sale!<\/span>\n\t<img loading=\"lazy\" decoding=\"async\" width=\"570\" height=\"684\" src=\"https:\/\/www.europesstore.com\/wp-content\/uploads\/2026\/01\/86826262167292013-570x684.jpg\" class=\"attachment-woocommerce_thumbnail size-woocommerce_thumbnail\" alt=\"Alina \u0130kili Tak\u0131m TK10047 - Vanilya\" srcset=\"https:\/\/www.europesstore.com\/wp-content\/uploads\/2026\/01\/86826262167292013-570x684.jpg 570w, https:\/\/www.europesstore.com\/wp-content\/uploads\/2026\/01\/86826262167292013-9x12.jpg 9w\" sizes=\"(max-width: 570px) 100vw, 570px\" \/><h2 class=\"woocommerce-loop-product__title\">Alina \u0130kili Tak\u0131m TK10047 &#8211; Vanilya<\/h2>\n\t<span class=\"price\"><del aria-hidden=\"true\"><span class=\"woocommerce-Price-amount amount\"><bdi><span class=\"woocommerce-Price-currencySymbol\">&#8378;<\/span>5.000,00<\/bdi><\/span><\/del> <span class=\"screen-reader-text\" data-no-translation=\"\" data-trp-gettext=\"\">Original price was: &#8378;5.000,00.<\/span><ins aria-hidden=\"true\"><span class=\"woocommerce-Price-amount amount\"><bdi><span class=\"woocommerce-Price-currencySymbol\">&#8378;<\/span>1.999,00<\/bdi><\/span><\/ins><span class=\"screen-reader-text\" data-no-translation=\"\" data-trp-gettext=\"\">Current price is: &#8378;1.999,00.<\/span><\/span>\n<\/a><a href=\"\/en\/wp-json\/wp\/v2\/pages\/6746?add-to-cart=16696\" aria-describedby=\"woocommerce_loop_add_to_cart_link_describedby_16696\" data-quantity=\"1\" class=\"button product_type_simple add_to_cart_button ajax_add_to_cart\" data-product_id=\"16696\" data-product_sku=\"8682626216801\" aria-label=\"Add to cart: \u201cAlina \u0130kili Tak\u0131m TK10047 - Vanilya\u201d\" rel=\"nofollow\" data-success_message=\"\u201cAlina \u0130kili Tak\u0131m TK10047 - Vanilya\u201d has been added to your cart\" role=\"button\" data-no-translation=\"\" data-trp-gettext=\"\" data-no-translation-aria-label=\"\" data-no-translation-data-success_message=\"\">Add to cart<\/a>\t<span id=\"woocommerce_loop_add_to_cart_link_describedby_16696\" class=\"screen-reader-text\">\n\t\t\t<\/span>\n<\/li>\n<li class=\"product type-product post-16697 status-publish instock product_cat-accessories product_cat-takim has-post-thumbnail sale shipping-taxable purchasable product-type-simple\">\n\t<a href=\"https:\/\/www.europesstore.com\/en\/product\/alina-ikili-takim-tk10048-bal-kopugu\/\" class=\"woocommerce-LoopProduct-link woocommerce-loop-product__link\">\n\t<span class=\"onsale\" data-no-translation=\"\" data-trp-gettext=\"\">Sale!<\/span>\n\t<img loading=\"lazy\" decoding=\"async\" width=\"570\" height=\"684\" src=\"https:\/\/www.europesstore.com\/wp-content\/uploads\/2026\/01\/86826262167292016-570x684.jpg\" class=\"attachment-woocommerce_thumbnail size-woocommerce_thumbnail\" alt=\"Alina \u0130kili Tak\u0131m TK10048 - Bal K\u00f6p\u00fc\u011f\u00fc\" srcset=\"https:\/\/www.europesstore.com\/wp-content\/uploads\/2026\/01\/86826262167292016-570x684.jpg 570w, https:\/\/www.europesstore.com\/wp-content\/uploads\/2026\/01\/86826262167292016-9x12.jpg 9w\" sizes=\"(max-width: 570px) 100vw, 570px\" \/><h2 class=\"woocommerce-loop-product__title\">Alina \u0130kili Tak\u0131m TK10048 &#8211; Bal K\u00f6p\u00fc\u011f\u00fc<\/h2>\n\t<span class=\"price\"><del aria-hidden=\"true\"><span class=\"woocommerce-Price-amount amount\"><bdi><span class=\"woocommerce-Price-currencySymbol\">&#8378;<\/span>5.000,00<\/bdi><\/span><\/del> <span class=\"screen-reader-text\" data-no-translation=\"\" data-trp-gettext=\"\">Original price was: &#8378;5.000,00.<\/span><ins aria-hidden=\"true\"><span class=\"woocommerce-Price-amount amount\"><bdi><span class=\"woocommerce-Price-currencySymbol\">&#8378;<\/span>1.999,00<\/bdi><\/span><\/ins><span class=\"screen-reader-text\" data-no-translation=\"\" data-trp-gettext=\"\">Current price is: &#8378;1.999,00.<\/span><\/span>\n<\/a><a href=\"\/en\/wp-json\/wp\/v2\/pages\/6746?add-to-cart=16697\" aria-describedby=\"woocommerce_loop_add_to_cart_link_describedby_16697\" data-quantity=\"1\" class=\"button product_type_simple add_to_cart_button ajax_add_to_cart\" data-product_id=\"16697\" data-product_sku=\"8682626216810\" aria-label=\"Add to cart: \u201cAlina \u0130kili Tak\u0131m TK10048 - Bal K\u00f6p\u00fc\u011f\u00fc\u201d\" rel=\"nofollow\" data-success_message=\"\u201cAlina \u0130kili Tak\u0131m TK10048 - Bal K\u00f6p\u00fc\u011f\u00fc\u201d has been added to your cart\" role=\"button\" data-no-translation=\"\" data-trp-gettext=\"\" data-no-translation-aria-label=\"\" data-no-translation-data-success_message=\"\">Add to cart<\/a>\t<span id=\"woocommerce_loop_add_to_cart_link_describedby_16697\" class=\"screen-reader-text\">\n\t\t\t<\/span>\n<\/li>\n<li class=\"product type-product post-16704 status-publish last outofstock product_cat-accessories product_cat-takim has-post-thumbnail sale shipping-taxable purchasable product-type-simple\">\n\t<a href=\"https:\/\/www.europesstore.com\/en\/product\/alina-ikili-takim-tk10049-avakado\/\" class=\"woocommerce-LoopProduct-link woocommerce-loop-product__link\">\n\t<span class=\"onsale\" data-no-translation=\"\" data-trp-gettext=\"\">Sale!<\/span>\n\t<img loading=\"lazy\" decoding=\"async\" width=\"570\" height=\"684\" src=\"https:\/\/www.europesstore.com\/wp-content\/uploads\/2026\/01\/86826262167292018-570x684.jpg\" class=\"attachment-woocommerce_thumbnail size-woocommerce_thumbnail\" alt=\"Alina \u0130kili Tak\u0131m TK10049 - Avakado\" srcset=\"https:\/\/www.europesstore.com\/wp-content\/uploads\/2026\/01\/86826262167292018-570x684.jpg 570w, https:\/\/www.europesstore.com\/wp-content\/uploads\/2026\/01\/86826262167292018-9x12.jpg 9w\" sizes=\"(max-width: 570px) 100vw, 570px\" \/><h2 class=\"woocommerce-loop-product__title\">Alina \u0130kili Tak\u0131m TK10049 &#8211; Avakado<\/h2>\n\t<span class=\"price\"><del aria-hidden=\"true\"><span class=\"woocommerce-Price-amount amount\"><bdi><span class=\"woocommerce-Price-currencySymbol\">&#8378;<\/span>5.000,00<\/bdi><\/span><\/del> <span class=\"screen-reader-text\" data-no-translation=\"\" data-trp-gettext=\"\">Original price was: &#8378;5.000,00.<\/span><ins aria-hidden=\"true\"><span class=\"woocommerce-Price-amount amount\"><bdi><span class=\"woocommerce-Price-currencySymbol\">&#8378;<\/span>999,00<\/bdi><\/span><\/ins><span class=\"screen-reader-text\" data-no-translation=\"\" data-trp-gettext=\"\">Current price is: &#8378;999,00.<\/span><\/span>\n<\/a><a href=\"https:\/\/www.europesstore.com\/en\/product\/alina-ikili-takim-tk10049-avakado\/\" aria-describedby=\"woocommerce_loop_add_to_cart_link_describedby_16704\" data-quantity=\"1\" class=\"button product_type_simple\" data-product_id=\"16704\" data-product_sku=\"8682626216829\" aria-label=\"Read more about \u201cAlina \u0130kili Tak\u0131m TK10049 - Avakado\u201d\" rel=\"nofollow\" data-success_message=\"\" data-no-translation=\"\" data-trp-gettext=\"\" data-no-translation-aria-label=\"\">Read more<\/a>\t<span id=\"woocommerce_loop_add_to_cart_link_describedby_16704\" class=\"screen-reader-text\">\n\t\t\t<\/span>\n<\/li>\n<\/ul>\n<\/div><a href=\"#\" class=\"ajax-load-products razzi-button button-larger\" data-page=\"2\" rel=\"nofollow\">\r\n\t\t\t\t\t\t\t\t\t<span class=\"button-text\">Load More<\/span>\r\n\t\t\t\t\t\t\t\t\t<span class=\"dots razzi-gooey\">\r\n\t\t\t\t\t\t\t\t\t\t<span><\/span>\r\n\t\t\t\t\t\t\t\t\t\t<span><\/span>\r\n\t\t\t\t\t\t\t\t\t\t<span><\/span>\r\n\t\t\t\t\t\t\t\t\t<\/span>\r\n\t\t\t\t\t\t\t\t<\/a>\t\t<\/div>\r\n\t\t\t\t\t\t<\/div>\n\t\t\t\t<\/div>\n\t\t\t\t\t<\/div>\n\t\t<\/div>\n\t\t\t\t\t<\/div>\n\t\t<\/section>\n\t\t\t\t<\/div>","protected":false},"excerpt":{"rendered":"<p>Add to cart Quick View Add to wishlist Bag Bag with Flap &pound;&nbsp;8.16 -9% Add to cart Quick View Add to wishlist Dresses Basic Dress Green &pound;&nbsp;174.30 &pound;&nbsp;158.79 NewAdd to cart Quick View Add to wishlist Kids Basic Knit Pompom &pound;&nbsp;101.92 New View products Quick View Add to wishlist T-Shirts Basic Long Sleeve &pound;&nbsp;21.42 &ndash; [&hellip;]<\/p>","protected":false},"author":1,"featured_media":0,"parent":0,"menu_order":0,"comment_status":"closed","ping_status":"closed","template":"","meta":{"footnotes":""},"class_list":["post-6746","page","type-page","status-publish","hentry"],"jetpack_sharing_enabled":true,"_links":{"self":[{"href":"https:\/\/www.europesstore.com\/en\/wp-json\/wp\/v2\/pages\/6746","targetHints":{"allow":["GET"]}}],"collection":[{"href":"https:\/\/www.europesstore.com\/en\/wp-json\/wp\/v2\/pages"}],"about":[{"href":"https:\/\/www.europesstore.com\/en\/wp-json\/wp\/v2\/types\/page"}],"author":[{"embeddable":true,"href":"https:\/\/www.europesstore.com\/en\/wp-json\/wp\/v2\/users\/1"}],"replies":[{"embeddable":true,"href":"https:\/\/www.europesstore.com\/en\/wp-json\/wp\/v2\/comments?post=6746"}],"version-history":[{"count":0,"href":"https:\/\/www.europesstore.com\/en\/wp-json\/wp\/v2\/pages\/6746\/revisions"}],"wp:attachment":[{"href":"https:\/\/www.europesstore.com\/en\/wp-json\/wp\/v2\/media?parent=6746"}],"curies":[{"name":"wp","href":"https:\/\/api.w.org\/{rel}","templated":true}]}}