{"id":7084,"date":"2020-12-30T03:22:01","date_gmt":"2020-12-30T03:22:01","guid":{"rendered":"https:\/\/demo4.drfuri.com\/razzi\/?page_id=7084"},"modified":"2020-12-30T03:22:01","modified_gmt":"2020-12-30T03:22:01","slug":"best-selling","status":"publish","type":"page","link":"https:\/\/www.europesstore.com\/en\/best-selling\/","title":{"rendered":"Best Selling"},"content":{"rendered":"<div data-elementor-type=\"wp-page\" data-elementor-id=\"7084\" class=\"elementor elementor-7084\">\n\t\t\t\t\t\t<section class=\"elementor-section elementor-top-section elementor-element elementor-element-0197311 elementor-section-boxed elementor-section-height-default elementor-section-height-default\" data-id=\"0197311\" data-element_type=\"section\">\n\t\t\t\t\t\t<div class=\"elementor-container elementor-column-gap-default\">\n\t\t\t\t\t<div class=\"elementor-column elementor-col-100 elementor-top-column elementor-element elementor-element-475a50c\" data-id=\"475a50c\" data-element_type=\"column\">\n\t\t\t<div class=\"elementor-widget-wrap elementor-element-populated\">\n\t\t\t\t\t\t<div class=\"elementor-element elementor-element-8d741b9 elementor-widget elementor-widget-razzi-products-grid\" data-id=\"8d741b9\" data-element_type=\"widget\" data-settings=\"{&quot;products&quot;:&quot;best_selling&quot;,&quot;per_page&quot;:8,&quot;columns&quot;:4}\" data-widget_type=\"razzi-products-grid.default\">\n\t\t\t\t<div class=\"elementor-widget-container\">\n\t\t\t\t\t\t\t<div class=\"razzi-products-grid woocommerce\">\r\n\t\t\t<div class=\"product-content\"><ul class=\"products columns-4\">\n<li class=\"product type-product post-20803 status-publish first outofstock product_cat-accessories shipping-taxable purchasable product-type-simple\">\n\t<a href=\"https:\/\/www.europesstore.com\/en\/product\/test3\/\" class=\"woocommerce-LoopProduct-link woocommerce-loop-product__link\"><img fetchpriority=\"high\" decoding=\"async\" width=\"570\" height=\"684\" src=\"https:\/\/www.europesstore.com\/wp-content\/uploads\/woocommerce-placeholder-570x684.webp\" class=\"woocommerce-placeholder wp-post-image\" alt=\"Placeholder\" data-no-translation-alt=\"\" \/><h2 class=\"woocommerce-loop-product__title\">test3<\/h2>\n\t<span class=\"price\"><span class=\"woocommerce-Price-amount amount\"><bdi><span class=\"woocommerce-Price-currencySymbol\">&#8378;<\/span>0,00<\/bdi><\/span><\/span>\n<\/a><a href=\"https:\/\/www.europesstore.com\/en\/product\/test3\/\" aria-describedby=\"woocommerce_loop_add_to_cart_link_describedby_20803\" data-quantity=\"1\" class=\"button product_type_simple\" data-product_id=\"20803\" data-product_sku=\"868238497809\" aria-label=\"Read more about \u201ctest3\u201d\" rel=\"nofollow\" data-success_message=\"\" data-no-translation=\"\" data-trp-gettext=\"\" data-no-translation-aria-label=\"\">Read more<\/a>\t<span id=\"woocommerce_loop_add_to_cart_link_describedby_20803\" class=\"screen-reader-text\">\n\t\t\t<\/span>\n<\/li>\n<li class=\"product type-product post-14007 status-publish outofstock product_cat-coach-canta product_cat-genel has-post-thumbnail sale shipping-taxable purchasable product-type-simple\">\n\t<a href=\"https:\/\/www.europesstore.com\/en\/product\/coach-gofraj-ay-modeli-orta-boy-siyah\/\" class=\"woocommerce-LoopProduct-link woocommerce-loop-product__link\">\n\t<span class=\"onsale\" data-no-translation=\"\" data-trp-gettext=\"\">Sale!<\/span>\n\t<img decoding=\"async\" width=\"570\" height=\"684\" src=\"https:\/\/www.europesstore.com\/wp-content\/uploads\/2026\/01\/7ujlFd0Kp7YlBsyHGYH7uiXgA7P2Cgj1SXA8d9gv-570x684.jpg\" class=\"attachment-woocommerce_thumbnail size-woocommerce_thumbnail\" alt=\"Coach Gofraj ay modeli orta boy pembe\" \/><h2 class=\"woocommerce-loop-product__title\">Coach Gofraj ay modeli orta boy pembe<\/h2>\n\t<span class=\"price\"><del aria-hidden=\"true\"><span class=\"woocommerce-Price-amount amount\"><bdi><span class=\"woocommerce-Price-currencySymbol\">&#8378;<\/span>1.700,00<\/bdi><\/span><\/del> <span class=\"screen-reader-text\" data-no-translation=\"\" data-trp-gettext=\"\">Original price was: &#8378;1.700,00.<\/span><ins aria-hidden=\"true\"><span class=\"woocommerce-Price-amount amount\"><bdi><span class=\"woocommerce-Price-currencySymbol\">&#8378;<\/span>700,00<\/bdi><\/span><\/ins><span class=\"screen-reader-text\" data-no-translation=\"\" data-trp-gettext=\"\">Current price is: &#8378;700,00.<\/span><\/span>\n<\/a><a href=\"https:\/\/www.europesstore.com\/en\/product\/coach-gofraj-ay-modeli-orta-boy-siyah\/\" aria-describedby=\"woocommerce_loop_add_to_cart_link_describedby_14007\" data-quantity=\"1\" class=\"button product_type_simple\" data-product_id=\"14007\" data-product_sku=\"414\" aria-label=\"Read more about \u201cCoach Gofraj ay modeli orta boy pembe\u201d\" rel=\"nofollow\" data-success_message=\"\" data-no-translation=\"\" data-trp-gettext=\"\" data-no-translation-aria-label=\"\">Read more<\/a>\t<span id=\"woocommerce_loop_add_to_cart_link_describedby_14007\" class=\"screen-reader-text\">\n\t\t\t<\/span>\n<\/li>\n<li class=\"product type-product post-13916 status-publish instock product_cat-coach-canta product_cat-genel has-post-thumbnail sale shipping-taxable purchasable product-type-simple\">\n\t<a href=\"https:\/\/www.europesstore.com\/en\/product\/coach-22-cm-speddy\/\" class=\"woocommerce-LoopProduct-link woocommerce-loop-product__link\">\n\t<span class=\"onsale\" data-no-translation=\"\" data-trp-gettext=\"\">Sale!<\/span>\n\t<img decoding=\"async\" width=\"570\" height=\"684\" src=\"https:\/\/www.europesstore.com\/wp-content\/uploads\/2026\/01\/DZCCsuYcGOQB5DgQ9ziqQ7rVkCwfFS8ZwWWvVVKT-570x684.jpg\" class=\"attachment-woocommerce_thumbnail size-woocommerce_thumbnail\" alt=\"Coach 22 cm speddy\" \/><h2 class=\"woocommerce-loop-product__title\">Coach 22 cm speddy<\/h2>\n\t<span class=\"price\"><del aria-hidden=\"true\"><span class=\"woocommerce-Price-amount amount\"><bdi><span class=\"woocommerce-Price-currencySymbol\">&#8378;<\/span>1.750,00<\/bdi><\/span><\/del> <span class=\"screen-reader-text\" data-no-translation=\"\" data-trp-gettext=\"\">Original price was: &#8378;1.750,00.<\/span><ins aria-hidden=\"true\"><span class=\"woocommerce-Price-amount amount\"><bdi><span class=\"woocommerce-Price-currencySymbol\">&#8378;<\/span>800,00<\/bdi><\/span><\/ins><span class=\"screen-reader-text\" data-no-translation=\"\" data-trp-gettext=\"\">Current price is: &#8378;800,00.<\/span><\/span>\n<\/a><a href=\"\/en\/wp-json\/wp\/v2\/pages\/7084?add-to-cart=13916\" aria-describedby=\"woocommerce_loop_add_to_cart_link_describedby_13916\" data-quantity=\"1\" class=\"button product_type_simple add_to_cart_button ajax_add_to_cart\" data-product_id=\"13916\" data-product_sku=\"160\" aria-label=\"Add to cart: \u201cCoach 22 cm speddy\u201d\" rel=\"nofollow\" data-success_message=\"\u201cCoach 22 cm speddy\u201d has been added to your cart\" role=\"button\" data-no-translation=\"\" data-trp-gettext=\"\" data-no-translation-aria-label=\"\" data-no-translation-data-success_message=\"\">Add to cart<\/a>\t<span id=\"woocommerce_loop_add_to_cart_link_describedby_13916\" class=\"screen-reader-text\">\n\t\t\t<\/span>\n<\/li>\n<li class=\"product type-product post-13985 status-publish last instock product_cat-coach-canta product_cat-genel has-post-thumbnail sale shipping-taxable purchasable product-type-simple\">\n\t<a href=\"https:\/\/www.europesstore.com\/en\/product\/coach-monogram-orta-boy-capraz-kum\/\" class=\"woocommerce-LoopProduct-link woocommerce-loop-product__link\">\n\t<span class=\"onsale\" data-no-translation=\"\" data-trp-gettext=\"\">Sale!<\/span>\n\t<img loading=\"lazy\" decoding=\"async\" width=\"570\" height=\"684\" src=\"https:\/\/www.europesstore.com\/wp-content\/uploads\/2026\/01\/wmYVyESNqiLd4c4HXHKqk23zc2nX5DHPjSsa4qmL-570x684.jpg\" class=\"attachment-woocommerce_thumbnail size-woocommerce_thumbnail\" alt=\"Coach monogram \u00e7apraz kahve\" \/><h2 class=\"woocommerce-loop-product__title\">Coach monogram \u00e7apraz kahve<\/h2>\n\t<span class=\"price\"><del aria-hidden=\"true\"><span class=\"woocommerce-Price-amount amount\"><bdi><span class=\"woocommerce-Price-currencySymbol\">&#8378;<\/span>1.700,00<\/bdi><\/span><\/del> <span class=\"screen-reader-text\" data-no-translation=\"\" data-trp-gettext=\"\">Original price was: &#8378;1.700,00.<\/span><ins aria-hidden=\"true\"><span class=\"woocommerce-Price-amount amount\"><bdi><span class=\"woocommerce-Price-currencySymbol\">&#8378;<\/span>700,00<\/bdi><\/span><\/ins><span class=\"screen-reader-text\" data-no-translation=\"\" data-trp-gettext=\"\">Current price is: &#8378;700,00.<\/span><\/span>\n<\/a><a href=\"\/en\/wp-json\/wp\/v2\/pages\/7084?add-to-cart=13985\" aria-describedby=\"woocommerce_loop_add_to_cart_link_describedby_13985\" data-quantity=\"1\" class=\"button product_type_simple add_to_cart_button ajax_add_to_cart\" data-product_id=\"13985\" data-product_sku=\"410\" aria-label=\"Add to cart: \u201cCoach monogram \u00e7apraz kahve\u201d\" rel=\"nofollow\" data-success_message=\"\u201cCoach monogram \u00e7apraz kahve\u201d has been added to your cart\" role=\"button\" data-no-translation=\"\" data-trp-gettext=\"\" data-no-translation-aria-label=\"\" data-no-translation-data-success_message=\"\">Add to cart<\/a>\t<span id=\"woocommerce_loop_add_to_cart_link_describedby_13985\" class=\"screen-reader-text\">\n\t\t\t<\/span>\n<\/li>\n<li class=\"product type-product post-15057 status-publish first instock product_cat-1-saatte-bitecek product_cat-3-saatlik-indirim product_cat-cok-satanlar product_cat-desenli-sal product_cat-duz-sal product_cat-etro-pamuk-sal product_cat-gozluk product_cat-jakar-sal product_cat-ne-alirsan-100-tl product_cat-tek-fiyat-149-tl product_cat-tek-fiyat-199-tl product_cat-tek-fiyat has-post-thumbnail sale shipping-taxable purchasable product-type-simple\">\n\t<a href=\"https:\/\/www.europesstore.com\/en\/product\/etnik-ithal-pamuk-jakar-ipek-sal-siyah\/\" class=\"woocommerce-LoopProduct-link woocommerce-loop-product__link\">\n\t<span class=\"onsale\" data-no-translation=\"\" data-trp-gettext=\"\">Sale!<\/span>\n\t<img loading=\"lazy\" decoding=\"async\" width=\"570\" height=\"684\" src=\"https:\/\/www.europesstore.com\/wp-content\/uploads\/2025\/12\/fc8f88f8-a72d-4018-9428-487171d68cd6-2-scaled-1-570x684.jpeg\" class=\"attachment-woocommerce_thumbnail size-woocommerce_thumbnail\" alt=\"Etnik \u0130thal Pamuk Jakar \u0130pek \u015eal - S\u0130YAH\" \/><h2 class=\"woocommerce-loop-product__title\">Etnik \u0130thal Pamuk Jakar \u0130pek \u015eal &#8211; S\u0130YAH<\/h2>\n\t<span class=\"price\"><del aria-hidden=\"true\"><span class=\"woocommerce-Price-amount amount\"><bdi><span class=\"woocommerce-Price-currencySymbol\">&#8378;<\/span>5.000,00<\/bdi><\/span><\/del> <span class=\"screen-reader-text\" data-no-translation=\"\" data-trp-gettext=\"\">Original price was: &#8378;5.000,00.<\/span><ins aria-hidden=\"true\"><span class=\"woocommerce-Price-amount amount\"><bdi><span class=\"woocommerce-Price-currencySymbol\">&#8378;<\/span>149,00<\/bdi><\/span><\/ins><span class=\"screen-reader-text\" data-no-translation=\"\" data-trp-gettext=\"\">Current price is: &#8378;149,00.<\/span><\/span>\n<\/a><a href=\"\/en\/wp-json\/wp\/v2\/pages\/7084?add-to-cart=15057\" aria-describedby=\"woocommerce_loop_add_to_cart_link_describedby_15057\" data-quantity=\"1\" class=\"button product_type_simple add_to_cart_button ajax_add_to_cart\" data-product_id=\"15057\" data-product_sku=\"10021B\" aria-label=\"Add to cart: \u201cEtnik \u0130thal Pamuk Jakar \u0130pek \u015eal - S\u0130YAH\u201d\" rel=\"nofollow\" data-success_message=\"\u201cEtnik \u0130thal Pamuk Jakar \u0130pek \u015eal - S\u0130YAH\u201d has been added to your cart\" role=\"button\" data-no-translation=\"\" data-trp-gettext=\"\" data-no-translation-aria-label=\"\" data-no-translation-data-success_message=\"\">Add to cart<\/a>\t<span id=\"woocommerce_loop_add_to_cart_link_describedby_15057\" class=\"screen-reader-text\">\n\t\t\t<\/span>\n<\/li>\n<li class=\"product type-product post-15495 status-publish instock product_cat-gozluk product_cat-yeni-gelenler has-post-thumbnail sale shipping-taxable purchasable product-type-simple\">\n\t<a href=\"https:\/\/www.europesstore.com\/en\/product\/ysl-original-premium-full-set-gunes-gozlugu-siyah\/\" class=\"woocommerce-LoopProduct-link woocommerce-loop-product__link\">\n\t<span class=\"onsale\" data-no-translation=\"\" data-trp-gettext=\"\">Sale!<\/span>\n\t<img loading=\"lazy\" decoding=\"async\" width=\"570\" height=\"684\" src=\"https:\/\/www.europesstore.com\/wp-content\/uploads\/2025\/12\/Adsiz20tasarim20-202025-06-28T163259.882-570x684.jpg\" class=\"attachment-woocommerce_thumbnail size-woocommerce_thumbnail\" alt=\"YSL Original Premium Full Set G\u00fcne\u015f G\u00f6zl\u00fc\u011f\u00fc -Siyah\" \/><h2 class=\"woocommerce-loop-product__title\">YSL Original Premium Full Set G\u00fcne\u015f G\u00f6zl\u00fc\u011f\u00fc -Siyah<\/h2>\n\t<span class=\"price\"><del aria-hidden=\"true\"><span class=\"woocommerce-Price-amount amount\"><bdi><span class=\"woocommerce-Price-currencySymbol\">&#8378;<\/span>4.000,00<\/bdi><\/span><\/del> <span class=\"screen-reader-text\" data-no-translation=\"\" data-trp-gettext=\"\">Original price was: &#8378;4.000,00.<\/span><ins aria-hidden=\"true\"><span class=\"woocommerce-Price-amount amount\"><bdi><span class=\"woocommerce-Price-currencySymbol\">&#8378;<\/span>749,00<\/bdi><\/span><\/ins><span class=\"screen-reader-text\" data-no-translation=\"\" data-trp-gettext=\"\">Current price is: &#8378;749,00.<\/span><\/span>\n<\/a><a href=\"\/en\/wp-json\/wp\/v2\/pages\/7084?add-to-cart=15495\" aria-describedby=\"woocommerce_loop_add_to_cart_link_describedby_15495\" data-quantity=\"1\" class=\"button product_type_simple add_to_cart_button ajax_add_to_cart\" data-product_id=\"15495\" data-product_sku=\"8682626211551\" aria-label=\"Add to cart: \u201cYSL Original Premium Full Set G\u00fcne\u015f G\u00f6zl\u00fc\u011f\u00fc -Siyah\u201d\" rel=\"nofollow\" data-success_message=\"\u201cYSL Original Premium Full Set G\u00fcne\u015f G\u00f6zl\u00fc\u011f\u00fc -Siyah\u201d has been added to your cart\" role=\"button\" data-no-translation=\"\" data-trp-gettext=\"\" data-no-translation-aria-label=\"\" data-no-translation-data-success_message=\"\">Add to cart<\/a>\t<span id=\"woocommerce_loop_add_to_cart_link_describedby_15495\" class=\"screen-reader-text\">\n\t\t\t<\/span>\n<\/li>\n<li class=\"product type-product post-15568 status-publish instock product_cat-gozluk product_cat-yeni-gelenler has-post-thumbnail sale shipping-taxable purchasable product-type-simple\">\n\t<a href=\"https:\/\/www.europesstore.com\/en\/product\/miu-miu-cam-detayli-gunes-gozlugu-gumus-lacivert\/\" class=\"woocommerce-LoopProduct-link woocommerce-loop-product__link\">\n\t<span class=\"onsale\" data-no-translation=\"\" data-trp-gettext=\"\">Sale!<\/span>\n\t<img loading=\"lazy\" decoding=\"async\" width=\"570\" height=\"684\" src=\"https:\/\/www.europesstore.com\/wp-content\/uploads\/2025\/12\/c2016-570x684.jpg\" class=\"attachment-woocommerce_thumbnail size-woocommerce_thumbnail\" alt=\"Miu Miu Cam Detayl\u0131 G\u00fcne\u015f G\u00f6zl\u00fc\u011f\u00fc - G\u00fcm\u00fc\u015f Lacivert\" \/><h2 class=\"woocommerce-loop-product__title\">Miu Miu Cam Detayl\u0131 G\u00fcne\u015f G\u00f6zl\u00fc\u011f\u00fc &#8211; G\u00fcm\u00fc\u015f Lacivert<\/h2>\n\t<span class=\"price\"><del aria-hidden=\"true\"><span class=\"woocommerce-Price-amount amount\"><bdi><span class=\"woocommerce-Price-currencySymbol\">&#8378;<\/span>3.000,00<\/bdi><\/span><\/del> <span class=\"screen-reader-text\" data-no-translation=\"\" data-trp-gettext=\"\">Original price was: &#8378;3.000,00.<\/span><ins aria-hidden=\"true\"><span class=\"woocommerce-Price-amount amount\"><bdi><span class=\"woocommerce-Price-currencySymbol\">&#8378;<\/span>749,00<\/bdi><\/span><\/ins><span class=\"screen-reader-text\" data-no-translation=\"\" data-trp-gettext=\"\">Current price is: &#8378;749,00.<\/span><\/span>\n<\/a><a href=\"\/en\/wp-json\/wp\/v2\/pages\/7084?add-to-cart=15568\" aria-describedby=\"woocommerce_loop_add_to_cart_link_describedby_15568\" data-quantity=\"1\" class=\"button product_type_simple add_to_cart_button ajax_add_to_cart\" data-product_id=\"15568\" data-product_sku=\"8682626211988\" aria-label=\"Add to cart: \u201cMiu Miu Cam Detayl\u0131 G\u00fcne\u015f G\u00f6zl\u00fc\u011f\u00fc - G\u00fcm\u00fc\u015f Lacivert\u201d\" rel=\"nofollow\" data-success_message=\"\u201cMiu Miu Cam Detayl\u0131 G\u00fcne\u015f G\u00f6zl\u00fc\u011f\u00fc - G\u00fcm\u00fc\u015f Lacivert\u201d has been added to your cart\" role=\"button\" data-no-translation=\"\" data-trp-gettext=\"\" data-no-translation-aria-label=\"\" data-no-translation-data-success_message=\"\">Add to cart<\/a>\t<span id=\"woocommerce_loop_add_to_cart_link_describedby_15568\" class=\"screen-reader-text\">\n\t\t\t<\/span>\n<\/li>\n<li class=\"product type-product post-14026 status-publish last instock product_cat-coach-canta product_cat-genel has-post-thumbnail sale shipping-taxable purchasable product-type-simple\">\n\t<a href=\"https:\/\/www.europesstore.com\/en\/product\/coach-gofraj-kucuk-boy-ay-canta-siyah\/\" class=\"woocommerce-LoopProduct-link woocommerce-loop-product__link\">\n\t<span class=\"onsale\" data-no-translation=\"\" data-trp-gettext=\"\">Sale!<\/span>\n\t<img loading=\"lazy\" decoding=\"async\" width=\"570\" height=\"684\" src=\"https:\/\/www.europesstore.com\/wp-content\/uploads\/2026\/01\/mgPrejLtHp0X1wN2KUArjcOnBHJPKVRyvSca6hK2-570x684.jpg\" class=\"attachment-woocommerce_thumbnail size-woocommerce_thumbnail\" alt=\"Coach Gofraj k\u00fc\u00e7\u00fck boy ay \u00e7anta mint ye\u015fili\" \/><h2 class=\"woocommerce-loop-product__title\">Coach Gofraj k\u00fc\u00e7\u00fck boy ay \u00e7anta mint ye\u015fili<\/h2>\n\t<span class=\"price\"><del aria-hidden=\"true\"><span class=\"woocommerce-Price-amount amount\"><bdi><span class=\"woocommerce-Price-currencySymbol\">&#8378;<\/span>1.704,00<\/bdi><\/span><\/del> <span class=\"screen-reader-text\" data-no-translation=\"\" data-trp-gettext=\"\">Original price was: &#8378;1.704,00.<\/span><ins aria-hidden=\"true\"><span class=\"woocommerce-Price-amount amount\"><bdi><span class=\"woocommerce-Price-currencySymbol\">&#8378;<\/span>704,00<\/bdi><\/span><\/ins><span class=\"screen-reader-text\" data-no-translation=\"\" data-trp-gettext=\"\">Current price is: &#8378;704,00.<\/span><\/span>\n<\/a><a href=\"\/en\/wp-json\/wp\/v2\/pages\/7084?add-to-cart=14026\" aria-describedby=\"woocommerce_loop_add_to_cart_link_describedby_14026\" data-quantity=\"1\" class=\"button product_type_simple add_to_cart_button ajax_add_to_cart\" data-product_id=\"14026\" data-product_sku=\"415\" aria-label=\"Add to cart: \u201cCoach Gofraj k\u00fc\u00e7\u00fck boy ay \u00e7anta mint ye\u015fili\u201d\" rel=\"nofollow\" data-success_message=\"\u201cCoach Gofraj k\u00fc\u00e7\u00fck boy ay \u00e7anta mint ye\u015fili\u201d has been added to your cart\" role=\"button\" data-no-translation=\"\" data-trp-gettext=\"\" data-no-translation-aria-label=\"\" data-no-translation-data-success_message=\"\">Add to cart<\/a>\t<span id=\"woocommerce_loop_add_to_cart_link_describedby_14026\" class=\"screen-reader-text\">\n\t\t\t<\/span>\n<\/li>\n<\/ul>\n<\/div><a href=\"#\" class=\"ajax-load-products razzi-button button-larger\" data-page=\"2\" rel=\"nofollow\">\r\n\t\t\t\t\t\t\t\t\t<span class=\"button-text\">Load More<\/span>\r\n\t\t\t\t\t\t\t\t\t<span class=\"dots razzi-gooey\">\r\n\t\t\t\t\t\t\t\t\t\t<span><\/span>\r\n\t\t\t\t\t\t\t\t\t\t<span><\/span>\r\n\t\t\t\t\t\t\t\t\t\t<span><\/span>\r\n\t\t\t\t\t\t\t\t\t<\/span>\r\n\t\t\t\t\t\t\t\t<\/a>\t\t<\/div>\r\n\t\t\t\t\t\t<\/div>\n\t\t\t\t<\/div>\n\t\t\t\t\t<\/div>\n\t\t<\/div>\n\t\t\t\t\t<\/div>\n\t\t<\/section>\n\t\t\t\t<\/div>","protected":false},"excerpt":{"rendered":"<p>NewAdd to cart Quick View Add to wishlist T-Shirts Crew Neck T-shirt &pound;&nbsp;98.96 -9% Add to cart Quick View Add to wishlist Dresses Basic Dress Green &pound;&nbsp;174.30 &pound;&nbsp;158.79 NewAdd to cart Quick View Add to wishlist Kids Hiking Boots &pound;&nbsp;56.87 Add to cart Quick View Add to wishlist Bag Cross Body Mini Bag &pound;&nbsp;29.54 NewAdd [&hellip;]<\/p>","protected":false},"author":1,"featured_media":0,"parent":0,"menu_order":0,"comment_status":"closed","ping_status":"closed","template":"","meta":{"footnotes":""},"class_list":["post-7084","page","type-page","status-publish","hentry"],"jetpack_sharing_enabled":true,"_links":{"self":[{"href":"https:\/\/www.europesstore.com\/en\/wp-json\/wp\/v2\/pages\/7084","targetHints":{"allow":["GET"]}}],"collection":[{"href":"https:\/\/www.europesstore.com\/en\/wp-json\/wp\/v2\/pages"}],"about":[{"href":"https:\/\/www.europesstore.com\/en\/wp-json\/wp\/v2\/types\/page"}],"author":[{"embeddable":true,"href":"https:\/\/www.europesstore.com\/en\/wp-json\/wp\/v2\/users\/1"}],"replies":[{"embeddable":true,"href":"https:\/\/www.europesstore.com\/en\/wp-json\/wp\/v2\/comments?post=7084"}],"version-history":[{"count":0,"href":"https:\/\/www.europesstore.com\/en\/wp-json\/wp\/v2\/pages\/7084\/revisions"}],"wp:attachment":[{"href":"https:\/\/www.europesstore.com\/en\/wp-json\/wp\/v2\/media?parent=7084"}],"curies":[{"name":"wp","href":"https:\/\/api.w.org\/{rel}","templated":true}]}}