{"id":7094,"date":"2020-12-30T03:25:26","date_gmt":"2020-12-30T03:25:26","guid":{"rendered":"https:\/\/demo4.drfuri.com\/razzi\/?page_id=7094"},"modified":"2020-12-30T03:25:26","modified_gmt":"2020-12-30T03:25:26","slug":"featured","status":"publish","type":"page","link":"https:\/\/www.europesstore.com\/en\/featured\/","title":{"rendered":"Featured"},"content":{"rendered":"<div data-elementor-type=\"wp-page\" data-elementor-id=\"7094\" class=\"elementor elementor-7094\">\n\t\t\t\t\t\t<section class=\"elementor-section elementor-top-section elementor-element elementor-element-0e8a2ff elementor-section-boxed elementor-section-height-default elementor-section-height-default\" data-id=\"0e8a2ff\" data-element_type=\"section\">\n\t\t\t\t\t\t<div class=\"elementor-container elementor-column-gap-default\">\n\t\t\t\t\t<div class=\"elementor-column elementor-col-100 elementor-top-column elementor-element elementor-element-29526bb\" data-id=\"29526bb\" data-element_type=\"column\">\n\t\t\t<div class=\"elementor-widget-wrap elementor-element-populated\">\n\t\t\t\t\t\t<div class=\"elementor-element elementor-element-696de29 elementor-widget elementor-widget-razzi-products-grid\" data-id=\"696de29\" data-element_type=\"widget\" data-settings=\"{&quot;products&quot;:&quot;featured&quot;,&quot;per_page&quot;:8,&quot;columns&quot;:4}\" data-widget_type=\"razzi-products-grid.default\">\n\t\t\t\t<div class=\"elementor-widget-container\">\n\t\t\t\t\t\t\t<div class=\"razzi-products-grid woocommerce\">\r\n\t\t\t<div class=\"product-content\"><ul class=\"products columns-4\">\n<li class=\"product type-product post-15003 status-publish first outofstock product_cat-gozluk product_tag-gozluk has-post-thumbnail sale featured shipping-taxable purchasable product-type-simple\">\n\t<a href=\"https:\/\/www.europesstore.com\/en\/product\/celine-triomphe-metal-02-cl-40254u-gold-kahve-kadin-gunes-gozlugu\/\" class=\"woocommerce-LoopProduct-link woocommerce-loop-product__link\">\n\t<span class=\"onsale\" data-no-translation=\"\" data-trp-gettext=\"\">Sale!<\/span>\n\t<img fetchpriority=\"high\" decoding=\"async\" width=\"570\" height=\"684\" src=\"https:\/\/www.europesstore.com\/wp-content\/uploads\/2025\/12\/3ae2f49b-de74-4f1e-9e03-40c81ad6cff4-1719761433-1-570x684.jpeg\" class=\"attachment-woocommerce_thumbnail size-woocommerce_thumbnail\" alt=\"Celine Triomphe Metal 02 CL 40254U Gold\/Kahve Kad\u0131n G\u00fcne\u015f G\u00f6zl\u00fc\u011f\u00fc\" \/><h2 class=\"woocommerce-loop-product__title\">Celine Triomphe Metal 02 CL 40254U Gold\/Kahve Kad\u0131n G\u00fcne\u015f G\u00f6zl\u00fc\u011f\u00fc<\/h2>\n\t<span class=\"price\"><del aria-hidden=\"true\"><span class=\"woocommerce-Price-amount amount\"><bdi><span class=\"woocommerce-Price-currencySymbol\">&#8378;<\/span>16.000,00<\/bdi><\/span><\/del> <span class=\"screen-reader-text\" data-no-translation=\"\" data-trp-gettext=\"\">Original price was: &#8378;16.000,00.<\/span><ins aria-hidden=\"true\"><span class=\"woocommerce-Price-amount amount\"><bdi><span class=\"woocommerce-Price-currencySymbol\">&#8378;<\/span>745,00<\/bdi><\/span><\/ins><span class=\"screen-reader-text\" data-no-translation=\"\" data-trp-gettext=\"\">Current price is: &#8378;745,00.<\/span><\/span>\n<\/a><a href=\"https:\/\/www.europesstore.com\/en\/product\/celine-triomphe-metal-02-cl-40254u-gold-kahve-kadin-gunes-gozlugu\/\" aria-describedby=\"woocommerce_loop_add_to_cart_link_describedby_15003\" data-quantity=\"1\" class=\"button product_type_simple\" data-product_id=\"15003\" data-product_sku=\"4254U2\" aria-label=\"Read more about \u201cCeline Triomphe Metal 02 CL 40254U Gold\/Kahve Kad\u0131n G\u00fcne\u015f G\u00f6zl\u00fc\u011f\u00fc\u201d\" rel=\"nofollow\" data-success_message=\"\" data-no-translation=\"\" data-trp-gettext=\"\" data-no-translation-aria-label=\"\">Read more<\/a>\t<span id=\"woocommerce_loop_add_to_cart_link_describedby_15003\" class=\"screen-reader-text\">\n\t\t\t<\/span>\n<\/li>\n<li class=\"product type-product post-14978 status-publish outofstock product_cat-gozluk product_tag-gozluk has-post-thumbnail sale featured shipping-taxable purchasable product-type-simple\">\n\t<a href=\"https:\/\/www.europesstore.com\/en\/product\/celine-triomphe-metal-02-cl-40254u-gold-siyah-kadin-gunes-gozlugu\/\" class=\"woocommerce-LoopProduct-link woocommerce-loop-product__link\">\n\t<span class=\"onsale\" data-no-translation=\"\" data-trp-gettext=\"\">Sale!<\/span>\n\t<img decoding=\"async\" width=\"570\" height=\"684\" src=\"https:\/\/www.europesstore.com\/wp-content\/uploads\/2025\/12\/celine-1719758162-570x684.jpeg\" class=\"attachment-woocommerce_thumbnail size-woocommerce_thumbnail\" alt=\"Celine Triomphe Metal 02 CL 40254U Gold\/Siyah Kad\u0131n G\u00fcne\u015f G\u00f6zl\u00fc\u011f\u00fc\" srcset=\"https:\/\/www.europesstore.com\/wp-content\/uploads\/2025\/12\/celine-1719758162-570x684.jpeg 570w, https:\/\/www.europesstore.com\/wp-content\/uploads\/2025\/12\/celine-1719758162-250x300.jpeg 250w, https:\/\/www.europesstore.com\/wp-content\/uploads\/2025\/12\/celine-1719758162-855x1024.jpeg 855w, https:\/\/www.europesstore.com\/wp-content\/uploads\/2025\/12\/celine-1719758162-768x920.jpeg 768w, https:\/\/www.europesstore.com\/wp-content\/uploads\/2025\/12\/celine-1719758162-1282x1536.jpeg 1282w, https:\/\/www.europesstore.com\/wp-content\/uploads\/2025\/12\/celine-1719758162-600x719.jpeg 600w, https:\/\/www.europesstore.com\/wp-content\/uploads\/2025\/12\/celine-1719758162.jpeg 1709w\" sizes=\"(max-width: 570px) 100vw, 570px\" \/><h2 class=\"woocommerce-loop-product__title\">Celine Triomphe Metal 02 CL 40254U Gold\/Siyah Kad\u0131n G\u00fcne\u015f G\u00f6zl\u00fc\u011f\u00fc<\/h2>\n\t<span class=\"price\"><del aria-hidden=\"true\"><span class=\"woocommerce-Price-amount amount\"><bdi><span class=\"woocommerce-Price-currencySymbol\">&#8378;<\/span>16.000,00<\/bdi><\/span><\/del> <span class=\"screen-reader-text\" data-no-translation=\"\" data-trp-gettext=\"\">Original price was: &#8378;16.000,00.<\/span><ins aria-hidden=\"true\"><span class=\"woocommerce-Price-amount amount\"><bdi><span class=\"woocommerce-Price-currencySymbol\">&#8378;<\/span>745,00<\/bdi><\/span><\/ins><span class=\"screen-reader-text\" data-no-translation=\"\" data-trp-gettext=\"\">Current price is: &#8378;745,00.<\/span><\/span>\n<\/a><a href=\"https:\/\/www.europesstore.com\/en\/product\/celine-triomphe-metal-02-cl-40254u-gold-siyah-kadin-gunes-gozlugu\/\" aria-describedby=\"woocommerce_loop_add_to_cart_link_describedby_14978\" data-quantity=\"1\" class=\"button product_type_simple\" data-product_id=\"14978\" data-product_sku=\"40254U\" aria-label=\"Read more about \u201cCeline Triomphe Metal 02 CL 40254U Gold\/Siyah Kad\u0131n G\u00fcne\u015f G\u00f6zl\u00fc\u011f\u00fc\u201d\" rel=\"nofollow\" data-success_message=\"\" data-no-translation=\"\" data-trp-gettext=\"\" data-no-translation-aria-label=\"\">Read more<\/a>\t<span id=\"woocommerce_loop_add_to_cart_link_describedby_14978\" class=\"screen-reader-text\">\n\t\t\t<\/span>\n<\/li>\n<li class=\"product type-product post-15004 status-publish outofstock product_cat-gozluk product_tag-gozluk has-post-thumbnail sale featured shipping-taxable purchasable product-type-simple\">\n\t<a href=\"https:\/\/www.europesstore.com\/en\/product\/celine-triomphe-metal-02-cl-40254u-silver-kadin-gunes-gozlugu\/\" class=\"woocommerce-LoopProduct-link woocommerce-loop-product__link\">\n\t<span class=\"onsale\" data-no-translation=\"\" data-trp-gettext=\"\">Sale!<\/span>\n\t<img decoding=\"async\" width=\"570\" height=\"684\" src=\"https:\/\/www.europesstore.com\/wp-content\/uploads\/2025\/12\/de738462-1ec7-45c1-a666-2f06eda36d6e-1719761367-1-570x684.jpeg\" class=\"attachment-woocommerce_thumbnail size-woocommerce_thumbnail\" alt=\"Celine Triomphe Metal 02 CL 40254U Silver Kad\u0131n G\u00fcne\u015f G\u00f6zl\u00fc\u011f\u00fc\" \/><h2 class=\"woocommerce-loop-product__title\">Celine Triomphe Metal 02 CL 40254U Silver Kad\u0131n G\u00fcne\u015f G\u00f6zl\u00fc\u011f\u00fc<\/h2>\n\t<span class=\"price\"><del aria-hidden=\"true\"><span class=\"woocommerce-Price-amount amount\"><bdi><span class=\"woocommerce-Price-currencySymbol\">&#8378;<\/span>16.000,00<\/bdi><\/span><\/del> <span class=\"screen-reader-text\" data-no-translation=\"\" data-trp-gettext=\"\">Original price was: &#8378;16.000,00.<\/span><ins aria-hidden=\"true\"><span class=\"woocommerce-Price-amount amount\"><bdi><span class=\"woocommerce-Price-currencySymbol\">&#8378;<\/span>745,00<\/bdi><\/span><\/ins><span class=\"screen-reader-text\" data-no-translation=\"\" data-trp-gettext=\"\">Current price is: &#8378;745,00.<\/span><\/span>\n<\/a><a href=\"https:\/\/www.europesstore.com\/en\/product\/celine-triomphe-metal-02-cl-40254u-silver-kadin-gunes-gozlugu\/\" aria-describedby=\"woocommerce_loop_add_to_cart_link_describedby_15004\" data-quantity=\"1\" class=\"button product_type_simple\" data-product_id=\"15004\" data-product_sku=\"4254U1\" aria-label=\"Read more about \u201cCeline Triomphe Metal 02 CL 40254U Silver Kad\u0131n G\u00fcne\u015f G\u00f6zl\u00fc\u011f\u00fc\u201d\" rel=\"nofollow\" data-success_message=\"\" data-no-translation=\"\" data-trp-gettext=\"\" data-no-translation-aria-label=\"\">Read more<\/a>\t<span id=\"woocommerce_loop_add_to_cart_link_describedby_15004\" class=\"screen-reader-text\">\n\t\t\t<\/span>\n<\/li>\n<li class=\"product type-product post-14960 status-publish last outofstock product_cat-gozluk product_tag-gozluk has-post-thumbnail sale featured shipping-taxable purchasable product-type-simple\">\n\t<a href=\"https:\/\/www.europesstore.com\/en\/product\/fendi-first-fe-4075us-30a-kadin-gunes-gozlugu\/\" class=\"woocommerce-LoopProduct-link woocommerce-loop-product__link\">\n\t<span class=\"onsale\" data-no-translation=\"\" data-trp-gettext=\"\">Sale!<\/span>\n\t<img loading=\"lazy\" decoding=\"async\" width=\"570\" height=\"684\" src=\"https:\/\/www.europesstore.com\/wp-content\/uploads\/2025\/12\/j-1719753798-570x684.jpeg\" class=\"attachment-woocommerce_thumbnail size-woocommerce_thumbnail\" alt=\"Fendi First Fe 4075us 30a Kad\u0131n G\u00fcne\u015f G\u00f6zl\u00fc\u011f\u00fc\" \/><h2 class=\"woocommerce-loop-product__title\">Fendi First Fe 4075us 30a Kad\u0131n G\u00fcne\u015f G\u00f6zl\u00fc\u011f\u00fc<\/h2>\n\t<span class=\"price\"><del aria-hidden=\"true\"><span class=\"woocommerce-Price-amount amount\"><bdi><span class=\"woocommerce-Price-currencySymbol\">&#8378;<\/span>15.000,00<\/bdi><\/span><\/del> <span class=\"screen-reader-text\" data-no-translation=\"\" data-trp-gettext=\"\">Original price was: &#8378;15.000,00.<\/span><ins aria-hidden=\"true\"><span class=\"woocommerce-Price-amount amount\"><bdi><span class=\"woocommerce-Price-currencySymbol\">&#8378;<\/span>745,00<\/bdi><\/span><\/ins><span class=\"screen-reader-text\" data-no-translation=\"\" data-trp-gettext=\"\">Current price is: &#8378;745,00.<\/span><\/span>\n<\/a><a href=\"https:\/\/www.europesstore.com\/en\/product\/fendi-first-fe-4075us-30a-kadin-gunes-gozlugu\/\" aria-describedby=\"woocommerce_loop_add_to_cart_link_describedby_14960\" data-quantity=\"1\" class=\"button product_type_simple\" data-product_id=\"14960\" data-product_sku=\"4075-8\" aria-label=\"Read more about \u201cFendi First Fe 4075us 30a Kad\u0131n G\u00fcne\u015f G\u00f6zl\u00fc\u011f\u00fc\u201d\" rel=\"nofollow\" data-success_message=\"\" data-no-translation=\"\" data-trp-gettext=\"\" data-no-translation-aria-label=\"\">Read more<\/a>\t<span id=\"woocommerce_loop_add_to_cart_link_describedby_14960\" class=\"screen-reader-text\">\n\t\t\t<\/span>\n<\/li>\n<li class=\"product type-product post-14958 status-publish first outofstock product_cat-gozluk product_tag-gozluk has-post-thumbnail sale featured shipping-taxable purchasable product-type-simple\">\n\t<a href=\"https:\/\/www.europesstore.com\/en\/product\/fendi-hexagon-shape-beyaz-kadin-gunes-gozlugu\/\" class=\"woocommerce-LoopProduct-link woocommerce-loop-product__link\">\n\t<span class=\"onsale\" data-no-translation=\"\" data-trp-gettext=\"\">Sale!<\/span>\n\t<img loading=\"lazy\" decoding=\"async\" width=\"570\" height=\"684\" src=\"https:\/\/www.europesstore.com\/wp-content\/uploads\/2025\/12\/j-1719754619-570x684.jpeg\" class=\"attachment-woocommerce_thumbnail size-woocommerce_thumbnail\" alt=\"FENDI Hexagon Shape Beyaz Kad\u0131n G\u00fcne\u015f G\u00f6zl\u00fc\u011f\u00fc\" \/><h2 class=\"woocommerce-loop-product__title\">FENDI Hexagon Shape Beyaz Kad\u0131n G\u00fcne\u015f G\u00f6zl\u00fc\u011f\u00fc<\/h2>\n\t<span class=\"price\"><del aria-hidden=\"true\"><span class=\"woocommerce-Price-amount amount\"><bdi><span class=\"woocommerce-Price-currencySymbol\">&#8378;<\/span>15.000,00<\/bdi><\/span><\/del> <span class=\"screen-reader-text\" data-no-translation=\"\" data-trp-gettext=\"\">Original price was: &#8378;15.000,00.<\/span><ins aria-hidden=\"true\"><span class=\"woocommerce-Price-amount amount\"><bdi><span class=\"woocommerce-Price-currencySymbol\">&#8378;<\/span>745,00<\/bdi><\/span><\/ins><span class=\"screen-reader-text\" data-no-translation=\"\" data-trp-gettext=\"\">Current price is: &#8378;745,00.<\/span><\/span>\n<\/a><a href=\"https:\/\/www.europesstore.com\/en\/product\/fendi-hexagon-shape-beyaz-kadin-gunes-gozlugu\/\" aria-describedby=\"woocommerce_loop_add_to_cart_link_describedby_14958\" data-quantity=\"1\" class=\"button product_type_simple\" data-product_id=\"14958\" data-product_sku=\"4075-2\" aria-label=\"Read more about \u201cFENDI Hexagon Shape Beyaz Kad\u0131n G\u00fcne\u015f G\u00f6zl\u00fc\u011f\u00fc\u201d\" rel=\"nofollow\" data-success_message=\"\" data-no-translation=\"\" data-trp-gettext=\"\" data-no-translation-aria-label=\"\">Read more<\/a>\t<span id=\"woocommerce_loop_add_to_cart_link_describedby_14958\" class=\"screen-reader-text\">\n\t\t\t<\/span>\n<\/li>\n<li class=\"product type-product post-14956 status-publish outofstock product_cat-gozluk product_tag-gozluk has-post-thumbnail sale featured shipping-taxable purchasable product-type-simple\">\n\t<a href=\"https:\/\/www.europesstore.com\/en\/product\/fendi-hexagon-shape-pembe-kadin-gunes-gozlugu\/\" class=\"woocommerce-LoopProduct-link woocommerce-loop-product__link\">\n\t<span class=\"onsale\" data-no-translation=\"\" data-trp-gettext=\"\">Sale!<\/span>\n\t<img loading=\"lazy\" decoding=\"async\" width=\"570\" height=\"684\" src=\"https:\/\/www.europesstore.com\/wp-content\/uploads\/2025\/12\/j-1719754379-570x684.jpeg\" class=\"attachment-woocommerce_thumbnail size-woocommerce_thumbnail\" alt=\"FENDI Hexagon Shape Pembe Kad\u0131n G\u00fcne\u015f G\u00f6zl\u00fc\u011f\u00fc\" \/><h2 class=\"woocommerce-loop-product__title\">FENDI Hexagon Shape Pembe Kad\u0131n G\u00fcne\u015f G\u00f6zl\u00fc\u011f\u00fc<\/h2>\n\t<span class=\"price\"><del aria-hidden=\"true\"><span class=\"woocommerce-Price-amount amount\"><bdi><span class=\"woocommerce-Price-currencySymbol\">&#8378;<\/span>15.000,00<\/bdi><\/span><\/del> <span class=\"screen-reader-text\" data-no-translation=\"\" data-trp-gettext=\"\">Original price was: &#8378;15.000,00.<\/span><ins aria-hidden=\"true\"><span class=\"woocommerce-Price-amount amount\"><bdi><span class=\"woocommerce-Price-currencySymbol\">&#8378;<\/span>745,00<\/bdi><\/span><\/ins><span class=\"screen-reader-text\" data-no-translation=\"\" data-trp-gettext=\"\">Current price is: &#8378;745,00.<\/span><\/span>\n<\/a><a href=\"https:\/\/www.europesstore.com\/en\/product\/fendi-hexagon-shape-pembe-kadin-gunes-gozlugu\/\" aria-describedby=\"woocommerce_loop_add_to_cart_link_describedby_14956\" data-quantity=\"1\" class=\"button product_type_simple\" data-product_id=\"14956\" data-product_sku=\"4075-1\" aria-label=\"Read more about \u201cFENDI Hexagon Shape Pembe Kad\u0131n G\u00fcne\u015f G\u00f6zl\u00fc\u011f\u00fc\u201d\" rel=\"nofollow\" data-success_message=\"\" data-no-translation=\"\" data-trp-gettext=\"\" data-no-translation-aria-label=\"\">Read more<\/a>\t<span id=\"woocommerce_loop_add_to_cart_link_describedby_14956\" class=\"screen-reader-text\">\n\t\t\t<\/span>\n<\/li>\n<li class=\"product type-product post-14957 status-publish outofstock product_cat-gozluk product_tag-gozluk has-post-thumbnail sale featured shipping-taxable purchasable product-type-simple\">\n\t<a href=\"https:\/\/www.europesstore.com\/en\/product\/fendi-hexagon-shape-siyah-kadin-gunes-gozlugu\/\" class=\"woocommerce-LoopProduct-link woocommerce-loop-product__link\">\n\t<span class=\"onsale\" data-no-translation=\"\" data-trp-gettext=\"\">Sale!<\/span>\n\t<img loading=\"lazy\" decoding=\"async\" width=\"570\" height=\"684\" src=\"https:\/\/www.europesstore.com\/wp-content\/uploads\/2025\/12\/db2b7757-f48d-441c-990a-e7e759ab910d-1719754800-570x684.jpeg\" class=\"attachment-woocommerce_thumbnail size-woocommerce_thumbnail\" alt=\"FENDI Hexagon Shape Siyah Kad\u0131n G\u00fcne\u015f G\u00f6zl\u00fc\u011f\u00fc\" \/><h2 class=\"woocommerce-loop-product__title\">FENDI Hexagon Shape Siyah Kad\u0131n G\u00fcne\u015f G\u00f6zl\u00fc\u011f\u00fc<\/h2>\n\t<span class=\"price\"><del aria-hidden=\"true\"><span class=\"woocommerce-Price-amount amount\"><bdi><span class=\"woocommerce-Price-currencySymbol\">&#8378;<\/span>15.000,00<\/bdi><\/span><\/del> <span class=\"screen-reader-text\" data-no-translation=\"\" data-trp-gettext=\"\">Original price was: &#8378;15.000,00.<\/span><ins aria-hidden=\"true\"><span class=\"woocommerce-Price-amount amount\"><bdi><span class=\"woocommerce-Price-currencySymbol\">&#8378;<\/span>745,00<\/bdi><\/span><\/ins><span class=\"screen-reader-text\" data-no-translation=\"\" data-trp-gettext=\"\">Current price is: &#8378;745,00.<\/span><\/span>\n<\/a><a href=\"https:\/\/www.europesstore.com\/en\/product\/fendi-hexagon-shape-siyah-kadin-gunes-gozlugu\/\" aria-describedby=\"woocommerce_loop_add_to_cart_link_describedby_14957\" data-quantity=\"1\" class=\"button product_type_simple\" data-product_id=\"14957\" data-product_sku=\"4075-3\" aria-label=\"Read more about \u201cFENDI Hexagon Shape Siyah Kad\u0131n G\u00fcne\u015f G\u00f6zl\u00fc\u011f\u00fc\u201d\" rel=\"nofollow\" data-success_message=\"\" data-no-translation=\"\" data-trp-gettext=\"\" data-no-translation-aria-label=\"\">Read more<\/a>\t<span id=\"woocommerce_loop_add_to_cart_link_describedby_14957\" class=\"screen-reader-text\">\n\t\t\t<\/span>\n<\/li>\n<li class=\"product type-product post-14974 status-publish last outofstock product_cat-gozluk product_tag-gozluk has-post-thumbnail sale featured shipping-taxable purchasable product-type-simple\">\n\t<a href=\"https:\/\/www.europesstore.com\/en\/product\/fendi-olock-fe40049i-01a-54-17-beyaz-kadin-gunes-gozlugu\/\" class=\"woocommerce-LoopProduct-link woocommerce-loop-product__link\">\n\t<span class=\"onsale\" data-no-translation=\"\" data-trp-gettext=\"\">Sale!<\/span>\n\t<img loading=\"lazy\" decoding=\"async\" width=\"570\" height=\"684\" src=\"https:\/\/www.europesstore.com\/wp-content\/uploads\/2025\/12\/2c0bd91e-ae39-4458-90a9-99e5ca4ac457-1719756186-570x684.jpeg\" class=\"attachment-woocommerce_thumbnail size-woocommerce_thumbnail\" alt=\"FENDI O&#039;lock FE40049I 01A 54-17 Beyaz Kad\u0131n G\u00fcne\u015f G\u00f6zl\u00fc\u011f\u00fc\" \/><h2 class=\"woocommerce-loop-product__title\">FENDI O&#8217;lock FE40049I 01A 54-17 Beyaz Kad\u0131n G\u00fcne\u015f G\u00f6zl\u00fc\u011f\u00fc<\/h2>\n\t<span class=\"price\"><del aria-hidden=\"true\"><span class=\"woocommerce-Price-amount amount\"><bdi><span class=\"woocommerce-Price-currencySymbol\">&#8378;<\/span>8.860,00<\/bdi><\/span><\/del> <span class=\"screen-reader-text\" data-no-translation=\"\" data-trp-gettext=\"\">Original price was: &#8378;8.860,00.<\/span><ins aria-hidden=\"true\"><span class=\"woocommerce-Price-amount amount\"><bdi><span class=\"woocommerce-Price-currencySymbol\">&#8378;<\/span>745,00<\/bdi><\/span><\/ins><span class=\"screen-reader-text\" data-no-translation=\"\" data-trp-gettext=\"\">Current price is: &#8378;745,00.<\/span><\/span>\n<\/a><a href=\"https:\/\/www.europesstore.com\/en\/product\/fendi-olock-fe40049i-01a-54-17-beyaz-kadin-gunes-gozlugu\/\" aria-describedby=\"woocommerce_loop_add_to_cart_link_describedby_14974\" data-quantity=\"1\" class=\"button product_type_simple\" data-product_id=\"14974\" data-product_sku=\"449I-2\" aria-label=\"Read more about \u201cFENDI O&#039;lock FE40049I 01A 54-17 Beyaz Kad\u0131n G\u00fcne\u015f G\u00f6zl\u00fc\u011f\u00fc\u201d\" rel=\"nofollow\" data-success_message=\"\" data-no-translation=\"\" data-trp-gettext=\"\" data-no-translation-aria-label=\"\">Read more<\/a>\t<span id=\"woocommerce_loop_add_to_cart_link_describedby_14974\" class=\"screen-reader-text\">\n\t\t\t<\/span>\n<\/li>\n<\/ul>\n<\/div><a href=\"#\" class=\"ajax-load-products razzi-button button-larger\" data-page=\"2\" rel=\"nofollow\">\r\n\t\t\t\t\t\t\t\t\t<span class=\"button-text\">Load More<\/span>\r\n\t\t\t\t\t\t\t\t\t<span class=\"dots razzi-gooey\">\r\n\t\t\t\t\t\t\t\t\t\t<span><\/span>\r\n\t\t\t\t\t\t\t\t\t\t<span><\/span>\r\n\t\t\t\t\t\t\t\t\t\t<span><\/span>\r\n\t\t\t\t\t\t\t\t\t<\/span>\r\n\t\t\t\t\t\t\t\t<\/a>\t\t<\/div>\r\n\t\t\t\t\t\t<\/div>\n\t\t\t\t<\/div>\n\t\t\t\t\t<\/div>\n\t\t<\/div>\n\t\t\t\t\t<\/div>\n\t\t<\/section>\n\t\t\t\t<\/div>","protected":false},"excerpt":{"rendered":"<p>Hot -22% Add to cart Quick View Add to wishlist Boots Clarks Women&#8217;s Step Cali &pound;&nbsp;33.23 &pound;&nbsp;25.85 Select options Quick View Add to wishlist Kids Classic UltraRange Rapid &pound;&nbsp;11.08 &ndash; &pound;&nbsp;14.77 Hot -25% Add to cart Quick View Browse wishlist Mens Cotton striped T-Shirt &pound;&nbsp;64.99 &pound;&nbsp;48.74 HotAdd to cart Quick View Add to wishlist Bag [&hellip;]<\/p>","protected":false},"author":1,"featured_media":0,"parent":0,"menu_order":0,"comment_status":"closed","ping_status":"closed","template":"","meta":{"footnotes":""},"class_list":["post-7094","page","type-page","status-publish","hentry"],"jetpack_sharing_enabled":true,"_links":{"self":[{"href":"https:\/\/www.europesstore.com\/en\/wp-json\/wp\/v2\/pages\/7094","targetHints":{"allow":["GET"]}}],"collection":[{"href":"https:\/\/www.europesstore.com\/en\/wp-json\/wp\/v2\/pages"}],"about":[{"href":"https:\/\/www.europesstore.com\/en\/wp-json\/wp\/v2\/types\/page"}],"author":[{"embeddable":true,"href":"https:\/\/www.europesstore.com\/en\/wp-json\/wp\/v2\/users\/1"}],"replies":[{"embeddable":true,"href":"https:\/\/www.europesstore.com\/en\/wp-json\/wp\/v2\/comments?post=7094"}],"version-history":[{"count":0,"href":"https:\/\/www.europesstore.com\/en\/wp-json\/wp\/v2\/pages\/7094\/revisions"}],"wp:attachment":[{"href":"https:\/\/www.europesstore.com\/en\/wp-json\/wp\/v2\/media?parent=7094"}],"curies":[{"name":"wp","href":"https:\/\/api.w.org\/{rel}","templated":true}]}}