{"id":13086,"date":"2025-12-06T10:13:54","date_gmt":"2025-12-06T10:13:54","guid":{"rendered":"https:\/\/europesstore.com\/?post_type=product&#038;p=13086"},"modified":"2025-12-06T10:13:54","modified_gmt":"2025-12-06T10:13:54","slug":"gucci-bamboo-tester-kadin-parfum-75-ml","status":"publish","type":"product","link":"https:\/\/www.europesstore.com\/en\/product\/gucci-bamboo-tester-kadin-parfum-75-ml\/","title":{"rendered":"Gucci  Bamboo Tester  Kad\u0131n Parf\u00fcm-75 ML"},"content":{"rendered":"<p style=\"font-family: AvantGardeMedium, Arial, sans-serif; font-size: 1rem; font-style: normal; font-weight: 400; letter-spacing: 0.4px; line-height: 24px; margin: 0px 0px 1.5em; padding: 0px; text-align: start; text-decoration: none; text-indent: 0px; text-transform: none;\"><span style=\"font-family: Poppins, sans-serif; font-size: 13.333333px;\"><span style=\"font-style: normal; letter-spacing: normal; text-align: left; text-decoration: none; text-indent: 0px; text-transform: none;\"><strong>Gucci Bamboo Edp 75 Ml Kad\u0131n Parf\u00fcm\u00fc<\/strong><\/span><\/span><\/p>\n<p><a style=\"font-family: Poppins, sans-serif; font-size: 13.333333px; font-style: normal; font-weight: 400; letter-spacing: normal; text-align: left; text-decoration: none; text-indent: 0px; text-transform: none;\" href=\"https:\/\/www.perfumepoint.com.tr\/marka\/gucci\">Gucci <\/a><span style=\"font-family: Poppins, sans-serif; font-size: 13.333333px;\"><span style=\"float: none; font-style: normal; font-weight: 400; letter-spacing: normal; text-align: left; text-decoration: none; text-indent: 0px; text-transform: none;\">kad\u0131n\u0131n\u0131n uyumlu ikilisinden esinlenmi\u015ftir.<\/span><\/span><\/p>\n<p><span style=\"font-family: Poppins, sans-serif; font-size: 13.333333px;\"><span style=\"float: none; font-style: normal; font-weight: 400; letter-spacing: normal; text-align: left; text-decoration: none; text-indent: 0px; text-transform: none;\">Do\u011fal ve ahenkli i\u00e7erikler kapsay\u0131c\u0131 bir koku hikayesi sunarlar. Orta ve alt odunsu ve s\u0131cak notalar canl\u0131l\u0131\u011f\u0131 yans\u0131t\u0131r.<\/span><\/span><\/p>\n<p><span style=\"font-family: Poppins, sans-serif; font-size: 13.333333px;\"><span style=\"float: none; font-style: normal; font-weight: 400; letter-spacing: normal; text-align: left; text-decoration: none; text-indent: 0px; text-transform: none;\">Derin sandal a\u011fac\u0131, \u00e7arp\u0131c\u0131 tahiti vanilyas\u0131 ve e\u015fsiz gri amber akordlar\u0131 \u00f6z\u00fcnde feminenlik ta\u015f\u0131yan soft kazablanka zamba\u011f\u0131, feminen portakal \u00e7i\u00e7e\u011fi ve narin ylang ylang egzotik \u00e7i\u00e7ek notalar\u0131 ile tamamlay\u0131c\u0131 bir kontrast olu\u015ftururlar.<\/span><\/span><\/p>\n<div class=\"gpsr-supplier-infos\" style=\"font-style: normal; font-weight: 400; letter-spacing: normal; margin: 24px 0px 0px; padding: 0px; text-align: start; text-decoration: none; text-indent: 0px; text-transform: none;\">\n<p>&nbsp;<\/p>\n<\/div>\n<p>&nbsp;<\/p>\n<div class=\"gpsr-supplier-infos\" style=\"font-style: normal; font-weight: 400; letter-spacing: normal; margin: 24px 0px 0px; padding: 0px; text-align: start; text-decoration: none; text-indent: 0px; text-transform: none;\">\n<p>&nbsp;<\/p>\n<\/div>\n<p>&nbsp;<\/p>","protected":false},"excerpt":{"rendered":"<p>Gucci Bamboo Edp 75 Ml Kad\u0131n Parf\u00fcm\u00fc Gucci kad\u0131n\u0131n\u0131n uyumlu ikilisinden esinlenmi\u015ftir. Do\u011fal ve ahenkli i\u00e7erikler kapsay\u0131c\u0131 bir koku hikayesi sunarlar. Orta ve alt odunsu ve s\u0131cak notalar canl\u0131l\u0131\u011f\u0131 yans\u0131t\u0131r. Derin sandal a\u011fac\u0131, \u00e7arp\u0131c\u0131 tahiti vanilyas\u0131 ve e\u015fsiz gri amber akordlar\u0131 \u00f6z\u00fcnde feminenlik ta\u015f\u0131yan soft kazablanka zamba\u011f\u0131, feminen portakal \u00e7i\u00e7e\u011fi ve narin ylang ylang egzotik [&hellip;]<\/p>","protected":false},"featured_media":13124,"comment_status":"open","ping_status":"closed","template":"","meta":[],"product_brand":[],"product_cat":[143,144,112],"product_tag":[],"class_list":{"0":"post-13086","1":"product","2":"type-product","3":"status-publish","4":"has-post-thumbnail","6":"product_cat-aksesuar","7":"product_cat-ithal-kadin-parfum","8":"product_cat-ithal-parfum","10":"first","11":"instock","12":"sale","13":"shipping-taxable","14":"purchasable","15":"product-type-simple"},"jetpack_sharing_enabled":true,"_links":{"self":[{"href":"https:\/\/www.europesstore.com\/en\/wp-json\/wp\/v2\/product\/13086","targetHints":{"allow":["GET"]}}],"collection":[{"href":"https:\/\/www.europesstore.com\/en\/wp-json\/wp\/v2\/product"}],"about":[{"href":"https:\/\/www.europesstore.com\/en\/wp-json\/wp\/v2\/types\/product"}],"replies":[{"embeddable":true,"href":"https:\/\/www.europesstore.com\/en\/wp-json\/wp\/v2\/comments?post=13086"}],"wp:featuredmedia":[{"embeddable":true,"href":"https:\/\/www.europesstore.com\/en\/wp-json\/wp\/v2\/media\/13124"}],"wp:attachment":[{"href":"https:\/\/www.europesstore.com\/en\/wp-json\/wp\/v2\/media?parent=13086"}],"wp:term":[{"taxonomy":"product_brand","embeddable":true,"href":"https:\/\/www.europesstore.com\/en\/wp-json\/wp\/v2\/product_brand?post=13086"},{"taxonomy":"product_cat","embeddable":true,"href":"https:\/\/www.europesstore.com\/en\/wp-json\/wp\/v2\/product_cat?post=13086"},{"taxonomy":"product_tag","embeddable":true,"href":"https:\/\/www.europesstore.com\/en\/wp-json\/wp\/v2\/product_tag?post=13086"}],"curies":[{"name":"wp","href":"https:\/\/api.w.org\/{rel}","templated":true}]}}