{"id":13093,"date":"2025-12-06T10:13:54","date_gmt":"2025-12-06T10:13:54","guid":{"rendered":"https:\/\/europesstore.com\/?post_type=product&#038;p=13093"},"modified":"2025-12-06T10:13:54","modified_gmt":"2025-12-06T10:13:54","slug":"yves-saint-laurent-black-opium-glitter-edp-tester-kadin-parfum-90-ml","status":"publish","type":"product","link":"https:\/\/www.europesstore.com\/en\/product\/yves-saint-laurent-black-opium-glitter-edp-tester-kadin-parfum-90-ml\/","title":{"rendered":"YVES SA\u0130NT LAURENT BLACK OP\u0130UM GLITTER EDP TESTER KADIN PARF\u00dcM\u200b 90 ML"},"content":{"rendered":"<p><span style=\"font-family:AvantGardeMedium, Arial, sans-serif;font-size:16px\"><span style=\"float:none;font-style:normal;font-weight:400;letter-spacing:0.4px;text-align:start;text-decoration:none;text-indent:0px;text-transform:none\">Yeni Black Opium Glitter Eau De Parfum ile geceye \u0131\u015f\u0131lt\u0131 katmaya haz\u0131r m\u0131s\u0131n? Bu b\u00fcy\u00fcleyici koku, ba\u011f\u0131ml\u0131l\u0131k yaratan kahve ve \u00e7i\u00e7eksi notalar\u0131n\u0131, e\u011flenceli ve kar\u015f\u0131 konulmaz bir marshmallow akoruyla birle\u015ftirerek benzersiz ve unutulmaz bir deneyim sunuyor. Yumu\u015fac\u0131k, hafif ve tatl\u0131 bir \u015fekerleme, Bourbon vanilyas\u0131n\u0131n s\u0131cakl\u0131\u011f\u0131yla ve gizemli bir dokunu\u015fla Black Opium&#8217;un ikonik kahve notas\u0131n\u0131 adeta bir s\u00fctl\u00fc kahve gibi yumu\u015fat\u0131yor. Bu enfes kar\u0131\u015f\u0131m, teninizde ba\u015f d\u00f6nd\u00fcr\u00fcc\u00fc bir iz b\u0131rak\u0131rken sizi gecenin y\u0131ld\u0131z\u0131 haline getiriyor.<\/span><\/span><\/p>\n<p><span style=\"font-family:AvantGardeMedium, Arial, sans-serif;font-size:16px\"><span style=\"float:none;font-style:normal;font-weight:400;letter-spacing:0.4px;text-align:start;text-decoration:none;text-indent:0px;text-transform:none\">Taze armut ve \u0131\u015f\u0131lt\u0131l\u0131 \u0130talyan mandalinasi notalar\u0131, kokuya enerjik ve ferah bir hava katarken, iki farkl\u0131 portakal \u00e7i\u00e7e\u011fi \u00f6z\u00fcn\u00fcn kadifemsi dokunu\u015fu, seksi bir koku sunuyor. Simlerle kapl\u0131 g\u00f6z al\u0131c\u0131 \u015fi\u015fesiyle dikkat \u00e7eken Black Opium Glitter, cesur ve \u00f6zg\u00fcvenli kad\u0131nlar\u0131n vazge\u00e7ilmezi. \u015e\u0131k ve sofistike tasar\u0131m\u0131yla, makyaj masan\u0131zda da g\u00f6z kama\u015ft\u0131racak bu parf\u00fcm, sizi her an \u00f6zel hissettirecek. Gecenin b\u00fcy\u00fcs\u00fcne kap\u0131l\u0131n ve Black Opium Glitter ile \u0131\u015f\u0131lday\u0131n.<\/span><\/span><\/p>","protected":false},"excerpt":{"rendered":"<p>Yeni Black Opium Glitter Eau De Parfum ile geceye \u0131\u015f\u0131lt\u0131 katmaya haz\u0131r m\u0131s\u0131n? Bu b\u00fcy\u00fcleyici koku, ba\u011f\u0131ml\u0131l\u0131k yaratan kahve ve \u00e7i\u00e7eksi notalar\u0131n\u0131, e\u011flenceli ve kar\u015f\u0131 konulmaz bir marshmallow akoruyla birle\u015ftirerek benzersiz ve unutulmaz bir deneyim sunuyor. Yumu\u015fac\u0131k, hafif ve tatl\u0131 bir \u015fekerleme, Bourbon vanilyas\u0131n\u0131n s\u0131cakl\u0131\u011f\u0131yla ve gizemli bir dokunu\u015fla Black Opium&#8217;un ikonik kahve notas\u0131n\u0131 adeta [&hellip;]<\/p>","protected":false},"featured_media":13137,"comment_status":"open","ping_status":"closed","template":"","meta":[],"product_brand":[],"product_cat":[144,112],"product_tag":[],"class_list":{"0":"post-13093","1":"product","2":"type-product","3":"status-publish","4":"has-post-thumbnail","6":"product_cat-ithal-kadin-parfum","7":"product_cat-ithal-parfum","9":"first","10":"instock","11":"sale","12":"shipping-taxable","13":"purchasable","14":"product-type-simple"},"jetpack_sharing_enabled":true,"_links":{"self":[{"href":"https:\/\/www.europesstore.com\/en\/wp-json\/wp\/v2\/product\/13093","targetHints":{"allow":["GET"]}}],"collection":[{"href":"https:\/\/www.europesstore.com\/en\/wp-json\/wp\/v2\/product"}],"about":[{"href":"https:\/\/www.europesstore.com\/en\/wp-json\/wp\/v2\/types\/product"}],"replies":[{"embeddable":true,"href":"https:\/\/www.europesstore.com\/en\/wp-json\/wp\/v2\/comments?post=13093"}],"wp:featuredmedia":[{"embeddable":true,"href":"https:\/\/www.europesstore.com\/en\/wp-json\/wp\/v2\/media\/13137"}],"wp:attachment":[{"href":"https:\/\/www.europesstore.com\/en\/wp-json\/wp\/v2\/media?parent=13093"}],"wp:term":[{"taxonomy":"product_brand","embeddable":true,"href":"https:\/\/www.europesstore.com\/en\/wp-json\/wp\/v2\/product_brand?post=13093"},{"taxonomy":"product_cat","embeddable":true,"href":"https:\/\/www.europesstore.com\/en\/wp-json\/wp\/v2\/product_cat?post=13093"},{"taxonomy":"product_tag","embeddable":true,"href":"https:\/\/www.europesstore.com\/en\/wp-json\/wp\/v2\/product_tag?post=13093"}],"curies":[{"name":"wp","href":"https:\/\/api.w.org\/{rel}","templated":true}]}}