{"id":13103,"date":"2025-12-06T10:29:17","date_gmt":"2025-12-06T10:29:17","guid":{"rendered":"https:\/\/europesstore.com\/?post_type=product&#038;p=13103"},"modified":"2025-12-06T10:29:17","modified_gmt":"2025-12-06T10:29:17","slug":"paco-rabanne-invictus-legend-edp-tester-erkek-parfum-100-ml","status":"publish","type":"product","link":"https:\/\/www.europesstore.com\/en\/product\/paco-rabanne-invictus-legend-edp-tester-erkek-parfum-100-ml\/","title":{"rendered":"PACO RABANNE \u0130NV\u0130CTUS LEGEND EDP TESTER ERKEK PARF\u00dcM 100 ML"},"content":{"rendered":"<p style=\"font-family:Poppins, sans-serif;font-size:12px;font-style:normal;font-weight:400;letter-spacing:normal;margin-bottom:1rem;margin-top:0px;text-align:left;text-decoration:none;text-indent:0px;text-transform:none\"><span style=\"font-family:AvantGardeMedium, Arial, sans-serif;font-size:16px\"><span style=\"float:none;font-style:normal;font-weight:400;letter-spacing:0.4px;text-align:start;text-decoration:none;text-indent:0px;text-transform:none\">Efsanevi bir \u015fampiyon. Cesur, ba\u015far\u0131l\u0131, kar\u015f\u0131 konulamaz, zafer tutkunu bir erkek. T\u00fcm kad\u0131nlar\u0131n hayal etti\u011fi, fethedilemez bir kahraman\u2026 Invictus, \u015fampiyonlar\u0131n kokusu.<\/span><\/span><\/p>\n<div class=\"gpsr-supplier-infos\" style=\"font-style:normal;font-weight:400;letter-spacing:normal;margin:24px 0px 0px;padding:0px;text-align:start;text-decoration:none;text-indent:0px;text-transform:none\">\n<p>&nbsp;<\/p>\n<\/div>\n<p>&nbsp;<\/p>\n<div class=\"gpsr-supplier-infos\" style=\"font-style:normal;font-weight:400;letter-spacing:normal;margin:24px 0px 0px;padding:0px;text-align:start;text-decoration:none;text-indent:0px;text-transform:none\">\n<p>&nbsp;<\/p>\n<\/div>\n<p>&nbsp;<\/p>","protected":false},"excerpt":{"rendered":"<p>Efsanevi bir \u015fampiyon. Cesur, ba\u015far\u0131l\u0131, kar\u015f\u0131 konulamaz, zafer tutkunu bir erkek. T\u00fcm kad\u0131nlar\u0131n hayal etti\u011fi, fethedilemez bir kahraman\u2026 Invictus, \u015fampiyonlar\u0131n kokusu. &nbsp; &nbsp; &nbsp; &nbsp;<\/p>","protected":false},"featured_media":13161,"comment_status":"open","ping_status":"closed","template":"","meta":[],"product_brand":[],"product_cat":[146,112],"product_tag":[],"class_list":{"0":"post-13103","1":"product","2":"type-product","3":"status-publish","4":"has-post-thumbnail","6":"product_cat-ithal-erkek-parfum","7":"product_cat-ithal-parfum","9":"first","10":"instock","11":"sale","12":"shipping-taxable","13":"purchasable","14":"product-type-simple"},"jetpack_sharing_enabled":true,"_links":{"self":[{"href":"https:\/\/www.europesstore.com\/en\/wp-json\/wp\/v2\/product\/13103","targetHints":{"allow":["GET"]}}],"collection":[{"href":"https:\/\/www.europesstore.com\/en\/wp-json\/wp\/v2\/product"}],"about":[{"href":"https:\/\/www.europesstore.com\/en\/wp-json\/wp\/v2\/types\/product"}],"replies":[{"embeddable":true,"href":"https:\/\/www.europesstore.com\/en\/wp-json\/wp\/v2\/comments?post=13103"}],"wp:featuredmedia":[{"embeddable":true,"href":"https:\/\/www.europesstore.com\/en\/wp-json\/wp\/v2\/media\/13161"}],"wp:attachment":[{"href":"https:\/\/www.europesstore.com\/en\/wp-json\/wp\/v2\/media?parent=13103"}],"wp:term":[{"taxonomy":"product_brand","embeddable":true,"href":"https:\/\/www.europesstore.com\/en\/wp-json\/wp\/v2\/product_brand?post=13103"},{"taxonomy":"product_cat","embeddable":true,"href":"https:\/\/www.europesstore.com\/en\/wp-json\/wp\/v2\/product_cat?post=13103"},{"taxonomy":"product_tag","embeddable":true,"href":"https:\/\/www.europesstore.com\/en\/wp-json\/wp\/v2\/product_tag?post=13103"}],"curies":[{"name":"wp","href":"https:\/\/api.w.org\/{rel}","templated":true}]}}