{"id":13119,"date":"2025-12-06T10:29:16","date_gmt":"2025-12-06T10:29:16","guid":{"rendered":"https:\/\/europesstore.com\/?post_type=product&#038;p=13119"},"modified":"2025-12-06T10:29:16","modified_gmt":"2025-12-06T10:29:16","slug":"hypnotic-tendre-poison-tester-kadin-parfum-100-ml","status":"publish","type":"product","link":"https:\/\/www.europesstore.com\/en\/product\/hypnotic-tendre-poison-tester-kadin-parfum-100-ml\/","title":{"rendered":"Hypnotic Tendre Poison Tester Kad\u0131n Parf\u00fcm-100 ML"},"content":{"rendered":"<h2 style=\", sans-serif;font-size:24px;font-style:normal;font-weight:normal;letter-spacing:normal;line-height:28px;margin:0px;padding-bottom:15px;text-align:start;text-decoration:none;text-indent:0px;text-transform:none\">&nbsp;<\/h2>\n<ul style=\"font-family:Archivo, sans-serif;font-size:14px;font-style:normal;font-weight:400;letter-spacing:normal;margin-bottom:0px;margin-right:0px;margin-top:0px;padding:0px;text-align:start;text-decoration:none;text-indent:0px;text-transform:none\">\n<li style=\"margin-bottom:10px;margin-right:0px;margin-top:0px\">\n<p style=\"margin-left:0px\"><span style=\"font-family:arial, helvetica, sans-serif;font-size:14px\"><span>&#8220;R\u00fcyalar\u0131n\u0131 yakala. Kendi hayat\u0131n\u0131 in\u015faa et. Yo\u011fun bir \u015fekilde mutluluk hissine sahip oldu\u011funda tutun. Safl\u0131k. Cesaret. Payla\u015f\u0131m. S\u0131n\u0131rs\u0131z. Her an\u0131 gecikmeden ya\u015fa.&#8221;<\/span><\/span><\/p>\n<\/li>\n<li style=\"margin-bottom:10px;margin-right:0px;margin-top:0px\">\n<p style=\"margin-left:0px\"><span style=\"font-family:arial, helvetica, sans-serif;font-size:14px\"><span>\u015eans seninle olsun diye, Paco Rabanne 1 Million Lucky yan\u0131nda!<\/span><\/span><\/p>\n<\/li>\n<li style=\"margin-bottom:10px;margin-right:0px;margin-top:0px\">\n<p style=\"margin-left:0px\"><span style=\"font-family:arial, helvetica, sans-serif;font-size:14px\"><font><span>\u015eans ad\u0131na bildi\u011fin her \u015feyi unutturacak, hayallerinizdeki hayat\u0131 ya\u015fatacak ve duygular\u0131 derinden hissettirecek bir parf\u00fcm ortaya \u00e7\u0131k\u0131yor. Million Lucky s\u0131n\u0131r tan\u0131mayan, enerjik ve hayat\u0131n ritmine kap\u0131lman\u0131z\u0131 sa\u011flayacak.<\/span><\/font><\/span><\/p>\n<\/li>\n<li style=\"margin-bottom:10px;margin-right:0px;margin-top:0px\">\n<p style=\"margin-left:0px\"><span style=\"font-family:arial, helvetica, sans-serif;font-size:14px\"><font><span>Hayata bir kere geldin, en \u015fansl\u0131 olmak istedi\u011fin her an kokun da yan\u0131nda olacak. Yenilenen haliyle, s\u0131rf kokusu da de\u011fil \u015fi\u015fe formuyla bile etkileyici bir Paco Rabanne parf\u00fcm\u00fc&#8230;<\/span><\/font><\/span><\/p>\n<\/li>\n<li style=\"margin-bottom:10px;margin-right:0px;margin-top:0px\">\n<p style=\"margin-left:0px\"><span style=\"font-family:arial, helvetica, sans-serif;font-size:14px\"><font><span>Odunsu ve gurme tonlar\u0131n\u0131n sentezi ile b\u00fcy\u00fcleyici bir koku olarak ilan edildi\u011fi gibi; taze, canl\u0131 ve \u015fehvetli \u015feklinde de tarif edilmektedir. F\u0131nd\u0131k notas\u0131, erik ile kombine edilmi\u015f taze ozonla odunsu elementlerin bile\u015fimini zenginle\u015ftirmektedir.&nbsp;<\/span><\/font><\/span><\/p>\n<\/li>\n<li style=\"margin-bottom:10px;margin-right:0px;margin-top:0px\">\n<p style=\"margin-left:0px\"><span style=\"font-family:arial, helvetica, sans-serif;font-size:14px\"><font><span>1 Million Lucky ile kendi \u015fans\u0131n\u0131 yaratmaya ne dersin?<\/span><\/font><\/span><\/p>\n<\/li>\n<li style=\"margin-bottom:10px;margin-right:0px;margin-top:0px\">\n<p style=\"margin-left:0px\"><span style=\"font-family:arial, helvetica, sans-serif;font-size:14px\"><font><span><strong>\u00dcst notalar:<\/strong>&nbsp;Ozonik notalar, erik, bergamot, greyfurt.<\/span><\/font><\/span><\/p>\n<\/li>\n<li style=\"margin-bottom:10px;margin-right:0px;margin-top:0px\">\n<p style=\"margin-left:0px\"><span style=\"font-family:arial, helvetica, sans-serif;font-size:14px\"><font><span><strong>Orta notalar:<\/strong>&nbsp;Portakal \u00e7i\u00e7e\u011fi, bal, yasemin, ka\u015fmir ah\u015fap, sedir, f\u0131nd\u0131k.<\/span><\/font><\/span><\/p>\n<\/li>\n<li style=\"margin-bottom:10px;margin-right:0px;margin-top:0px\">\n<p style=\"margin-left:0px\"><span style=\"font-family:arial, helvetica, sans-serif;font-size:14px\"><font><span><strong>Alt notalar:<\/strong>&nbsp;Amber ah\u015fap, vetiver, pa\u00e7uli (silhat), oakmoss (me\u015fe likeni).<\/span><\/font><\/span><\/p>\n<\/li>\n<\/ul>\n<div class=\"gpsr-supplier-infos\" style=\"font-style:normal;font-weight:400;letter-spacing:normal;margin:24px 0px 0px;padding:0px;text-align:start;text-decoration:none;text-indent:0px;text-transform:none\">\n<p>&nbsp;<\/p>\n<\/div>\n<p>&nbsp;<\/p>\n<div class=\"gpsr-supplier-infos\" style=\"font-style:normal;font-weight:400;letter-spacing:normal;margin:24px 0px 0px;padding:0px;text-align:start;text-decoration:none;text-indent:0px;text-transform:none\">\n<p>&nbsp;<\/p>\n<\/div>\n<p>&nbsp;<\/p>\n<div class=\"gpsr-supplier-infos\" style=\"font-style:normal;font-weight:400;letter-spacing:normal;margin:24px 0px 0px;padding:0px;text-align:start;text-decoration:none;text-indent:0px;text-transform:none\">\n<p>&nbsp;<\/p>\n<\/div>\n<p>&nbsp;<\/p>","protected":false},"excerpt":{"rendered":"<p>&nbsp; &#8220;R\u00fcyalar\u0131n\u0131 yakala. Kendi hayat\u0131n\u0131 in\u015faa et. Yo\u011fun bir \u015fekilde mutluluk hissine sahip oldu\u011funda tutun. Safl\u0131k. Cesaret. Payla\u015f\u0131m. S\u0131n\u0131rs\u0131z. Her an\u0131 gecikmeden ya\u015fa.&#8221; \u015eans seninle olsun diye, Paco Rabanne 1 Million Lucky yan\u0131nda! \u015eans ad\u0131na bildi\u011fin her \u015feyi unutturacak, hayallerinizdeki hayat\u0131 ya\u015fatacak ve duygular\u0131 derinden hissettirecek bir parf\u00fcm ortaya \u00e7\u0131k\u0131yor. Million Lucky s\u0131n\u0131r tan\u0131mayan, enerjik [&hellip;]<\/p>","protected":false},"featured_media":13176,"comment_status":"open","ping_status":"closed","template":"","meta":[],"product_brand":[],"product_cat":[144,112],"product_tag":[],"class_list":{"0":"post-13119","1":"product","2":"type-product","3":"status-publish","4":"has-post-thumbnail","6":"product_cat-ithal-kadin-parfum","7":"product_cat-ithal-parfum","9":"first","10":"instock","11":"sale","12":"shipping-taxable","13":"purchasable","14":"product-type-simple"},"jetpack_sharing_enabled":true,"_links":{"self":[{"href":"https:\/\/www.europesstore.com\/en\/wp-json\/wp\/v2\/product\/13119","targetHints":{"allow":["GET"]}}],"collection":[{"href":"https:\/\/www.europesstore.com\/en\/wp-json\/wp\/v2\/product"}],"about":[{"href":"https:\/\/www.europesstore.com\/en\/wp-json\/wp\/v2\/types\/product"}],"replies":[{"embeddable":true,"href":"https:\/\/www.europesstore.com\/en\/wp-json\/wp\/v2\/comments?post=13119"}],"wp:featuredmedia":[{"embeddable":true,"href":"https:\/\/www.europesstore.com\/en\/wp-json\/wp\/v2\/media\/13176"}],"wp:attachment":[{"href":"https:\/\/www.europesstore.com\/en\/wp-json\/wp\/v2\/media?parent=13119"}],"wp:term":[{"taxonomy":"product_brand","embeddable":true,"href":"https:\/\/www.europesstore.com\/en\/wp-json\/wp\/v2\/product_brand?post=13119"},{"taxonomy":"product_cat","embeddable":true,"href":"https:\/\/www.europesstore.com\/en\/wp-json\/wp\/v2\/product_cat?post=13119"},{"taxonomy":"product_tag","embeddable":true,"href":"https:\/\/www.europesstore.com\/en\/wp-json\/wp\/v2\/product_tag?post=13119"}],"curies":[{"name":"wp","href":"https:\/\/api.w.org\/{rel}","templated":true}]}}