{"id":13130,"date":"2025-12-06T10:29:16","date_gmt":"2025-12-06T10:29:16","guid":{"rendered":"https:\/\/europesstore.com\/?post_type=product&#038;p=13130"},"modified":"2025-12-06T10:29:16","modified_gmt":"2025-12-06T10:29:16","slug":"jean-paul-gaultier-scandal-absolu-parfum-concentre-tester-parfum-100-ml","status":"publish","type":"product","link":"https:\/\/www.europesstore.com\/en\/product\/jean-paul-gaultier-scandal-absolu-parfum-concentre-tester-parfum-100-ml\/","title":{"rendered":"JEAN PAUL GAULTIER SCANDAL ABSOLU PARFUM CONCENTR\u00c9 TESTER PARF\u00dcM 100 ML"},"content":{"rendered":"<div class=\"short-description\" style=\", Helvetica, sans-serif;font-size:12px;font-style:normal;font-weight:300;letter-spacing:normal;line-height:1.25em;margin:15px 0px;padding:0px;text-align:left;text-decoration:none;text-indent:0px;text-transform:none\">\n<div class=\"std\" style=\"margin:0px;padding:0px\">Tam bir Skandal! Jean Paul Gaultier imzal\u0131 yeni Scandal Absolu Paris gecelerini ate\u015fe veriyor. \u00c7\u0131plak bacaklar, dans pistinde dalgalanan skandal bir beklentinin \u00fcrpertisini g\u00f6nderiyor. Vernikli alt\u0131n rengi dizginlenemez bir duygusall\u0131k yay\u0131yor. Ba\u011f\u0131ml\u0131l\u0131k yaratan, yo\u011fun amberli \u015fipre kokusu duyular\u0131 harekete ge\u00e7iriyor. Eksantrikli\u011fi kucaklamak ve gecenin derinliklerine dalmak i\u00e7in bir \u00e7a\u011fr\u0131. Lezzetli ve c\u00fcretkar\u2026<\/p>\n<p>Skandal yaratan \u00f6l\u00e7\u00fclerde amberli bir \u015fipre. Daphn\u00e9 Bugey, Fabrice Pellegrin ve Ane Ayo&#8217;dan yo\u011fun konsantrasyonlu bir koku. Scandal Absolu, c\u00fcretkar bir s\u00fcrprizden sonra t\u00fcm duyular\u0131 sarsar! Al\u0131\u015f\u0131la gelmi\u015fin d\u0131\u015f\u0131ndaki k\u0131vr\u0131mlar\u0131 ve de\u011ferli i\u00e7erikleriyle, s\u0131n\u0131rlar\u0131 zorlayan, sulu siyah inciri ile ba\u015f d\u00f6nd\u00fcr\u00fcc\u00fc, \u015fehvetli s\u00fcmb\u00fclteber ve y\u00fckselen sandal a\u011fac\u0131yla birle\u015ftiriyor. C\u00f6mert ve yo\u011fun bir amber bu \u015fipreyle \u00e7arp\u0131\u015f\u0131yor. An\u0131nda ba\u011f\u0131ml\u0131l\u0131k yaratan ve lezzetli bir skandal.<br \/>&nbsp;<\/div>\n<\/div>\n<p>&nbsp;<\/p>\n<div class=\"gpsr-supplier-infos\" style=\"font-style:normal;font-weight:400;letter-spacing:normal;margin:24px 0px 0px;padding:0px;text-align:start;text-decoration:none;text-indent:0px;text-transform:none\">\n<p>&nbsp;<\/p>\n<\/div>\n<p>&nbsp;<\/p>\n<div class=\"gpsr-supplier-infos\" style=\"font-style:normal;font-weight:400;letter-spacing:normal;margin:24px 0px 0px;padding:0px;text-align:start;text-decoration:none;text-indent:0px;text-transform:none\">\n<p>&nbsp;<\/p>\n<\/div>\n<p>&nbsp;<\/p>\n<div class=\"gpsr-supplier-infos\" style=\"font-style:normal;font-weight:400;letter-spacing:normal;margin:24px 0px 0px;padding:0px;text-align:start;text-decoration:none;text-indent:0px;text-transform:none\">\n<p>&nbsp;<\/p>\n<\/div>\n<p>&nbsp;<\/p>","protected":false},"excerpt":{"rendered":"<p>Tam bir Skandal! Jean Paul Gaultier imzal\u0131 yeni Scandal Absolu Paris gecelerini ate\u015fe veriyor. \u00c7\u0131plak bacaklar, dans pistinde dalgalanan skandal bir beklentinin \u00fcrpertisini g\u00f6nderiyor. Vernikli alt\u0131n rengi dizginlenemez bir duygusall\u0131k yay\u0131yor. Ba\u011f\u0131ml\u0131l\u0131k yaratan, yo\u011fun amberli \u015fipre kokusu duyular\u0131 harekete ge\u00e7iriyor. Eksantrikli\u011fi kucaklamak ve gecenin derinliklerine dalmak i\u00e7in bir \u00e7a\u011fr\u0131. Lezzetli ve c\u00fcretkar\u2026 Skandal yaratan \u00f6l\u00e7\u00fclerde [&hellip;]<\/p>","protected":false},"featured_media":13188,"comment_status":"open","ping_status":"closed","template":"","meta":[],"product_brand":[],"product_cat":[144,112],"product_tag":[],"class_list":{"0":"post-13130","1":"product","2":"type-product","3":"status-publish","4":"has-post-thumbnail","6":"product_cat-ithal-kadin-parfum","7":"product_cat-ithal-parfum","9":"first","10":"instock","11":"sale","12":"shipping-taxable","13":"purchasable","14":"product-type-simple"},"jetpack_sharing_enabled":true,"_links":{"self":[{"href":"https:\/\/www.europesstore.com\/en\/wp-json\/wp\/v2\/product\/13130","targetHints":{"allow":["GET"]}}],"collection":[{"href":"https:\/\/www.europesstore.com\/en\/wp-json\/wp\/v2\/product"}],"about":[{"href":"https:\/\/www.europesstore.com\/en\/wp-json\/wp\/v2\/types\/product"}],"replies":[{"embeddable":true,"href":"https:\/\/www.europesstore.com\/en\/wp-json\/wp\/v2\/comments?post=13130"}],"wp:featuredmedia":[{"embeddable":true,"href":"https:\/\/www.europesstore.com\/en\/wp-json\/wp\/v2\/media\/13188"}],"wp:attachment":[{"href":"https:\/\/www.europesstore.com\/en\/wp-json\/wp\/v2\/media?parent=13130"}],"wp:term":[{"taxonomy":"product_brand","embeddable":true,"href":"https:\/\/www.europesstore.com\/en\/wp-json\/wp\/v2\/product_brand?post=13130"},{"taxonomy":"product_cat","embeddable":true,"href":"https:\/\/www.europesstore.com\/en\/wp-json\/wp\/v2\/product_cat?post=13130"},{"taxonomy":"product_tag","embeddable":true,"href":"https:\/\/www.europesstore.com\/en\/wp-json\/wp\/v2\/product_tag?post=13130"}],"curies":[{"name":"wp","href":"https:\/\/api.w.org\/{rel}","templated":true}]}}