{"id":13131,"date":"2025-12-06T10:29:16","date_gmt":"2025-12-06T10:29:16","guid":{"rendered":"https:\/\/europesstore.com\/?post_type=product&#038;p=13131"},"modified":"2025-12-06T10:29:16","modified_gmt":"2025-12-06T10:29:16","slug":"jean-paul-gaultier-scandal-by-night-edp-tester-kadin-parfum-100-ml","status":"publish","type":"product","link":"https:\/\/www.europesstore.com\/en\/product\/jean-paul-gaultier-scandal-by-night-edp-tester-kadin-parfum-100-ml\/","title":{"rendered":"JEAN PAUL GAULT\u0130ER SCANDAL BY N\u0130GHT EDP TESTER KADIN PARF\u00dcM 100 ML"},"content":{"rendered":"<div class=\"short-description\" style=\", Helvetica, sans-serif;font-size:12px;font-style:normal;font-weight:300;letter-spacing:normal;line-height:1.25em;margin:15px 0px;padding:0px;text-align:left;text-decoration:none;text-indent:0px;text-transform:none\">\n<div class=\"std\" style=\"margin:0px;padding:0px\"><span style=\", Helvetica, sans-serif;font-size:12px\"><span style=\"float:none;font-style:normal;font-weight:300;letter-spacing:normal;text-align:left;text-decoration:none;text-indent:0px;text-transform:none\">Fransa\u2019n\u0131n kad\u0131n ba\u015fkan\u0131n\u0131n SCANDAL gecesinin a\u00e7\u0131\u011fa \u00e7\u0131kmas\u0131yla birlikte Scandal By Night o gecenin kokusu oldu. O gece, \u00f6zg\u00fcrl\u00fck ve s\u00fcrprizlerle doluydu t\u0131pk\u0131 hayat\u0131n kendisi gibi&#8230; Jean Paul Gaultier, Paris kad\u0131n\u0131n\u0131n feminitesini Paris gecelerindeki ate\u015fli kom\u015fular\u0131n\u0131n ruhuyla beklenmedik bir \u015fekilde ne\u015feli, seksi, s\u0131ra d\u0131\u015f\u0131 ve kli\u015felerden bir o kadar uzak halde ortaya \u00e7\u0131kar\u0131yor.<\/span><\/span><\/div>\n<\/div>\n<p>&nbsp;<\/p>\n<div class=\"gpsr-supplier-infos\" style=\"font-style:normal;font-weight:400;letter-spacing:normal;margin:24px 0px 0px;padding:0px;text-align:start;text-decoration:none;text-indent:0px;text-transform:none\">\n<p>&nbsp;<\/p>\n<\/div>\n<p>&nbsp;<\/p>\n<div class=\"gpsr-supplier-infos\" style=\"font-style:normal;font-weight:400;letter-spacing:normal;margin:24px 0px 0px;padding:0px;text-align:start;text-decoration:none;text-indent:0px;text-transform:none\">\n<p>&nbsp;<\/p>\n<\/div>\n<p>&nbsp;<\/p>\n<div class=\"gpsr-supplier-infos\" style=\"font-style:normal;font-weight:400;letter-spacing:normal;margin:24px 0px 0px;padding:0px;text-align:start;text-decoration:none;text-indent:0px;text-transform:none\">\n<p>&nbsp;<\/p>\n<\/div>\n<p>&nbsp;<\/p>","protected":false},"excerpt":{"rendered":"<p>Fransa\u2019n\u0131n kad\u0131n ba\u015fkan\u0131n\u0131n SCANDAL gecesinin a\u00e7\u0131\u011fa \u00e7\u0131kmas\u0131yla birlikte Scandal By Night o gecenin kokusu oldu. O gece, \u00f6zg\u00fcrl\u00fck ve s\u00fcrprizlerle doluydu t\u0131pk\u0131 hayat\u0131n kendisi gibi&#8230; Jean Paul Gaultier, Paris kad\u0131n\u0131n\u0131n feminitesini Paris gecelerindeki ate\u015fli kom\u015fular\u0131n\u0131n ruhuyla beklenmedik bir \u015fekilde ne\u015feli, seksi, s\u0131ra d\u0131\u015f\u0131 ve kli\u015felerden bir o kadar uzak halde ortaya \u00e7\u0131kar\u0131yor. &nbsp; &nbsp; &nbsp; [&hellip;]<\/p>","protected":false},"featured_media":13189,"comment_status":"open","ping_status":"closed","template":"","meta":[],"product_brand":[],"product_cat":[144,112],"product_tag":[],"class_list":{"0":"post-13131","1":"product","2":"type-product","3":"status-publish","4":"has-post-thumbnail","6":"product_cat-ithal-kadin-parfum","7":"product_cat-ithal-parfum","9":"first","10":"instock","11":"sale","12":"shipping-taxable","13":"purchasable","14":"product-type-simple"},"jetpack_sharing_enabled":true,"_links":{"self":[{"href":"https:\/\/www.europesstore.com\/en\/wp-json\/wp\/v2\/product\/13131","targetHints":{"allow":["GET"]}}],"collection":[{"href":"https:\/\/www.europesstore.com\/en\/wp-json\/wp\/v2\/product"}],"about":[{"href":"https:\/\/www.europesstore.com\/en\/wp-json\/wp\/v2\/types\/product"}],"replies":[{"embeddable":true,"href":"https:\/\/www.europesstore.com\/en\/wp-json\/wp\/v2\/comments?post=13131"}],"wp:featuredmedia":[{"embeddable":true,"href":"https:\/\/www.europesstore.com\/en\/wp-json\/wp\/v2\/media\/13189"}],"wp:attachment":[{"href":"https:\/\/www.europesstore.com\/en\/wp-json\/wp\/v2\/media?parent=13131"}],"wp:term":[{"taxonomy":"product_brand","embeddable":true,"href":"https:\/\/www.europesstore.com\/en\/wp-json\/wp\/v2\/product_brand?post=13131"},{"taxonomy":"product_cat","embeddable":true,"href":"https:\/\/www.europesstore.com\/en\/wp-json\/wp\/v2\/product_cat?post=13131"},{"taxonomy":"product_tag","embeddable":true,"href":"https:\/\/www.europesstore.com\/en\/wp-json\/wp\/v2\/product_tag?post=13131"}],"curies":[{"name":"wp","href":"https:\/\/api.w.org\/{rel}","templated":true}]}}