{"id":13139,"date":"2025-12-06T10:16:10","date_gmt":"2025-12-06T10:16:10","guid":{"rendered":"https:\/\/europesstore.com\/?post_type=product&#038;p=13139"},"modified":"2025-12-06T10:16:11","modified_gmt":"2025-12-06T10:16:11","slug":"lancome-la-vie-est-belle-en-rose-ledt-kadin-parfum-100-ml","status":"publish","type":"product","link":"https:\/\/www.europesstore.com\/en\/product\/lancome-la-vie-est-belle-en-rose-ledt-kadin-parfum-100-ml\/","title":{"rendered":"LANCOME LA V\u0130E EST BELLE EN ROSE L&#8217;EDT KADIN PARF\u00dcM 100 ML"},"content":{"rendered":"<p><span style=\"font-family:Montserrat-Regular, sans-serif;font-size:14px\"><span style=\"float:none;font-style:normal;font-weight:400;letter-spacing:normal;text-align:left;text-decoration:none;text-indent:0px;text-transform:none\">Lancome La Vie Est Belle En Rose L&#8217;Edt Kad\u0131n Parf\u00fcm 100 Ml G\u00f6r\u00fcn\u00fcm\u00fcnden kokusuna, cazibesinden havas\u0131na tam bir di\u015filik bar\u0131nd\u0131ran parf\u00fcmd\u00fcr. \u00c7i\u00e7eklerin b\u00fcy\u00fcl\u00fc d\u00fcnyas\u0131n\u0131 nadide bayanlara sunan kad\u0131ns\u0131 bir kokudur. Notalar\u0131n da bar\u0131nd\u0131rd\u0131\u011f\u0131 destans\u0131 \u00e7i\u00e7ek harman\u0131 farkl\u0131 bir g\u00f6r\u00fcn\u00fcme davetiye \u00e7\u0131kart\u0131r. &nbsp; Lancome La Vie Est Belle En Rose L&#8217;Edt Cazibesi Ayr\u0131nt\u0131lar\u0131n da gizledi\u011fi b\u00fcy\u00fcl\u00fc havas\u0131 ortam\u0131 derinden etkiler. En \u00f6zel ve en k\u0131ymetli vakitlerinizde rahat\u00e7a kullanabilecek e\u015fsiz bir hava. Lancome La Vie \u00e7\u0131kartm\u0131\u015f oldu\u011fu, mutluluk yayan bir koku. Belle En Rose g\u00fcl\u00fcn ve taptaze \u00e7i\u00e7eklerin sihirli etkisini sizlere sunar. Her kullan\u0131mda ayn\u0131 hazz\u0131 verir. Tasar\u0131m\u0131nda ki g\u00f6z al\u0131c\u0131 havas\u0131n\u0131 kokusunda da bar\u0131nd\u0131r\u0131r. Cazibesi ile etkisinden kurtulamayan bayanlar\u0131n tercihidir. \u0130lk denemeden olu\u015facak fresh havaya hayran kalacaks\u0131n\u0131z. Lancome La Vie Est Belle En Rose L&#8217;Edt Notalar\u0131 \u00dcst Notalar: Portakal \u00c7i\u00e7e\u011fi, Zambak, Yasemin. Orta Notalar : \u0130ris, G\u00fcl. Alt Notalar: Pa\u00e7uli, Bergamot.<\/span><\/span><a style=\"background-color:transparent;border-width:0px;cursor:pointer;font-family:Montserrat-Regular, sans-serif;font-size:inherit;font-style:inherit;letter-spacing:1px;line-height:1.5;margin:0px;padding:0px;text-decoration:none;vertical-align:baseline\" href=\"https:\/\/www.testerparfum.com\/\"><span style=\"font-family:Montserrat-Regular, sans-serif;font-size:0px\"><span style=\"border-width:0px;font-style:normal;font-weight:400;letter-spacing:normal;line-height:inherit;margin:0px;padding:0px;text-align:left;text-decoration:none;text-indent:0px;text-transform:none;vertical-align:baseline\"><strong>Tester Parf\u00fcm<\/strong><\/span><\/span><\/a><span style=\"font-family:Montserrat-Regular, sans-serif;font-size:0px\"><span style=\"border-width:0px;font-style:normal;font-weight:400;letter-spacing:normal;line-height:inherit;margin:0px;padding:0px;text-align:left;text-decoration:none;text-indent:0px;text-transform:none;vertical-align:baseline\"> testerparfum.com<\/span><\/span><\/p>","protected":false},"excerpt":{"rendered":"<p>Lancome La Vie Est Belle En Rose L&#8217;Edt Kad\u0131n Parf\u00fcm 100 Ml G\u00f6r\u00fcn\u00fcm\u00fcnden kokusuna, cazibesinden havas\u0131na tam bir di\u015filik bar\u0131nd\u0131ran parf\u00fcmd\u00fcr. \u00c7i\u00e7eklerin b\u00fcy\u00fcl\u00fc d\u00fcnyas\u0131n\u0131 nadide bayanlara sunan kad\u0131ns\u0131 bir kokudur. Notalar\u0131n da bar\u0131nd\u0131rd\u0131\u011f\u0131 destans\u0131 \u00e7i\u00e7ek harman\u0131 farkl\u0131 bir g\u00f6r\u00fcn\u00fcme davetiye \u00e7\u0131kart\u0131r. &nbsp; Lancome La Vie Est Belle En Rose L&#8217;Edt Cazibesi Ayr\u0131nt\u0131lar\u0131n da gizledi\u011fi b\u00fcy\u00fcl\u00fc [&hellip;]<\/p>","protected":false},"featured_media":13190,"comment_status":"open","ping_status":"closed","template":"","meta":[],"product_brand":[],"product_cat":[144,112],"product_tag":[],"class_list":{"0":"post-13139","1":"product","2":"type-product","3":"status-publish","4":"has-post-thumbnail","6":"product_cat-ithal-kadin-parfum","7":"product_cat-ithal-parfum","9":"first","10":"instock","11":"sale","12":"shipping-taxable","13":"purchasable","14":"product-type-simple"},"jetpack_sharing_enabled":true,"_links":{"self":[{"href":"https:\/\/www.europesstore.com\/en\/wp-json\/wp\/v2\/product\/13139","targetHints":{"allow":["GET"]}}],"collection":[{"href":"https:\/\/www.europesstore.com\/en\/wp-json\/wp\/v2\/product"}],"about":[{"href":"https:\/\/www.europesstore.com\/en\/wp-json\/wp\/v2\/types\/product"}],"replies":[{"embeddable":true,"href":"https:\/\/www.europesstore.com\/en\/wp-json\/wp\/v2\/comments?post=13139"}],"wp:featuredmedia":[{"embeddable":true,"href":"https:\/\/www.europesstore.com\/en\/wp-json\/wp\/v2\/media\/13190"}],"wp:attachment":[{"href":"https:\/\/www.europesstore.com\/en\/wp-json\/wp\/v2\/media?parent=13139"}],"wp:term":[{"taxonomy":"product_brand","embeddable":true,"href":"https:\/\/www.europesstore.com\/en\/wp-json\/wp\/v2\/product_brand?post=13139"},{"taxonomy":"product_cat","embeddable":true,"href":"https:\/\/www.europesstore.com\/en\/wp-json\/wp\/v2\/product_cat?post=13139"},{"taxonomy":"product_tag","embeddable":true,"href":"https:\/\/www.europesstore.com\/en\/wp-json\/wp\/v2\/product_tag?post=13139"}],"curies":[{"name":"wp","href":"https:\/\/api.w.org\/{rel}","templated":true}]}}