{"id":13142,"date":"2025-12-06T10:16:10","date_gmt":"2025-12-06T10:16:10","guid":{"rendered":"https:\/\/europesstore.com\/?post_type=product&#038;p=13142"},"modified":"2025-12-06T10:16:10","modified_gmt":"2025-12-06T10:16:10","slug":"lancome-la-vie-est-belle-intesement-edp-tester-kadin-parfum-75-ml","status":"publish","type":"product","link":"https:\/\/www.europesstore.com\/en\/product\/lancome-la-vie-est-belle-intesement-edp-tester-kadin-parfum-75-ml\/","title":{"rendered":"LANCOME LA V\u0130E EST BELLE INTESEMENT EDP TESTER KADIN PARF\u00dcM -75 ML"},"content":{"rendered":"<div class=\"short-description\" style=\", Helvetica, sans-serif;font-size:12px;font-style:normal;font-weight:300;letter-spacing:normal;line-height:1.25em;margin:15px 0px;padding:0px;text-align:left;text-decoration:none;text-indent:0px;text-transform:none\">\n<div class=\"std\" style=\"margin:0px;padding:0px\"><span style=\", sans-serif;font-size:14px\"><span style=\"float:none;font-style:normal;font-weight:400;letter-spacing:normal;text-align:start;text-decoration:none;text-indent:0px;text-transform:none\">Mutluluk, hepimizin i\u00e7inde ya\u015f\u0131yor! Anl\u0131k, ama co\u015fkulu. H\u0131zl\u0131, ama g\u00fc\u00e7l\u00fc. Her an her yerde. \u015eimdi mutluluk, yeni La Vie Est Belle Intens\u00e9ment Eau de Parfum&#8217;un kalbinde at\u0131yor. \u015eimdi, burada; an\u0131 sonuna kadar ya\u015fa. Yar\u0131n\u0131 bekleme; mutlulu\u011fu her an her yerde yakala!&nbsp;<\/span><\/span><\/p>\n<p><span style=\", sans-serif;font-size:14px\"><span style=\"float:none;font-style:normal;font-weight:400;letter-spacing:normal;text-align:start;text-decoration:none;text-indent:0px;text-transform:none\">La Vie Est Belle Intens\u00e9ment&#8217;\u0131n kokusu lezzetli bir zarafetin g\u00fcl\u00fc\u015f\u00fc ile ayd\u0131nlat\u0131lm\u0131\u015f, g\u00fc\u00e7l\u00fc ve duyusal bir kalbe sahip.&nbsp;Kalbindeki \u0130ris \u00c7i\u00e7e\u011fi, Vanilya \u00c7ekirde\u011fi, Yasemin Zamba\u011f\u0131 \u00d6z\u00fc, Pa\u00e7uli Kalbi ile \u0131\u015f\u0131lt\u0131 sa\u00e7\u0131yor.&nbsp;&nbsp;<\/span><\/span><\/p>\n<p><span style=\", sans-serif;font-size:14px\"><span style=\"float:none;font-style:normal;font-weight:400;letter-spacing:normal;text-align:start;text-decoration:none;text-indent:0px;text-transform:none\">Fransa&#8217;n\u0131n \u00f6nde gelen parf\u00fcm\u00f6rleri taraf\u0131ndan ikonik bir parf\u00fcm \u015fi\u015fesinde Lanc\u00f4me i\u00e7in \u00f6zel olarak yarat\u0131lan ilk Yo\u011fun K\u0131rm\u0131z\u0131-Iris-Vanilya Akoru.&nbsp;<\/span><\/span><\/p>\n<p><b style=\", sans-serif;font-size:14px;font-style:normal;letter-spacing:normal;text-align:start;text-decoration:none;text-indent:0px;text-transform:none\"><strong>Parf\u00fcm Notalar\u0131:<\/strong><\/b><br \/>&nbsp;<\/div>\n<ul style=\", sans-serif;font-size:14px;font-style:normal;font-weight:400;letter-spacing:normal;margin-bottom:2.5rem;margin-top:0px;text-align:start;text-decoration:none;text-indent:0px;text-transform:none\">\n<li style=\"margin-bottom:1rem;margin-top:0px\"><strong>\u00dcst Notalar: <\/strong>Bergamot Ya\u011f\u0131, Pembe Biber Ya\u011f\u0131, Ahududu Akoru<\/li>\n<li style=\"margin-bottom:1rem;margin-top:0px\"><strong>Orta Notalar: <\/strong>Yasemin Zamba\u011f\u0131 \u00d6z\u00fc, Portakal \u00c7i\u00e7e\u011fi \u00d6z\u00fc,<strong>&nbsp;<\/strong>Vanilya \u00c7i\u00e7e\u011fi Akoru<\/li>\n<li style=\"margin-bottom:1rem;margin-top:0px\"><strong>Alt Notalar: <\/strong>Pa\u00e7uli, \u0130ris \u00c7i\u00e7e\u011fi, Benzoin Re\u00e7enesi, Vanilya \u00c7ekirde\u011fi<\/li>\n<\/ul>\n<div class=\"gpsr-supplier-infos\" style=\"font-style:normal;font-weight:400;letter-spacing:normal;margin:24px 0px 0px;padding:0px;text-align:start;text-decoration:none;text-indent:0px;text-transform:none\">\n<p>&nbsp;<\/p>\n<\/div>\n<p>&nbsp;<\/p>\n<\/div>\n<p>&nbsp;<\/p>","protected":false},"excerpt":{"rendered":"<p>La Vie Est Belle Intens\u00e9ment EDP<\/p>","protected":false},"featured_media":13193,"comment_status":"open","ping_status":"closed","template":"","meta":[],"product_brand":[],"product_cat":[144,112],"product_tag":[],"class_list":{"0":"post-13142","1":"product","2":"type-product","3":"status-publish","4":"has-post-thumbnail","6":"product_cat-ithal-kadin-parfum","7":"product_cat-ithal-parfum","9":"first","10":"instock","11":"sale","12":"shipping-taxable","13":"purchasable","14":"product-type-simple"},"jetpack_sharing_enabled":true,"_links":{"self":[{"href":"https:\/\/www.europesstore.com\/en\/wp-json\/wp\/v2\/product\/13142","targetHints":{"allow":["GET"]}}],"collection":[{"href":"https:\/\/www.europesstore.com\/en\/wp-json\/wp\/v2\/product"}],"about":[{"href":"https:\/\/www.europesstore.com\/en\/wp-json\/wp\/v2\/types\/product"}],"replies":[{"embeddable":true,"href":"https:\/\/www.europesstore.com\/en\/wp-json\/wp\/v2\/comments?post=13142"}],"wp:featuredmedia":[{"embeddable":true,"href":"https:\/\/www.europesstore.com\/en\/wp-json\/wp\/v2\/media\/13193"}],"wp:attachment":[{"href":"https:\/\/www.europesstore.com\/en\/wp-json\/wp\/v2\/media?parent=13142"}],"wp:term":[{"taxonomy":"product_brand","embeddable":true,"href":"https:\/\/www.europesstore.com\/en\/wp-json\/wp\/v2\/product_brand?post=13142"},{"taxonomy":"product_cat","embeddable":true,"href":"https:\/\/www.europesstore.com\/en\/wp-json\/wp\/v2\/product_cat?post=13142"},{"taxonomy":"product_tag","embeddable":true,"href":"https:\/\/www.europesstore.com\/en\/wp-json\/wp\/v2\/product_tag?post=13142"}],"curies":[{"name":"wp","href":"https:\/\/api.w.org\/{rel}","templated":true}]}}