{"id":13144,"date":"2025-12-06T10:16:10","date_gmt":"2025-12-06T10:16:10","guid":{"rendered":"https:\/\/europesstore.com\/?post_type=product&#038;p=13144"},"modified":"2026-01-04T19:07:31","modified_gmt":"2026-01-04T19:07:31","slug":"armani-my-way-intense-edp-tester-kadin-parfum-90-ml","status":"publish","type":"product","link":"https:\/\/www.europesstore.com\/en\/product\/armani-my-way-intense-edp-tester-kadin-parfum-90-ml\/","title":{"rendered":"Armani My Way  Intense  EDP  Tester Kad\u0131n Parf\u00fcm- 90 ML"},"content":{"rendered":"<p><span style=\"font-family:AvantGardeMedium, Arial, sans-serif;font-size:16px\"><span style=\"float:none;font-style:normal;font-weight:400;letter-spacing:0.4px;text-align:start;text-decoration:none;text-indent:0px;text-transform:none\">My Way yo\u011fun, kendini ke\u015ffetme, anlaml\u0131 kar\u015f\u0131la\u015fmalar ve g\u00fc\u00e7lendirilmi\u015f deneyimler yolculu\u011funa davettir.&nbsp;<\/span><\/span><br \/><span style=\"font-family:AvantGardeMedium, Arial, sans-serif;font-size:16px\"><span style=\"float:none;font-style:normal;font-weight:400;letter-spacing:0.4px;text-align:start;text-decoration:none;text-indent:0px;text-transform:none\">Ba\u011f\u0131ml\u0131l\u0131k yaratan odunsu bir iz \u00fczerinde, bilin\u00e7li olarak elde edilen malzemelerden yap\u0131lm\u0131\u015f, g\u00fc\u00e7lendirilmi\u015f bir \u00e7i\u00e7eksilik.&nbsp;<\/span><\/span><br \/><span style=\"font-family:AvantGardeMedium, Arial, sans-serif;font-size:16px\"><span style=\"float:none;font-style:normal;font-weight:400;letter-spacing:0.4px;text-align:start;text-decoration:none;text-indent:0px;text-transform:none\">Koku M\u0131s\u0131r&#8217;dan gelen parlak portakal \u00e7i\u00e7e\u011fi notalar\u0131yla a\u00e7\u0131l\u0131r. Hindistan&#8217;dan yeni yo\u011fun s\u00fcmb\u00fclteber kalbi, \u00e7i\u00e7eksi imzan\u0131n kremsi ve kadifemsi y\u00fcz\u00fcn\u00fc ortaya \u00e7\u0131kar\u0131yor.&nbsp;<\/span><\/span><br \/><span style=\"font-family:AvantGardeMedium, Arial, sans-serif;font-size:16px\"><span style=\"float:none;font-style:normal;font-weight:400;letter-spacing:0.4px;text-align:start;text-decoration:none;text-indent:0px;text-transform:none\">Parf\u00fcm\u00fcn temelinde, Yeni Kaledonya&#8217;dan gelen sandal a\u011fac\u0131, Madagaskar&#8217;dan gelen \u015fehvetli bir Vanilya ile bulu\u015ftu\u011funda ba\u011f\u0131ml\u0131l\u0131k yaratan kremsi bir hal al\u0131yor.&nbsp;<\/span><\/span><br \/><span style=\"font-family:AvantGardeMedium, Arial, sans-serif;font-size:16px\"><span style=\"float:none;font-style:normal;font-weight:400;letter-spacing:0.4px;text-align:start;text-decoration:none;text-indent:0px;text-transform:none\">Mavi ve alt\u0131n renkli m\u00fccevher benzeri kapak, t\u00fcm deneyimleri \u00f6zetleyen bir t\u0131ls\u0131m\u0131 simgeliyor.<\/span><\/span><br \/><span style=\"font-family:AvantGardeMedium, Arial, sans-serif;font-size:16px\"><span style=\"float:none;font-style:normal;font-weight:400;letter-spacing:0.4px;text-align:start;text-decoration:none;text-indent:0px;text-transform:none\">Kapakta yakalanan bu anlar\u0131n yo\u011funlu\u011fu, cam\u0131 art\u0131k yar\u0131 saydam mavi yans\u0131malarla y\u0131kand\u0131\u011f\u0131 i\u00e7in My Way Intense \u015fi\u015fesini etkiledi. .&nbsp;<\/span><\/span><br \/><span style=\"font-family:AvantGardeMedium, Arial, sans-serif;font-size:16px\"><span style=\"float:none;font-style:normal;font-weight:400;letter-spacing:0.4px;text-align:start;text-decoration:none;text-indent:0px;text-transform:none\">My Way&#8217;in yenilik\u00e7i yeniden doldurma sistemi, sorumlu ve s\u00fcrd\u00fcr\u00fclebilir i\u00e7erik kaynaklar\u0131 ve orman koruma programlar\u0131 arac\u0131l\u0131\u011f\u0131yla biyolojik \u00e7e\u015fitlili\u011fin korunmas\u0131 sonucunda, MY WAY INTENSE karbon n\u00f6trl\u00fc\u011f\u00fcne ula\u015f\u0131r.&nbsp;<\/span><\/span><br \/><span style=\"font-family:AvantGardeMedium, Arial, sans-serif;font-size:16px\"><span style=\"float:none;font-style:normal;font-weight:400;letter-spacing:0.4px;text-align:start;text-decoration:none;text-indent:0px;text-transform:none\">BEN YA\u015eADI\u011eIM NEY\u0130M.<\/span><\/span><\/p>","protected":false},"excerpt":{"rendered":"<p>My Way yo\u011fun, kendini ke\u015ffetme, anlaml\u0131 kar\u015f\u0131la\u015fmalar ve g\u00fc\u00e7lendirilmi\u015f deneyimler yolculu\u011funa davettir.&nbsp;Ba\u011f\u0131ml\u0131l\u0131k yaratan odunsu bir iz \u00fczerinde, bilin\u00e7li olarak elde edilen malzemelerden yap\u0131lm\u0131\u015f, g\u00fc\u00e7lendirilmi\u015f bir \u00e7i\u00e7eksilik.&nbsp;Koku M\u0131s\u0131r&#8217;dan gelen parlak portakal \u00e7i\u00e7e\u011fi notalar\u0131yla a\u00e7\u0131l\u0131r. Hindistan&#8217;dan yeni yo\u011fun s\u00fcmb\u00fclteber kalbi, \u00e7i\u00e7eksi imzan\u0131n kremsi ve kadifemsi y\u00fcz\u00fcn\u00fc ortaya \u00e7\u0131kar\u0131yor.&nbsp;Parf\u00fcm\u00fcn temelinde, Yeni Kaledonya&#8217;dan gelen sandal a\u011fac\u0131, Madagaskar&#8217;dan gelen \u015fehvetli [&hellip;]<\/p>","protected":false},"featured_media":13195,"comment_status":"open","ping_status":"closed","template":"","meta":[],"product_brand":[],"product_cat":[144,112],"product_tag":[],"class_list":{"0":"post-13144","1":"product","2":"type-product","3":"status-publish","4":"has-post-thumbnail","6":"product_cat-ithal-kadin-parfum","7":"product_cat-ithal-parfum","9":"first","10":"instock","11":"sale","12":"shipping-taxable","13":"purchasable","14":"product-type-simple"},"jetpack_sharing_enabled":true,"_links":{"self":[{"href":"https:\/\/www.europesstore.com\/en\/wp-json\/wp\/v2\/product\/13144","targetHints":{"allow":["GET"]}}],"collection":[{"href":"https:\/\/www.europesstore.com\/en\/wp-json\/wp\/v2\/product"}],"about":[{"href":"https:\/\/www.europesstore.com\/en\/wp-json\/wp\/v2\/types\/product"}],"replies":[{"embeddable":true,"href":"https:\/\/www.europesstore.com\/en\/wp-json\/wp\/v2\/comments?post=13144"}],"wp:featuredmedia":[{"embeddable":true,"href":"https:\/\/www.europesstore.com\/en\/wp-json\/wp\/v2\/media\/13195"}],"wp:attachment":[{"href":"https:\/\/www.europesstore.com\/en\/wp-json\/wp\/v2\/media?parent=13144"}],"wp:term":[{"taxonomy":"product_brand","embeddable":true,"href":"https:\/\/www.europesstore.com\/en\/wp-json\/wp\/v2\/product_brand?post=13144"},{"taxonomy":"product_cat","embeddable":true,"href":"https:\/\/www.europesstore.com\/en\/wp-json\/wp\/v2\/product_cat?post=13144"},{"taxonomy":"product_tag","embeddable":true,"href":"https:\/\/www.europesstore.com\/en\/wp-json\/wp\/v2\/product_tag?post=13144"}],"curies":[{"name":"wp","href":"https:\/\/api.w.org\/{rel}","templated":true}]}}