{"id":13145,"date":"2025-12-06T10:16:10","date_gmt":"2025-12-06T10:16:10","guid":{"rendered":"https:\/\/europesstore.com\/?post_type=product&#038;p=13145"},"modified":"2025-12-06T10:16:10","modified_gmt":"2025-12-06T10:16:10","slug":"armani-my-way-nectar-edp-tester-kadin-parfum-90-ml","status":"publish","type":"product","link":"https:\/\/www.europesstore.com\/en\/product\/armani-my-way-nectar-edp-tester-kadin-parfum-90-ml\/","title":{"rendered":"Armani My Way Nectar  EDP  Tester Kad\u0131n Parf\u00fcm- 90 ML"},"content":{"rendered":"<p style=\"font-family:AvantGardeMedium, Arial, sans-serif;font-size:16px;font-style:normal;font-weight:400;letter-spacing:0.4px;line-height:24px;margin:0px 0px 1.5em;padding:0px;text-align:start;text-decoration:none;text-indent:0px;text-transform:none\">My Way Eau de Parfum Nectar ile feminenitenin en \u00f6zg\u00fcr ruhlu halini ke\u015ffedin. S\u00fcmb\u00fclteber ve armut akorlar\u0131n\u0131n lezzetli birle\u015fiminden do\u011fan bu meyvemsi \u00e7i\u00e7eksi koku, yeni pembe \u015fi\u015fesi ve yar\u0131 transparan kapa\u011f\u0131 ile v\u00fccut buldu. My Way Eau de Parfum Nectar, sulu armut akoru ve aromatik ravent ile ferah bir a\u00e7\u0131l\u0131\u015f yap\u0131yor. Meyvemsi notalar, keskin bergamot kalbi ve dikkat \u00e7ekici portakal \u00e7i\u00e7e\u011fi ile enerjik bir sentez yarat\u0131yor. Beyaz odun ve s\u0131cak sedir a\u011fac\u0131, alt notadaki rahatlat\u0131c\u0131 Bourbon vanilyas\u0131 inf\u00fczyonu ve beyaz misklerin etkisini artt\u0131r\u0131yor.<\/p>\n<p>&nbsp;<\/p>","protected":false},"excerpt":{"rendered":"<p>My Way Eau de Parfum Nectar ile feminenitenin en \u00f6zg\u00fcr ruhlu halini ke\u015ffedin. S\u00fcmb\u00fclteber ve armut akorlar\u0131n\u0131n lezzetli birle\u015fiminden do\u011fan bu meyvemsi \u00e7i\u00e7eksi koku, yeni pembe \u015fi\u015fesi ve yar\u0131 transparan kapa\u011f\u0131 ile v\u00fccut buldu. My Way Eau de Parfum Nectar, sulu armut akoru ve aromatik ravent ile ferah bir a\u00e7\u0131l\u0131\u015f yap\u0131yor. Meyvemsi notalar, keskin bergamot [&hellip;]<\/p>","protected":false},"featured_media":13204,"comment_status":"open","ping_status":"closed","template":"","meta":[],"product_brand":[],"product_cat":[144,112],"product_tag":[],"class_list":{"0":"post-13145","1":"product","2":"type-product","3":"status-publish","4":"has-post-thumbnail","6":"product_cat-ithal-kadin-parfum","7":"product_cat-ithal-parfum","9":"first","10":"instock","11":"sale","12":"shipping-taxable","13":"purchasable","14":"product-type-simple"},"jetpack_sharing_enabled":true,"_links":{"self":[{"href":"https:\/\/www.europesstore.com\/en\/wp-json\/wp\/v2\/product\/13145","targetHints":{"allow":["GET"]}}],"collection":[{"href":"https:\/\/www.europesstore.com\/en\/wp-json\/wp\/v2\/product"}],"about":[{"href":"https:\/\/www.europesstore.com\/en\/wp-json\/wp\/v2\/types\/product"}],"replies":[{"embeddable":true,"href":"https:\/\/www.europesstore.com\/en\/wp-json\/wp\/v2\/comments?post=13145"}],"wp:featuredmedia":[{"embeddable":true,"href":"https:\/\/www.europesstore.com\/en\/wp-json\/wp\/v2\/media\/13204"}],"wp:attachment":[{"href":"https:\/\/www.europesstore.com\/en\/wp-json\/wp\/v2\/media?parent=13145"}],"wp:term":[{"taxonomy":"product_brand","embeddable":true,"href":"https:\/\/www.europesstore.com\/en\/wp-json\/wp\/v2\/product_brand?post=13145"},{"taxonomy":"product_cat","embeddable":true,"href":"https:\/\/www.europesstore.com\/en\/wp-json\/wp\/v2\/product_cat?post=13145"},{"taxonomy":"product_tag","embeddable":true,"href":"https:\/\/www.europesstore.com\/en\/wp-json\/wp\/v2\/product_tag?post=13145"}],"curies":[{"name":"wp","href":"https:\/\/api.w.org\/{rel}","templated":true}]}}