{"id":13155,"date":"2025-12-06T10:16:09","date_gmt":"2025-12-06T10:16:09","guid":{"rendered":"https:\/\/europesstore.com\/?post_type=product&#038;p=13155"},"modified":"2025-12-06T10:16:09","modified_gmt":"2025-12-06T10:16:09","slug":"gucci-flora-gorgeous-gardenia-kadin-tester-parfum","status":"publish","type":"product","link":"https:\/\/www.europesstore.com\/en\/product\/gucci-flora-gorgeous-gardenia-kadin-tester-parfum\/","title":{"rendered":"Gucci Flora Gorgeous Gardenia Kad\u0131n Tester Parf\u00fcm"},"content":{"rendered":"<p><span style=\"font-family:AvantGardeMedium, Arial, sans-serif;font-size:16px\"><span style=\"float:none;font-style:normal;font-weight:400;letter-spacing:0.4px;text-align:start;text-decoration:none;text-indent:0px;text-transform:none\">Fantastik bir d\u00fcnyaya ad\u0131m at\u0131n. Gucci Flora ile ne\u015fe hakim. Ruhtan ar\u0131nm\u0131\u015f ve pozitif enerjiyle dolu t\u00fcm kad\u0131nlar i\u00e7in \u00e7i\u00e7eksi bir imza. Parf\u00fcm, ihti\u015fam\u0131yla zaman\u0131n ba\u015flang\u0131c\u0131ndan beri hayranl\u0131k duyulan Gardenya \u00e7i\u00e7e\u011fi etraf\u0131nda tasarlanm\u0131\u015ft\u0131r, ayr\u0131ca; liks ve sihirli iksirlerde kullan\u0131l\u0131r. Bu efsaneden ve mistik g\u00fcc\u00fc fikrinden ilham alan beyaz Gardenya&#8217;n\u0131n muhte\u015fem notas\u0131 onunla ili\u015fkilendirilir.<\/span><\/span><\/p>","protected":false},"excerpt":{"rendered":"<p>Fantastik bir d\u00fcnyaya ad\u0131m at\u0131n. Gucci Flora ile ne\u015fe hakim. Ruhtan ar\u0131nm\u0131\u015f ve pozitif enerjiyle dolu t\u00fcm kad\u0131nlar i\u00e7in \u00e7i\u00e7eksi bir imza. Parf\u00fcm, ihti\u015fam\u0131yla zaman\u0131n ba\u015flang\u0131c\u0131ndan beri hayranl\u0131k duyulan Gardenya \u00e7i\u00e7e\u011fi etraf\u0131nda tasarlanm\u0131\u015ft\u0131r, ayr\u0131ca; liks ve sihirli iksirlerde kullan\u0131l\u0131r. Bu efsaneden ve mistik g\u00fcc\u00fc fikrinden ilham alan beyaz Gardenya&#8217;n\u0131n muhte\u015fem notas\u0131 onunla ili\u015fkilendirilir.<\/p>","protected":false},"featured_media":13207,"comment_status":"open","ping_status":"closed","template":"","meta":[],"product_brand":[],"product_cat":[144,112],"product_tag":[],"class_list":{"0":"post-13155","1":"product","2":"type-product","3":"status-publish","4":"has-post-thumbnail","6":"product_cat-ithal-kadin-parfum","7":"product_cat-ithal-parfum","9":"first","10":"instock","11":"sale","12":"shipping-taxable","13":"purchasable","14":"product-type-simple"},"jetpack_sharing_enabled":true,"_links":{"self":[{"href":"https:\/\/www.europesstore.com\/en\/wp-json\/wp\/v2\/product\/13155","targetHints":{"allow":["GET"]}}],"collection":[{"href":"https:\/\/www.europesstore.com\/en\/wp-json\/wp\/v2\/product"}],"about":[{"href":"https:\/\/www.europesstore.com\/en\/wp-json\/wp\/v2\/types\/product"}],"replies":[{"embeddable":true,"href":"https:\/\/www.europesstore.com\/en\/wp-json\/wp\/v2\/comments?post=13155"}],"wp:featuredmedia":[{"embeddable":true,"href":"https:\/\/www.europesstore.com\/en\/wp-json\/wp\/v2\/media\/13207"}],"wp:attachment":[{"href":"https:\/\/www.europesstore.com\/en\/wp-json\/wp\/v2\/media?parent=13155"}],"wp:term":[{"taxonomy":"product_brand","embeddable":true,"href":"https:\/\/www.europesstore.com\/en\/wp-json\/wp\/v2\/product_brand?post=13155"},{"taxonomy":"product_cat","embeddable":true,"href":"https:\/\/www.europesstore.com\/en\/wp-json\/wp\/v2\/product_cat?post=13155"},{"taxonomy":"product_tag","embeddable":true,"href":"https:\/\/www.europesstore.com\/en\/wp-json\/wp\/v2\/product_tag?post=13155"}],"curies":[{"name":"wp","href":"https:\/\/api.w.org\/{rel}","templated":true}]}}