{"id":13157,"date":"2025-12-06T10:16:09","date_gmt":"2025-12-06T10:16:09","guid":{"rendered":"https:\/\/europesstore.com\/?post_type=product&#038;p=13157"},"modified":"2025-12-06T10:16:09","modified_gmt":"2025-12-06T10:16:09","slug":"gucci-flora-gorgeous-puppy-kadin-tester-parfum-100-ml","status":"publish","type":"product","link":"https:\/\/www.europesstore.com\/en\/product\/gucci-flora-gorgeous-puppy-kadin-tester-parfum-100-ml\/","title":{"rendered":"Gucci Flora Gorgeous Puppy  Kad\u0131n Tester Parf\u00fcm- 100 ML"},"content":{"rendered":"<p style=\"font-family:AvantGardeMedium, Arial, sans-serif;font-size:1rem;font-style:normal;font-weight:400;letter-spacing:0.4px;line-height:24px;margin:0px 0px 1.5em;padding:0px;text-align:start;text-decoration:none;text-indent:0px;text-transform:none\">Flora Gorgeous Jasmine, \u0130spanyol Yasemini liderli\u011findeki \u0131\u015f\u0131lt\u0131l\u0131 bir kompozisyonla parl\u0131yor. Rahatlat\u0131c\u0131 ve yat\u0131\u015ft\u0131r\u0131c\u0131 duygular i\u00e7in huzurlu bir mutluluk iksiri.&nbsp;<\/p>\n<div class=\"gpsr-supplier-infos\" style=\"font-style:normal;font-weight:400;letter-spacing:normal;margin:24px 0px 0px;padding:0px;text-align:start;text-decoration:none;text-indent:0px;text-transform:none\">\n<p>&nbsp;<\/p>\n<\/div>\n<p>&nbsp;<\/p>","protected":false},"excerpt":{"rendered":"<p>Flora Gorgeous Jasmine, \u0130spanyol Yasemini liderli\u011findeki \u0131\u015f\u0131lt\u0131l\u0131 bir kompozisyonla parl\u0131yor. Rahatlat\u0131c\u0131 ve yat\u0131\u015ft\u0131r\u0131c\u0131 duygular i\u00e7in huzurlu bir mutluluk iksiri.&nbsp; &nbsp; &nbsp;<\/p>","protected":false},"featured_media":13209,"comment_status":"open","ping_status":"closed","template":"","meta":[],"product_brand":[],"product_cat":[144,112],"product_tag":[],"class_list":{"0":"post-13157","1":"product","2":"type-product","3":"status-publish","4":"has-post-thumbnail","6":"product_cat-ithal-kadin-parfum","7":"product_cat-ithal-parfum","9":"first","10":"instock","11":"sale","12":"shipping-taxable","13":"purchasable","14":"product-type-simple"},"jetpack_sharing_enabled":true,"_links":{"self":[{"href":"https:\/\/www.europesstore.com\/en\/wp-json\/wp\/v2\/product\/13157","targetHints":{"allow":["GET"]}}],"collection":[{"href":"https:\/\/www.europesstore.com\/en\/wp-json\/wp\/v2\/product"}],"about":[{"href":"https:\/\/www.europesstore.com\/en\/wp-json\/wp\/v2\/types\/product"}],"replies":[{"embeddable":true,"href":"https:\/\/www.europesstore.com\/en\/wp-json\/wp\/v2\/comments?post=13157"}],"wp:featuredmedia":[{"embeddable":true,"href":"https:\/\/www.europesstore.com\/en\/wp-json\/wp\/v2\/media\/13209"}],"wp:attachment":[{"href":"https:\/\/www.europesstore.com\/en\/wp-json\/wp\/v2\/media?parent=13157"}],"wp:term":[{"taxonomy":"product_brand","embeddable":true,"href":"https:\/\/www.europesstore.com\/en\/wp-json\/wp\/v2\/product_brand?post=13157"},{"taxonomy":"product_cat","embeddable":true,"href":"https:\/\/www.europesstore.com\/en\/wp-json\/wp\/v2\/product_cat?post=13157"},{"taxonomy":"product_tag","embeddable":true,"href":"https:\/\/www.europesstore.com\/en\/wp-json\/wp\/v2\/product_tag?post=13157"}],"curies":[{"name":"wp","href":"https:\/\/api.w.org\/{rel}","templated":true}]}}