{"id":13159,"date":"2025-12-06T10:16:09","date_gmt":"2025-12-06T10:16:09","guid":{"rendered":"https:\/\/europesstore.com\/?post_type=product&#038;p=13159"},"modified":"2025-12-06T10:16:09","modified_gmt":"2025-12-06T10:16:09","slug":"gucci-bloom-flore-kadin-tester-parfum-100-ml-2","status":"publish","type":"product","link":"https:\/\/www.europesstore.com\/en\/product\/gucci-bloom-flore-kadin-tester-parfum-100-ml-2\/","title":{"rendered":"Gucci Bloom Flore  Kad\u0131n Tester Parf\u00fcm- 100 ML"},"content":{"rendered":"<p style=\"font-family:AvantGardeMedium, Arial, sans-serif;font-size:1rem;font-style:normal;font-weight:400;letter-spacing:0.4px;line-height:24px;margin:0px 0px 1.5em;padding:0px;text-align:start;text-decoration:none;text-indent:0px;text-transform:none\"><span style=\"font-family:AvantGardeMedium, Arial, sans-serif;font-size:16px\"><span style=\"float:none;font-style:normal;font-weight:400;letter-spacing:0.4px;text-align:start;text-decoration:none;text-indent:0px;text-transform:none\">Gucci&#8217;nin \u00e7a\u011fda\u015f, farkl\u0131 ve otantik kad\u0131nlar\u0131n\u0131n ruhunu yakalayan Bloom, yarat\u0131c\u0131 y\u00f6netmen Alessandro Michele\u2019in parf\u00fcm evi i\u00e7in ilk kokusu. Geli\u015fen bir \u00e7i\u00e7ek bah\u00e7esi olarak tasarlanan Bloom, ad\u0131 gibi a\u00e7\u0131lmak i\u00e7in yarat\u0131lm\u0131\u015ft\u0131r. Yarat\u0131c\u0131 y\u00f6netmen kokuyu, farkl\u0131 t\u00fcrde \u00e7i\u00e7eklerle dolu zengin bir bah\u00e7e ve yayd\u0131\u011f\u0131 zengin parf\u00fcm olarak tasarlad\u0131. Orijinallik, kalite, y\u00fcksek konsantrasyonda do\u011fal i\u00e7erikler ile dokunur. Do\u011fal S\u00fcmb\u00fclteber ve Yasemin notlar\u0131, ciltte beklenmedik derecede zengin beyaz bir \u00e7i\u00e7ek kokusu b\u0131rak\u0131r. Rangoon Sarma\u015f\u0131k, \u00e7i\u00e7ek a\u00e7t\u0131\u011f\u0131 zaman renk de\u011fi\u015ftiren bir bitki, pudral\u0131 \u00e7i\u00e7ek kenar\u0131 inf\u00fcze eder. Asma \u00e7i\u00e7ekleri pudral\u0131 kokusu ile kad\u0131ns\u0131 \u00e7i\u00e7eksi bir parf\u00fcm. Kampanyada Bloom&#8217;un, esinlenerek yaratt\u0131\u011f\u0131 yemye\u015fil bah\u00e7eye ta\u015f\u0131nabilme kabiliyeti ve aktris Dakota Johnson, model ve oyuncu Hari Nef ve sanat\u00e7\u0131 Petra Collins bulunuyor. Alessandro Michele&#8217;in arkada\u015flar\u0131, Gucci\u2019nin yeni vizyonu ile hayranl\u0131k duyduklar\u0131 yetenekleriyle parf\u00fcm evi ile \u00f6zel bir ba\u011flant\u0131ya sahipler.<\/span><\/span><\/p>\n<div class=\"gpsr-supplier-infos\" style=\"font-style:normal;font-weight:400;letter-spacing:normal;margin:24px 0px 0px;padding:0px;text-align:start;text-decoration:none;text-indent:0px;text-transform:none\">\n<p>&nbsp;<\/p>\n<\/div>\n<p>&nbsp;<\/p>","protected":false},"excerpt":{"rendered":"<p>Gucci&#8217;nin \u00e7a\u011fda\u015f, farkl\u0131 ve otantik kad\u0131nlar\u0131n\u0131n ruhunu yakalayan Bloom, yarat\u0131c\u0131 y\u00f6netmen Alessandro Michele\u2019in parf\u00fcm evi i\u00e7in ilk kokusu. Geli\u015fen bir \u00e7i\u00e7ek bah\u00e7esi olarak tasarlanan Bloom, ad\u0131 gibi a\u00e7\u0131lmak i\u00e7in yarat\u0131lm\u0131\u015ft\u0131r. Yarat\u0131c\u0131 y\u00f6netmen kokuyu, farkl\u0131 t\u00fcrde \u00e7i\u00e7eklerle dolu zengin bir bah\u00e7e ve yayd\u0131\u011f\u0131 zengin parf\u00fcm olarak tasarlad\u0131. Orijinallik, kalite, y\u00fcksek konsantrasyonda do\u011fal i\u00e7erikler ile dokunur. Do\u011fal [&hellip;]<\/p>","protected":false},"featured_media":13211,"comment_status":"open","ping_status":"closed","template":"","meta":[],"product_brand":[],"product_cat":[144,112],"product_tag":[],"class_list":{"0":"post-13159","1":"product","2":"type-product","3":"status-publish","4":"has-post-thumbnail","6":"product_cat-ithal-kadin-parfum","7":"product_cat-ithal-parfum","9":"first","10":"instock","11":"sale","12":"shipping-taxable","13":"purchasable","14":"product-type-simple"},"jetpack_sharing_enabled":true,"_links":{"self":[{"href":"https:\/\/www.europesstore.com\/en\/wp-json\/wp\/v2\/product\/13159","targetHints":{"allow":["GET"]}}],"collection":[{"href":"https:\/\/www.europesstore.com\/en\/wp-json\/wp\/v2\/product"}],"about":[{"href":"https:\/\/www.europesstore.com\/en\/wp-json\/wp\/v2\/types\/product"}],"replies":[{"embeddable":true,"href":"https:\/\/www.europesstore.com\/en\/wp-json\/wp\/v2\/comments?post=13159"}],"wp:featuredmedia":[{"embeddable":true,"href":"https:\/\/www.europesstore.com\/en\/wp-json\/wp\/v2\/media\/13211"}],"wp:attachment":[{"href":"https:\/\/www.europesstore.com\/en\/wp-json\/wp\/v2\/media?parent=13159"}],"wp:term":[{"taxonomy":"product_brand","embeddable":true,"href":"https:\/\/www.europesstore.com\/en\/wp-json\/wp\/v2\/product_brand?post=13159"},{"taxonomy":"product_cat","embeddable":true,"href":"https:\/\/www.europesstore.com\/en\/wp-json\/wp\/v2\/product_cat?post=13159"},{"taxonomy":"product_tag","embeddable":true,"href":"https:\/\/www.europesstore.com\/en\/wp-json\/wp\/v2\/product_tag?post=13159"}],"curies":[{"name":"wp","href":"https:\/\/api.w.org\/{rel}","templated":true}]}}