{"id":13167,"date":"2025-12-06T10:16:08","date_gmt":"2025-12-06T10:16:08","guid":{"rendered":"https:\/\/europesstore.com\/?post_type=product&#038;p=13167"},"modified":"2025-12-06T10:16:08","modified_gmt":"2025-12-06T10:16:08","slug":"lancome-tresor-midnight-rose-tester-kadin-parfum-75-ml","status":"publish","type":"product","link":"https:\/\/www.europesstore.com\/en\/product\/lancome-tresor-midnight-rose-tester-kadin-parfum-75-ml\/","title":{"rendered":"LANC\u00d4ME Tr\u00e9sor Midnight Rose Tester Kad\u0131n Parf\u00fcm-75 ML"},"content":{"rendered":"<p style=\"font-family: AvantGardeMedium, Arial, sans-serif; font-size: 1rem; font-style: normal; font-weight: 400; letter-spacing: 0.4px; line-height: 24px; margin: 0px 0px 1.5em; padding: 0px; text-align: start; text-decoration: none; text-indent: 0px; text-transform: none;\"><span style=\"font-family: -webkit-standard; font-size: medium;\"><span style=\"float: none; font-style: normal; font-weight: 400; letter-spacing: normal; text-align: start; text-decoration: none; text-indent: 0px; text-transform: none;\">Kalpleri Lanc\u00f4me&#8217;un ele avuca s\u0131\u011fmayan kokusu Tr\u00e9sor Midnight Rose ile fethedin. Cazibeli, muzip, ayn\u0131 zamanda b\u00fcy\u00fcleyici. Ahududu, g\u00fcl, vanilya ve miskin \u00e7ekici ve tatl\u0131 kar\u0131\u015f\u0131m\u0131, uslu durmayan feminenli\u011fi yans\u0131t\u0131yor. \u00dcst notalarda ahududu ve frenk \u00fcz\u00fcm\u00fc akorlar\u0131n\u0131n orta notalarda ikonik g\u00fcl, hayat dolu yasemin, \u015fakay\u0131k ve pembe biber ile birle\u015fimi; alt notalardaki vanilya ve misk ile harmanlan\u0131yor. Tr\u00e9sor Midnight Rose \u015fi\u015fesi ilham\u0131n\u0131 g\u00fcn\u00fcn romantik zamanlar\u0131ndan al\u0131r, gece yar\u0131s\u0131ndan hemen \u00f6ncesinden. Pembeden mora do\u011fru giydirilen zarif \u015fi\u015fe g\u00f6ky\u00fcz\u00fcn\u00fcn o andaki \u0131\u015f\u0131klar\u0131n\u0131 yans\u0131t\u0131r. \u0130konik elmas kapa\u011f\u0131n\u0131n alt\u0131nda, boynunda bir gece g\u00fcl\u00fc saten mor yapraklar\u0131 ile \u00e7i\u00e7ek a\u00e7ar.<\/span><\/span><\/p>\n<div class=\"gpsr-supplier-infos\" style=\"font-style: normal; font-weight: 400; letter-spacing: normal; margin: 24px 0px 0px; padding: 0px; text-align: start; text-decoration: none; text-indent: 0px; text-transform: none;\">\n<p>&nbsp;<\/p>\n<\/div>\n<p>&nbsp;<\/p>\n<div class=\"gpsr-supplier-infos\" style=\"font-style: normal; font-weight: 400; letter-spacing: normal; margin: 24px 0px 0px; padding: 0px; text-align: start; text-decoration: none; text-indent: 0px; text-transform: none;\">\n<p>&nbsp;<\/p>\n<\/div>\n<p>&nbsp;<\/p>","protected":false},"excerpt":{"rendered":"<p>Kalpleri Lanc\u00f4me&#8217;un ele avuca s\u0131\u011fmayan kokusu Tr\u00e9sor Midnight Rose ile fethedin. Cazibeli, muzip, ayn\u0131 zamanda b\u00fcy\u00fcleyici. Ahududu, g\u00fcl, vanilya ve miskin \u00e7ekici ve tatl\u0131 kar\u0131\u015f\u0131m\u0131, uslu durmayan feminenli\u011fi yans\u0131t\u0131yor. \u00dcst notalarda ahududu ve frenk \u00fcz\u00fcm\u00fc akorlar\u0131n\u0131n orta notalarda ikonik g\u00fcl, hayat dolu yasemin, \u015fakay\u0131k ve pembe biber ile birle\u015fimi; alt notalardaki vanilya ve misk ile [&hellip;]<\/p>","protected":false},"featured_media":13220,"comment_status":"open","ping_status":"closed","template":"","meta":[],"product_brand":[],"product_cat":[144,112],"product_tag":[],"class_list":{"0":"post-13167","1":"product","2":"type-product","3":"status-publish","4":"has-post-thumbnail","6":"product_cat-ithal-kadin-parfum","7":"product_cat-ithal-parfum","9":"first","10":"instock","11":"sale","12":"shipping-taxable","13":"purchasable","14":"product-type-simple"},"jetpack_sharing_enabled":true,"_links":{"self":[{"href":"https:\/\/www.europesstore.com\/en\/wp-json\/wp\/v2\/product\/13167","targetHints":{"allow":["GET"]}}],"collection":[{"href":"https:\/\/www.europesstore.com\/en\/wp-json\/wp\/v2\/product"}],"about":[{"href":"https:\/\/www.europesstore.com\/en\/wp-json\/wp\/v2\/types\/product"}],"replies":[{"embeddable":true,"href":"https:\/\/www.europesstore.com\/en\/wp-json\/wp\/v2\/comments?post=13167"}],"wp:featuredmedia":[{"embeddable":true,"href":"https:\/\/www.europesstore.com\/en\/wp-json\/wp\/v2\/media\/13220"}],"wp:attachment":[{"href":"https:\/\/www.europesstore.com\/en\/wp-json\/wp\/v2\/media?parent=13167"}],"wp:term":[{"taxonomy":"product_brand","embeddable":true,"href":"https:\/\/www.europesstore.com\/en\/wp-json\/wp\/v2\/product_brand?post=13167"},{"taxonomy":"product_cat","embeddable":true,"href":"https:\/\/www.europesstore.com\/en\/wp-json\/wp\/v2\/product_cat?post=13167"},{"taxonomy":"product_tag","embeddable":true,"href":"https:\/\/www.europesstore.com\/en\/wp-json\/wp\/v2\/product_tag?post=13167"}],"curies":[{"name":"wp","href":"https:\/\/api.w.org\/{rel}","templated":true}]}}