{"id":13172,"date":"2025-12-06T10:16:08","date_gmt":"2025-12-06T10:16:08","guid":{"rendered":"https:\/\/europesstore.com\/?post_type=product&#038;p=13172"},"modified":"2025-12-12T09:01:44","modified_gmt":"2025-12-12T09:01:44","slug":"dior-sauvage-cherry-elixir-erkek-parfum-100-ml","status":"publish","type":"product","link":"https:\/\/www.europesstore.com\/en\/product\/dior-sauvage-cherry-elixir-erkek-parfum-100-ml\/","title":{"rendered":"Dior Sauvage Cherry Elixir Erkek PARF\u00dcM &#8211; 100 ML"},"content":{"rendered":"<div class=\"short-description\" style=\", Helvetica, sans-serif;font-size:12px;font-style:normal;font-weight:300;letter-spacing:normal;line-height:1.25em;margin:15px 0px;padding:0px;text-align:left;text-decoration:none;text-indent:0px;text-transform:none\">\n<div class=\"std\" style=\"margin:0px;padding:0px\">Mutlulu\u011fun en yo\u011fun hali<\/p>\n<p>\u0130ris \u00e7i\u00e7e\u011finin b\u00fcy\u00fcleyici dokunu\u015funa sahip ikonik koku hayat\u0131 daha da g\u00fczel yapan 2 farkl\u0131 i\u00e7erik ile yeniden yorumland\u0131:S\u00fcmb\u00fclteber, duyulara hitap eden, zarafeti temsil eden beyaz \u00e7i\u00e7ek.F\u0131nd\u0131k, mutlulu\u011fun en leziz hali<\/p><\/div>\n<\/div>\n<p>&nbsp;<\/p>","protected":false},"excerpt":{"rendered":"<p>Mutlulu\u011fun en yo\u011fun hali \u0130ris \u00e7i\u00e7e\u011finin b\u00fcy\u00fcleyici dokunu\u015funa sahip ikonik koku hayat\u0131 daha da g\u00fczel yapan 2 farkl\u0131 i\u00e7erik ile yeniden yorumland\u0131:S\u00fcmb\u00fclteber, duyulara hitap eden, zarafeti temsil eden beyaz \u00e7i\u00e7ek.F\u0131nd\u0131k, mutlulu\u011fun en leziz hali &nbsp;<\/p>","protected":false},"featured_media":13225,"comment_status":"open","ping_status":"closed","template":"","meta":[],"product_brand":[39],"product_cat":[146,112],"product_tag":[],"class_list":{"0":"post-13172","1":"product","2":"type-product","3":"status-publish","4":"has-post-thumbnail","6":"product_brand-dior","7":"product_cat-ithal-erkek-parfum","8":"product_cat-ithal-parfum","10":"first","11":"onbackorder","12":"sale","13":"shipping-taxable","14":"purchasable","15":"product-type-simple"},"jetpack_sharing_enabled":true,"_links":{"self":[{"href":"https:\/\/www.europesstore.com\/en\/wp-json\/wp\/v2\/product\/13172","targetHints":{"allow":["GET"]}}],"collection":[{"href":"https:\/\/www.europesstore.com\/en\/wp-json\/wp\/v2\/product"}],"about":[{"href":"https:\/\/www.europesstore.com\/en\/wp-json\/wp\/v2\/types\/product"}],"replies":[{"embeddable":true,"href":"https:\/\/www.europesstore.com\/en\/wp-json\/wp\/v2\/comments?post=13172"}],"wp:featuredmedia":[{"embeddable":true,"href":"https:\/\/www.europesstore.com\/en\/wp-json\/wp\/v2\/media\/13225"}],"wp:attachment":[{"href":"https:\/\/www.europesstore.com\/en\/wp-json\/wp\/v2\/media?parent=13172"}],"wp:term":[{"taxonomy":"product_brand","embeddable":true,"href":"https:\/\/www.europesstore.com\/en\/wp-json\/wp\/v2\/product_brand?post=13172"},{"taxonomy":"product_cat","embeddable":true,"href":"https:\/\/www.europesstore.com\/en\/wp-json\/wp\/v2\/product_cat?post=13172"},{"taxonomy":"product_tag","embeddable":true,"href":"https:\/\/www.europesstore.com\/en\/wp-json\/wp\/v2\/product_tag?post=13172"}],"curies":[{"name":"wp","href":"https:\/\/api.w.org\/{rel}","templated":true}]}}