{"id":13187,"date":"2025-12-06T10:29:15","date_gmt":"2025-12-06T10:29:15","guid":{"rendered":"https:\/\/europesstore.com\/?post_type=product&#038;p=13187"},"modified":"2025-12-12T09:01:43","modified_gmt":"2025-12-12T09:01:43","slug":"sauvage-eau-de-tester-erkek-parfum-100-ml","status":"publish","type":"product","link":"https:\/\/www.europesstore.com\/en\/product\/sauvage-eau-de-tester-erkek-parfum-100-ml\/","title":{"rendered":"Sauvage Eau de Tester Erkek Parf\u00fcm &#8211; 100 ML"},"content":{"rendered":"<div class=\"short-description\" style=\", helvetica, sans-serif;font-size: 12px; font-style: normal; font-weight: 300; letter-spacing: normal; line-height: 1.25em; margin: 15px 0px; padding: 0px; text-align: left; text-decoration: none; text-indent: 0px; text-transform: none;\">\n<div class=\"short-description\" style=\", helvetica, sans-serif;font-size: 12px; font-style: normal; font-weight: 300; letter-spacing: normal; line-height: 1.25em; margin: 15px 0px; padding: 0px; text-align: left; text-decoration: none; text-indent: 0px; text-transform: none;\">\n<div class=\"ewa-rteLine\" style=\"font-size: 16px; font-style: normal; font-weight: 400; letter-spacing: normal; text-align: start; text-indent: 0px; text-transform: none;\"><span style=\"font-family: AvantGardeMedium, Arial, sans-serif; font-size: 16px;\"><span style=\"float: none; font-style: normal; font-weight: 400; letter-spacing: 0.4px; text-align: start; text-indent: 0px; text-transform: none;\">Sauvage&#8217;\u0131n g\u00fc\u00e7l\u00fc tazeli\u011fi, yeni duygusal ve gizemli y\u00f6nlerini ortaya \u00e7\u0131kar\u0131yor. Sulu Bergamot, duyusall\u0131\u011f\u0131 artt\u0131rmak i\u00e7in baharatl\u0131 notalar\u0131 davet ediyor; Ambroksan ve Papua Yeni Gine Vanilya aromas\u0131yla etraf\u0131 sar\u0131l\u0131yor. Dior Parf\u00fcm Yarat\u0131c\u0131s\u0131,\u00a0<\/span><\/span><\/p>\n<p><span style=\"font-family: AvantGardeMedium, Arial, sans-serif; font-size: 16px;\"><span style=\"float: none; font-style: normal; font-weight: 400; letter-spacing: 0.4px; text-align: start; text-indent: 0px; text-transform: none;\">\u00a0Gecenin so\u011fu\u011fu \u00e7\u00f6l\u00fcn yak\u0131c\u0131l\u0131\u011f\u0131yla bu e\u015fsiz kokuda bulu\u015fuyor.<\/span><\/span><\/div>\n<\/div>\n<\/div>\n<p>&nbsp;<\/p>","protected":false},"excerpt":{"rendered":"<p>Sauvage&#8217;\u0131n g\u00fc\u00e7l\u00fc tazeli\u011fi, yeni duygusal ve gizemli y\u00f6nlerini ortaya \u00e7\u0131kar\u0131yor. Sulu Bergamot, duyusall\u0131\u011f\u0131 artt\u0131rmak i\u00e7in baharatl\u0131 notalar\u0131 davet ediyor; Ambroksan ve Papua Yeni Gine Vanilya aromas\u0131yla etraf\u0131 sar\u0131l\u0131yor. Dior Parf\u00fcm Yarat\u0131c\u0131s\u0131,\u00a0 \u00a0Gecenin so\u011fu\u011fu \u00e7\u00f6l\u00fcn yak\u0131c\u0131l\u0131\u011f\u0131yla bu e\u015fsiz kokuda bulu\u015fuyor. &nbsp;<\/p>","protected":false},"featured_media":13240,"comment_status":"open","ping_status":"closed","template":"","meta":[],"product_brand":[39],"product_cat":[146,112],"product_tag":[],"class_list":{"0":"post-13187","1":"product","2":"type-product","3":"status-publish","4":"has-post-thumbnail","6":"product_brand-dior","7":"product_cat-ithal-erkek-parfum","8":"product_cat-ithal-parfum","10":"first","11":"instock","12":"sale","13":"shipping-taxable","14":"purchasable","15":"product-type-simple"},"jetpack_sharing_enabled":true,"_links":{"self":[{"href":"https:\/\/www.europesstore.com\/en\/wp-json\/wp\/v2\/product\/13187","targetHints":{"allow":["GET"]}}],"collection":[{"href":"https:\/\/www.europesstore.com\/en\/wp-json\/wp\/v2\/product"}],"about":[{"href":"https:\/\/www.europesstore.com\/en\/wp-json\/wp\/v2\/types\/product"}],"replies":[{"embeddable":true,"href":"https:\/\/www.europesstore.com\/en\/wp-json\/wp\/v2\/comments?post=13187"}],"wp:featuredmedia":[{"embeddable":true,"href":"https:\/\/www.europesstore.com\/en\/wp-json\/wp\/v2\/media\/13240"}],"wp:attachment":[{"href":"https:\/\/www.europesstore.com\/en\/wp-json\/wp\/v2\/media?parent=13187"}],"wp:term":[{"taxonomy":"product_brand","embeddable":true,"href":"https:\/\/www.europesstore.com\/en\/wp-json\/wp\/v2\/product_brand?post=13187"},{"taxonomy":"product_cat","embeddable":true,"href":"https:\/\/www.europesstore.com\/en\/wp-json\/wp\/v2\/product_cat?post=13187"},{"taxonomy":"product_tag","embeddable":true,"href":"https:\/\/www.europesstore.com\/en\/wp-json\/wp\/v2\/product_tag?post=13187"}],"curies":[{"name":"wp","href":"https:\/\/api.w.org\/{rel}","templated":true}]}}