{"id":13197,"date":"2025-12-06T10:22:48","date_gmt":"2025-12-06T10:22:48","guid":{"rendered":"https:\/\/europesstore.com\/?post_type=product&#038;p=13197"},"modified":"2025-12-06T10:22:48","modified_gmt":"2025-12-06T10:22:48","slug":"my-burberry-eau-de-tester-kadin-parfum-90-ml","status":"publish","type":"product","link":"https:\/\/www.europesstore.com\/en\/product\/my-burberry-eau-de-tester-kadin-parfum-90-ml\/","title":{"rendered":"My Burberry &#8211; Eau de Tester Kad\u0131n Parf\u00fcm 90 ML"},"content":{"rendered":"<div class=\"short-description\" style=\", helvetica, sans-serif;font-size: 12px; font-style: normal; font-weight: 300; letter-spacing: normal; line-height: 1.25em; margin: 15px 0px; padding: 0px; text-align: left; text-decoration: none; text-indent: 0px; text-transform: none;\">\n<div class=\"short-description\" style=\", helvetica, sans-serif;font-size: 12px; font-style: normal; font-weight: 300; letter-spacing: normal; line-height: 1.25em; margin: 15px 0px; padding: 0px; text-align: left; text-decoration: none; text-indent: 0px; text-transform: none;\">\n<div class=\"ewa-rteLine\" style=\"font-size: 16px; font-style: normal; font-weight: 400; letter-spacing: normal; text-align: start; text-indent: 0px; text-transform: none;\"><span style=\"font-family: AvantGardeMedium, Arial, sans-serif; font-size: 16px;\"><span style=\"float: none; font-style: normal; font-weight: 400; letter-spacing: 0.4px; text-align: start; text-indent: 0px; text-transform: none;\">My Burberry, ya\u011fmurdan sonra Londra bah\u00e7esinin kokusunu yakalar. \u00c7i\u00e7eksi koku, orijinal sardunya yapra\u011f\u0131 ipucu ile zenginle\u015ftirilmi\u015f narin bir g\u00fcl kalbinin etraf\u0131nda \u00e7i\u00e7ek a\u00e7ar.<\/span><\/span><\/p>\n<p><span style=\"font-family: AvantGardeMedium, Arial, sans-serif; font-size: 16px;\"><span style=\"float: none; font-style: normal; font-weight: 400; letter-spacing: 0.4px; text-align: start; text-indent: 0px; text-transform: none;\">Tatl\u0131 bezelye ve bergamotun \u00fcst notalar\u0131, pa\u00e7uli ve g\u00fcl-damascena ve ya\u011fmurla tazelenen kantaron ile yumu\u015fat\u0131lm\u0131\u015f sardunya, alt\u0131n ayva ve frezyan\u0131n kalbine kar\u0131\u015f\u0131r.<\/span><\/span><\/div>\n<\/div>\n<\/div>\n<p>&nbsp;<\/p>","protected":false},"excerpt":{"rendered":"<p>My Burberry, ya\u011fmurdan sonra Londra bah\u00e7esinin kokusunu yakalar. \u00c7i\u00e7eksi koku, orijinal sardunya yapra\u011f\u0131 ipucu ile zenginle\u015ftirilmi\u015f narin bir g\u00fcl kalbinin etraf\u0131nda \u00e7i\u00e7ek a\u00e7ar. Tatl\u0131 bezelye ve bergamotun \u00fcst notalar\u0131, pa\u00e7uli ve g\u00fcl-damascena ve ya\u011fmurla tazelenen kantaron ile yumu\u015fat\u0131lm\u0131\u015f sardunya, alt\u0131n ayva ve frezyan\u0131n kalbine kar\u0131\u015f\u0131r. &nbsp;<\/p>","protected":false},"featured_media":13242,"comment_status":"open","ping_status":"closed","template":"","meta":[],"product_brand":[],"product_cat":[144,112],"product_tag":[],"class_list":{"0":"post-13197","1":"product","2":"type-product","3":"status-publish","4":"has-post-thumbnail","6":"product_cat-ithal-kadin-parfum","7":"product_cat-ithal-parfum","9":"first","10":"instock","11":"sale","12":"shipping-taxable","13":"purchasable","14":"product-type-simple"},"jetpack_sharing_enabled":true,"_links":{"self":[{"href":"https:\/\/www.europesstore.com\/en\/wp-json\/wp\/v2\/product\/13197","targetHints":{"allow":["GET"]}}],"collection":[{"href":"https:\/\/www.europesstore.com\/en\/wp-json\/wp\/v2\/product"}],"about":[{"href":"https:\/\/www.europesstore.com\/en\/wp-json\/wp\/v2\/types\/product"}],"replies":[{"embeddable":true,"href":"https:\/\/www.europesstore.com\/en\/wp-json\/wp\/v2\/comments?post=13197"}],"wp:featuredmedia":[{"embeddable":true,"href":"https:\/\/www.europesstore.com\/en\/wp-json\/wp\/v2\/media\/13242"}],"wp:attachment":[{"href":"https:\/\/www.europesstore.com\/en\/wp-json\/wp\/v2\/media?parent=13197"}],"wp:term":[{"taxonomy":"product_brand","embeddable":true,"href":"https:\/\/www.europesstore.com\/en\/wp-json\/wp\/v2\/product_brand?post=13197"},{"taxonomy":"product_cat","embeddable":true,"href":"https:\/\/www.europesstore.com\/en\/wp-json\/wp\/v2\/product_cat?post=13197"},{"taxonomy":"product_tag","embeddable":true,"href":"https:\/\/www.europesstore.com\/en\/wp-json\/wp\/v2\/product_tag?post=13197"}],"curies":[{"name":"wp","href":"https:\/\/api.w.org\/{rel}","templated":true}]}}