{"id":13198,"date":"2025-12-06T10:22:48","date_gmt":"2025-12-06T10:22:48","guid":{"rendered":"https:\/\/europesstore.com\/?post_type=product&#038;p=13198"},"modified":"2025-12-06T10:22:48","modified_gmt":"2025-12-06T10:22:48","slug":"my-burberry-blush-eau-de-tester-kadin-parfum-90-ml","status":"publish","type":"product","link":"https:\/\/www.europesstore.com\/en\/product\/my-burberry-blush-eau-de-tester-kadin-parfum-90-ml\/","title":{"rendered":"My Burberry Blush &#8211; Eau de Tester Kad\u0131n Parf\u00fcm 90 ML"},"content":{"rendered":"<div class=\"short-description\" style=\", Helvetica, sans-serif;font-size:12px;font-style:normal;font-weight:300;letter-spacing:normal;line-height:1.25em;margin:15px 0px;padding:0px;text-align:left;text-decoration:none;text-indent:0px;text-transform:none\">\n<div class=\"short-description\" style=\", Helvetica, sans-serif;font-size:12px;font-style:normal;font-weight:300;letter-spacing:normal;line-height:1.25em;margin:15px 0px;padding:0px;text-align:left;text-decoration:none;text-indent:0px;text-transform:none\">\n<div class=\"ewa-rteLine\" style=\"font-size:16px;font-style:normal;font-weight:400;letter-spacing:normal;text-align:start;text-indent:0px;text-transform:none\"><span style=\"font-family:AvantGardeMedium, Arial, sans-serif;font-size:16px\"><span style=\"float:none;font-style:normal;font-weight:400;letter-spacing:0.4px;text-align:start;text-indent:0px;text-transform:none\">I\u015f\u0131lt\u0131l\u0131 notalara sahip meyveli \u00e7i\u00e7eksi bir Eau de Parfum olan My Burberry Blush&#8217;\u0131 ke\u015ffedin. G\u00fcn\u00fcn ilk \u0131\u015f\u0131\u011f\u0131nda Londra bah\u00e7e uyan\u0131\u015f\u0131n\u0131 \u00e7a\u011fr\u0131\u015ft\u0131ran,<\/span><\/span><\/p>\n<p>\u00c7<span style=\"font-family:AvantGardeMedium, Arial, sans-serif;font-size:16px\"><span style=\"float:none;font-style:normal;font-weight:400;letter-spacing:0.4px;text-align:start;text-indent:0px;text-transform:none\">i\u00e7ek tomurcuklar\u0131 gibi duyular\u0131 y\u00fccelten, \u00f6z\u00fc gevrek ile kar\u0131\u015f\u0131k dondurulmu\u015f nar \u00fczerinde a\u00e7\u0131l\u0131r Limon. G\u00fcl yapraklar\u0131n\u0131n narin notalar\u0131, gevrek elma ile zenginle\u015ftirilmi\u015ftir. Yasemin ve salk\u0131m arka plan\u0131, kad\u0131ns\u0131 ve yo\u011fun bir koku i\u00e7in b\u00fct\u00fcn\u00fc tamamlar.<\/span><\/span><\/div>\n<\/div>\n<\/div>\n<p>&nbsp;<\/p>","protected":false},"excerpt":{"rendered":"<p>I\u015f\u0131lt\u0131l\u0131 notalara sahip meyveli \u00e7i\u00e7eksi bir Eau de Parfum olan My Burberry Blush&#8217;\u0131 ke\u015ffedin. G\u00fcn\u00fcn ilk \u0131\u015f\u0131\u011f\u0131nda Londra bah\u00e7e uyan\u0131\u015f\u0131n\u0131 \u00e7a\u011fr\u0131\u015ft\u0131ran, \u00c7i\u00e7ek tomurcuklar\u0131 gibi duyular\u0131 y\u00fccelten, \u00f6z\u00fc gevrek ile kar\u0131\u015f\u0131k dondurulmu\u015f nar \u00fczerinde a\u00e7\u0131l\u0131r Limon. G\u00fcl yapraklar\u0131n\u0131n narin notalar\u0131, gevrek elma ile zenginle\u015ftirilmi\u015ftir. Yasemin ve salk\u0131m arka plan\u0131, kad\u0131ns\u0131 ve yo\u011fun bir koku i\u00e7in b\u00fct\u00fcn\u00fc [&hellip;]<\/p>","protected":false},"featured_media":13243,"comment_status":"open","ping_status":"closed","template":"","meta":[],"product_brand":[],"product_cat":[144,112],"product_tag":[],"class_list":{"0":"post-13198","1":"product","2":"type-product","3":"status-publish","4":"has-post-thumbnail","6":"product_cat-ithal-kadin-parfum","7":"product_cat-ithal-parfum","9":"first","10":"instock","11":"sale","12":"shipping-taxable","13":"purchasable","14":"product-type-simple"},"jetpack_sharing_enabled":true,"_links":{"self":[{"href":"https:\/\/www.europesstore.com\/en\/wp-json\/wp\/v2\/product\/13198","targetHints":{"allow":["GET"]}}],"collection":[{"href":"https:\/\/www.europesstore.com\/en\/wp-json\/wp\/v2\/product"}],"about":[{"href":"https:\/\/www.europesstore.com\/en\/wp-json\/wp\/v2\/types\/product"}],"replies":[{"embeddable":true,"href":"https:\/\/www.europesstore.com\/en\/wp-json\/wp\/v2\/comments?post=13198"}],"wp:featuredmedia":[{"embeddable":true,"href":"https:\/\/www.europesstore.com\/en\/wp-json\/wp\/v2\/media\/13243"}],"wp:attachment":[{"href":"https:\/\/www.europesstore.com\/en\/wp-json\/wp\/v2\/media?parent=13198"}],"wp:term":[{"taxonomy":"product_brand","embeddable":true,"href":"https:\/\/www.europesstore.com\/en\/wp-json\/wp\/v2\/product_brand?post=13198"},{"taxonomy":"product_cat","embeddable":true,"href":"https:\/\/www.europesstore.com\/en\/wp-json\/wp\/v2\/product_cat?post=13198"},{"taxonomy":"product_tag","embeddable":true,"href":"https:\/\/www.europesstore.com\/en\/wp-json\/wp\/v2\/product_tag?post=13198"}],"curies":[{"name":"wp","href":"https:\/\/api.w.org\/{rel}","templated":true}]}}