{"id":13199,"date":"2025-12-06T10:22:48","date_gmt":"2025-12-06T10:22:48","guid":{"rendered":"https:\/\/europesstore.com\/?post_type=product&#038;p=13199"},"modified":"2025-12-06T10:22:48","modified_gmt":"2025-12-06T10:22:48","slug":"si-eau-de-kadin-tester-parfum-100-ml","status":"publish","type":"product","link":"https:\/\/www.europesstore.com\/en\/product\/si-eau-de-kadin-tester-parfum-100-ml\/","title":{"rendered":"S\u00cc &#8211; Eau de Kad\u0131n Tester Parf\u00fcm 100 ML"},"content":{"rendered":"<div class=\"short-description\" style=\", Helvetica, sans-serif;font-size:12px;font-style:normal;font-weight:300;letter-spacing:normal;line-height:1.25em;margin:15px 0px;padding:0px;text-align:left;text-decoration:none;text-indent:0px;text-transform:none\">\n<div class=\"short-description\" style=\", Helvetica, sans-serif;font-size:12px;font-style:normal;font-weight:300;letter-spacing:normal;line-height:1.25em;margin:15px 0px;padding:0px;text-align:left;text-decoration:none;text-indent:0px;text-transform:none\">\n<div class=\"ewa-rteLine\" style=\"font-size:16px;font-style:normal;font-weight:400;letter-spacing:normal;text-align:start;text-indent:0px;text-transform:none\"><span style=\"font-family:AvantGardeMedium, Arial, sans-serif;font-size:16px\"><span style=\"float:none;font-style:normal;font-weight:400;letter-spacing:0.4px;text-align:start;text-indent:0px;text-transform:none\">\u015e\u0131k, zarif, yo\u011fun ve yumu\u015fak olabilen S\u00ec eau de parfum kal\u0131c\u0131 etkisi ile duyular\u0131 b\u00fcy\u00fcler.<\/span><\/span><\/p>\n<p><span style=\"font-family:AvantGardeMedium, Arial, sans-serif;font-size:16px\"><span style=\"float:none;font-style:normal;font-weight:400;letter-spacing:0.4px;text-align:start;text-indent:0px;text-transform:none\">Frenk \u00fcz\u00fcm\u00fc nektar\u0131 etraf\u0131nda \u015fekillenen, modern \u015fipre ve sar\u0131 ah\u015fap misk dokunu\u015flar\u0131 ile tamamlanan e\u015fsiz ve b\u00fcy\u00fcleyici bir koku. S\u00ec eau de parf\u00fcm, g\u00fc\u00e7l\u00fc ama kad\u0131ns\u0131, sofistike ama karizmatik, tam anlam\u0131yla modern kad\u0131nlar i\u00e7in yarat\u0131lm\u0131\u015ft\u0131r. \u015e\u0131k \u0130talyan zarafetinin ve tarz\u0131n\u0131n \u00f6z\u00fcn\u00fc somutla\u015ft\u0131rm\u0131\u015ft\u0131r.<\/span><\/span><\/div>\n<\/div>\n<\/div>\n<p>&nbsp;<\/p>","protected":false},"excerpt":{"rendered":"<p>\u015e\u0131k, zarif, yo\u011fun ve yumu\u015fak olabilen S\u00ec eau de parfum kal\u0131c\u0131 etkisi ile duyular\u0131 b\u00fcy\u00fcler. Frenk \u00fcz\u00fcm\u00fc nektar\u0131 etraf\u0131nda \u015fekillenen, modern \u015fipre ve sar\u0131 ah\u015fap misk dokunu\u015flar\u0131 ile tamamlanan e\u015fsiz ve b\u00fcy\u00fcleyici bir koku. S\u00ec eau de parf\u00fcm, g\u00fc\u00e7l\u00fc ama kad\u0131ns\u0131, sofistike ama karizmatik, tam anlam\u0131yla modern kad\u0131nlar i\u00e7in yarat\u0131lm\u0131\u015ft\u0131r. \u015e\u0131k \u0130talyan zarafetinin ve tarz\u0131n\u0131n [&hellip;]<\/p>","protected":false},"featured_media":13244,"comment_status":"open","ping_status":"closed","template":"","meta":[],"product_brand":[],"product_cat":[144,112],"product_tag":[],"class_list":{"0":"post-13199","1":"product","2":"type-product","3":"status-publish","4":"has-post-thumbnail","6":"product_cat-ithal-kadin-parfum","7":"product_cat-ithal-parfum","9":"first","10":"instock","11":"sale","12":"shipping-taxable","13":"purchasable","14":"product-type-simple"},"jetpack_sharing_enabled":true,"_links":{"self":[{"href":"https:\/\/www.europesstore.com\/en\/wp-json\/wp\/v2\/product\/13199","targetHints":{"allow":["GET"]}}],"collection":[{"href":"https:\/\/www.europesstore.com\/en\/wp-json\/wp\/v2\/product"}],"about":[{"href":"https:\/\/www.europesstore.com\/en\/wp-json\/wp\/v2\/types\/product"}],"replies":[{"embeddable":true,"href":"https:\/\/www.europesstore.com\/en\/wp-json\/wp\/v2\/comments?post=13199"}],"wp:featuredmedia":[{"embeddable":true,"href":"https:\/\/www.europesstore.com\/en\/wp-json\/wp\/v2\/media\/13244"}],"wp:attachment":[{"href":"https:\/\/www.europesstore.com\/en\/wp-json\/wp\/v2\/media?parent=13199"}],"wp:term":[{"taxonomy":"product_brand","embeddable":true,"href":"https:\/\/www.europesstore.com\/en\/wp-json\/wp\/v2\/product_brand?post=13199"},{"taxonomy":"product_cat","embeddable":true,"href":"https:\/\/www.europesstore.com\/en\/wp-json\/wp\/v2\/product_cat?post=13199"},{"taxonomy":"product_tag","embeddable":true,"href":"https:\/\/www.europesstore.com\/en\/wp-json\/wp\/v2\/product_tag?post=13199"}],"curies":[{"name":"wp","href":"https:\/\/api.w.org\/{rel}","templated":true}]}}