{"id":13200,"date":"2025-12-06T10:22:47","date_gmt":"2025-12-06T10:22:47","guid":{"rendered":"https:\/\/europesstore.com\/?post_type=product&#038;p=13200"},"modified":"2025-12-06T10:22:47","modified_gmt":"2025-12-06T10:22:47","slug":"si-eau-de-intense-kadin-tester-parfum-100-ml","status":"publish","type":"product","link":"https:\/\/www.europesstore.com\/en\/product\/si-eau-de-intense-kadin-tester-parfum-100-ml\/","title":{"rendered":"S\u00ec &#8211; Eau de Intense Kad\u0131n Tester Parf\u00fcm 100 ML"},"content":{"rendered":"<div class=\"short-description\" style=\", Helvetica, sans-serif;font-size:12px;font-style:normal;font-weight:300;letter-spacing:normal;line-height:1.25em;margin:15px 0px;padding:0px;text-align:left;text-decoration:none;text-indent:0px;text-transform:none\">\n<div class=\"short-description\" style=\", Helvetica, sans-serif;font-size:12px;font-style:normal;font-weight:300;letter-spacing:normal;line-height:1.25em;margin:15px 0px;padding:0px;text-align:left;text-decoration:none;text-indent:0px;text-transform:none\">\n<div class=\"ewa-rteLine\" style=\"font-size:16px;font-style:normal;font-weight:400;letter-spacing:normal;text-align:start;text-indent:0px;text-transform:none\"><span style=\"font-family:AvantGardeMedium, Arial, sans-serif;font-size:16px\"><span style=\"float:none;font-style:normal;font-weight:400;letter-spacing:0.4px;text-align:start;text-indent:0px;text-transform:none\">Do\u011fal k\u00f6kenli siyah frenk \u00fcz\u00fcm\u00fc nektar\u0131n\u0131n sarmalay\u0131c\u0131 imzas\u0131, damascena g\u00fcl\u00fc ve kadifemsi davana esansiyel ya\u011f\u0131n\u0131n kad\u0131ns\u0131 senfonisi ile harmanlan\u0131yor.&nbsp;<\/span><\/span><\/p>\n<p><span style=\"font-family:AvantGardeMedium, Arial, sans-serif;font-size:16px\"><span style=\"float:none;font-style:normal;font-weight:400;letter-spacing:0.4px;text-align:start;text-indent:0px;text-transform:none\">B\u00fct\u00fcn bunlar, yerel topluluklara y\u00f6nelik s\u00fcrd\u00fcr\u00fclebilir bir destek program\u0131ndan kaynaklanan Madagaskar&#8217;dan gelen burbon vanilyas\u0131n\u0131n ve bir miktar aromatik siyah \u00e7ay\u0131n demlenmesinin \u015fehvetli uyan\u0131\u015f\u0131yla y\u00fcceltiliyor.<\/span><\/span><\/div>\n<\/div>\n<\/div>\n<p>&nbsp;<\/p>","protected":false},"excerpt":{"rendered":"<p>Do\u011fal k\u00f6kenli siyah frenk \u00fcz\u00fcm\u00fc nektar\u0131n\u0131n sarmalay\u0131c\u0131 imzas\u0131, damascena g\u00fcl\u00fc ve kadifemsi davana esansiyel ya\u011f\u0131n\u0131n kad\u0131ns\u0131 senfonisi ile harmanlan\u0131yor.&nbsp; B\u00fct\u00fcn bunlar, yerel topluluklara y\u00f6nelik s\u00fcrd\u00fcr\u00fclebilir bir destek program\u0131ndan kaynaklanan Madagaskar&#8217;dan gelen burbon vanilyas\u0131n\u0131n ve bir miktar aromatik siyah \u00e7ay\u0131n demlenmesinin \u015fehvetli uyan\u0131\u015f\u0131yla y\u00fcceltiliyor. &nbsp;<\/p>","protected":false},"featured_media":13245,"comment_status":"open","ping_status":"closed","template":"","meta":[],"product_brand":[],"product_cat":[144,112],"product_tag":[],"class_list":{"0":"post-13200","1":"product","2":"type-product","3":"status-publish","4":"has-post-thumbnail","6":"product_cat-ithal-kadin-parfum","7":"product_cat-ithal-parfum","9":"first","10":"instock","11":"sale","12":"shipping-taxable","13":"purchasable","14":"product-type-simple"},"jetpack_sharing_enabled":true,"_links":{"self":[{"href":"https:\/\/www.europesstore.com\/en\/wp-json\/wp\/v2\/product\/13200","targetHints":{"allow":["GET"]}}],"collection":[{"href":"https:\/\/www.europesstore.com\/en\/wp-json\/wp\/v2\/product"}],"about":[{"href":"https:\/\/www.europesstore.com\/en\/wp-json\/wp\/v2\/types\/product"}],"replies":[{"embeddable":true,"href":"https:\/\/www.europesstore.com\/en\/wp-json\/wp\/v2\/comments?post=13200"}],"wp:featuredmedia":[{"embeddable":true,"href":"https:\/\/www.europesstore.com\/en\/wp-json\/wp\/v2\/media\/13245"}],"wp:attachment":[{"href":"https:\/\/www.europesstore.com\/en\/wp-json\/wp\/v2\/media?parent=13200"}],"wp:term":[{"taxonomy":"product_brand","embeddable":true,"href":"https:\/\/www.europesstore.com\/en\/wp-json\/wp\/v2\/product_brand?post=13200"},{"taxonomy":"product_cat","embeddable":true,"href":"https:\/\/www.europesstore.com\/en\/wp-json\/wp\/v2\/product_cat?post=13200"},{"taxonomy":"product_tag","embeddable":true,"href":"https:\/\/www.europesstore.com\/en\/wp-json\/wp\/v2\/product_tag?post=13200"}],"curies":[{"name":"wp","href":"https:\/\/api.w.org\/{rel}","templated":true}]}}