{"id":13201,"date":"2025-12-06T10:22:47","date_gmt":"2025-12-06T10:22:47","guid":{"rendered":"https:\/\/europesstore.com\/?post_type=product&#038;p=13201"},"modified":"2025-12-06T10:22:47","modified_gmt":"2025-12-06T10:22:47","slug":"si-passione-eau-de-kadin-tester-parfum-100-ml","status":"publish","type":"product","link":"https:\/\/www.europesstore.com\/en\/product\/si-passione-eau-de-kadin-tester-parfum-100-ml\/","title":{"rendered":"Si Passione &#8211; Eau De Kad\u0131n Tester Parf\u00fcm 100 ML"},"content":{"rendered":"<div class=\"short-description\" style=\", Helvetica, sans-serif;font-size:12px;font-style:normal;font-weight:300;letter-spacing:normal;line-height:1.25em;margin:15px 0px;padding:0px;text-align:left;text-decoration:none;text-indent:0px;text-transform:none\">\n<div class=\"short-description\" style=\", Helvetica, sans-serif;font-size:12px;font-style:normal;font-weight:300;letter-spacing:normal;line-height:1.25em;margin:15px 0px;padding:0px;text-align:left;text-decoration:none;text-indent:0px;text-transform:none\">\n<div class=\"ewa-rteLine\" style=\"font-size:16px;font-style:normal;font-weight:400;letter-spacing:normal;text-align:start;text-indent:0px;text-transform:none\"><span style=\"font-family:AvantGardeMedium, Arial, sans-serif;font-size:16px\"><span style=\"float:none;font-style:normal;font-weight:400;letter-spacing:0.4px;text-align:start;text-indent:0px;text-transform:none\">Kad\u0131nlar\u0131n yo\u011fun ve iddial\u0131 kokusudur.<\/span><\/span><br \/><span style=\"font-family:AvantGardeMedium, Arial, sans-serif;font-size:16px\"><span style=\"float:none;font-style:normal;font-weight:400;letter-spacing:0.4px;text-align:start;text-indent:0px;text-transform:none\">Si&#8217;nin ikonik notas\u0131 siyah Frenk \u00fcz\u00fcm\u00fc etraf\u0131nda \u015fekillenen S\u00ec Passione; canl\u0131 armut notalar\u0131 ile \u0131\u015f\u0131lt\u0131 kazan\u0131r. Yo\u011fun vanilya, g\u00fcl notalar\u0131 ve yasemin \u00e7i\u00e7eklerinin bir araya gelmesiyle olu\u015fan g\u00fc\u00e7l\u00fc ve zarif feminenlik, sedir a\u011fac\u0131n\u0131n olgunlu\u011fu ile z\u0131tla\u015f\u0131r.&nbsp;<\/span><\/span><\/p>\n<p><span style=\"font-family:AvantGardeMedium, Arial, sans-serif;font-size:16px\"><span style=\"float:none;font-style:normal;font-weight:400;letter-spacing:0.4px;text-align:start;text-indent:0px;text-transform:none\">\u0130konik k\u0131rm\u0131z\u0131 \u015fi\u015fe S\u00ec Passione&#8217;nin \u00f6z\u00fcn\u00fc ve cesur tavr\u0131n\u0131 yans\u0131t\u0131r.<\/span><\/span><\/div>\n<\/div>\n<\/div>\n<p>&nbsp;<\/p>","protected":false},"excerpt":{"rendered":"<p>Kad\u0131nlar\u0131n yo\u011fun ve iddial\u0131 kokusudur.Si&#8217;nin ikonik notas\u0131 siyah Frenk \u00fcz\u00fcm\u00fc etraf\u0131nda \u015fekillenen S\u00ec Passione; canl\u0131 armut notalar\u0131 ile \u0131\u015f\u0131lt\u0131 kazan\u0131r. Yo\u011fun vanilya, g\u00fcl notalar\u0131 ve yasemin \u00e7i\u00e7eklerinin bir araya gelmesiyle olu\u015fan g\u00fc\u00e7l\u00fc ve zarif feminenlik, sedir a\u011fac\u0131n\u0131n olgunlu\u011fu ile z\u0131tla\u015f\u0131r.&nbsp; \u0130konik k\u0131rm\u0131z\u0131 \u015fi\u015fe S\u00ec Passione&#8217;nin \u00f6z\u00fcn\u00fc ve cesur tavr\u0131n\u0131 yans\u0131t\u0131r. &nbsp;<\/p>","protected":false},"featured_media":13246,"comment_status":"open","ping_status":"closed","template":"","meta":[],"product_brand":[],"product_cat":[144,112],"product_tag":[],"class_list":{"0":"post-13201","1":"product","2":"type-product","3":"status-publish","4":"has-post-thumbnail","6":"product_cat-ithal-kadin-parfum","7":"product_cat-ithal-parfum","9":"first","10":"instock","11":"sale","12":"shipping-taxable","13":"purchasable","14":"product-type-simple"},"jetpack_sharing_enabled":true,"_links":{"self":[{"href":"https:\/\/www.europesstore.com\/en\/wp-json\/wp\/v2\/product\/13201","targetHints":{"allow":["GET"]}}],"collection":[{"href":"https:\/\/www.europesstore.com\/en\/wp-json\/wp\/v2\/product"}],"about":[{"href":"https:\/\/www.europesstore.com\/en\/wp-json\/wp\/v2\/types\/product"}],"replies":[{"embeddable":true,"href":"https:\/\/www.europesstore.com\/en\/wp-json\/wp\/v2\/comments?post=13201"}],"wp:featuredmedia":[{"embeddable":true,"href":"https:\/\/www.europesstore.com\/en\/wp-json\/wp\/v2\/media\/13246"}],"wp:attachment":[{"href":"https:\/\/www.europesstore.com\/en\/wp-json\/wp\/v2\/media?parent=13201"}],"wp:term":[{"taxonomy":"product_brand","embeddable":true,"href":"https:\/\/www.europesstore.com\/en\/wp-json\/wp\/v2\/product_brand?post=13201"},{"taxonomy":"product_cat","embeddable":true,"href":"https:\/\/www.europesstore.com\/en\/wp-json\/wp\/v2\/product_cat?post=13201"},{"taxonomy":"product_tag","embeddable":true,"href":"https:\/\/www.europesstore.com\/en\/wp-json\/wp\/v2\/product_tag?post=13201"}],"curies":[{"name":"wp","href":"https:\/\/api.w.org\/{rel}","templated":true}]}}