{"id":13202,"date":"2025-12-06T10:22:47","date_gmt":"2025-12-06T10:22:47","guid":{"rendered":"https:\/\/europesstore.com\/?post_type=product&#038;p=13202"},"modified":"2025-12-06T10:22:47","modified_gmt":"2025-12-06T10:22:47","slug":"si-nacre-edition-kadin-tester-parfum-100-ml","status":"publish","type":"product","link":"https:\/\/www.europesstore.com\/en\/product\/si-nacre-edition-kadin-tester-parfum-100-ml\/","title":{"rendered":"S\u0130 Nacre Edition Kad\u0131n Tester Parf\u00fcm 100 ML"},"content":{"rendered":"<div class=\"short-description\" style=\", Helvetica, sans-serif;font-size:12px;font-style:normal;font-weight:300;letter-spacing:normal;line-height:1.25em;margin:15px 0px;padding:0px;text-align:left;text-decoration:none;text-indent:0px;text-transform:none\">\n<div class=\"short-description\" style=\", Helvetica, sans-serif;font-size:12px;font-style:normal;font-weight:300;letter-spacing:normal;line-height:1.25em;margin:15px 0px;padding:0px;text-align:left;text-decoration:none;text-indent:0px;text-transform:none\">\n<div class=\"ewa-rteLine\" style=\"font-size:16px;font-style:normal;font-weight:400;letter-spacing:normal;text-align:start;text-indent:0px;text-transform:none\"><span style=\"font-family:Circular, sans-serif;font-size:16px\"><span style=\"float:none;font-style:normal;font-weight:400;letter-spacing:normal;text-align:left;text-indent:0px;text-transform:none\">\u00dcst notalar\u0131nda bergamot ve armut gibi hafif meyveli kokularla tazelik hissi uyand\u0131r\u0131r. Orta notalarda ise zarif \u00e7i\u00e7ek esanslar\u0131, \u00f6zellikle yasemin ve g\u00fcl, parf\u00fcme feminen bir dokunu\u015f katar. Dip notalarda sedir a\u011fac\u0131 ve vanilya, derinlik ve kal\u0131c\u0131l\u0131k sa\u011flayarak parf\u00fcm\u00fcn karakterini tamamlar.<\/span><\/span><\/div>\n<\/div>\n<\/div>\n<p><strong>Koku Hatt\u0131;<\/strong><\/p>\n<p><strong style=\"font-weight:bolder;max-width:100%\">\u00dcst Notalar:<\/strong> Bergamot, Armut<br \/><strong style=\"font-weight:bolder;max-width:100%\">Orta Notalar:<\/strong> Yasemin, G\u00fcl<br \/><strong style=\"font-weight:bolder;max-width:100%\">Dip Notalar:<\/strong> Sedir A\u011fac\u0131, Vanilya<br \/>&nbsp;<\/p>","protected":false},"excerpt":{"rendered":"<p>\u00dcst notalar\u0131nda bergamot ve armut gibi hafif meyveli kokularla tazelik hissi uyand\u0131r\u0131r. Orta notalarda ise zarif \u00e7i\u00e7ek esanslar\u0131, \u00f6zellikle yasemin ve g\u00fcl, parf\u00fcme feminen bir dokunu\u015f katar. Dip notalarda sedir a\u011fac\u0131 ve vanilya, derinlik ve kal\u0131c\u0131l\u0131k sa\u011flayarak parf\u00fcm\u00fcn karakterini tamamlar. Koku Hatt\u0131; \u00dcst Notalar: Bergamot, ArmutOrta Notalar: Yasemin, G\u00fclDip Notalar: Sedir A\u011fac\u0131, Vanilya&nbsp;<\/p>","protected":false},"featured_media":13254,"comment_status":"open","ping_status":"closed","template":"","meta":[],"product_brand":[],"product_cat":[144,112],"product_tag":[],"class_list":{"0":"post-13202","1":"product","2":"type-product","3":"status-publish","4":"has-post-thumbnail","6":"product_cat-ithal-kadin-parfum","7":"product_cat-ithal-parfum","9":"first","10":"instock","11":"sale","12":"shipping-taxable","13":"purchasable","14":"product-type-simple"},"jetpack_sharing_enabled":true,"_links":{"self":[{"href":"https:\/\/www.europesstore.com\/en\/wp-json\/wp\/v2\/product\/13202","targetHints":{"allow":["GET"]}}],"collection":[{"href":"https:\/\/www.europesstore.com\/en\/wp-json\/wp\/v2\/product"}],"about":[{"href":"https:\/\/www.europesstore.com\/en\/wp-json\/wp\/v2\/types\/product"}],"replies":[{"embeddable":true,"href":"https:\/\/www.europesstore.com\/en\/wp-json\/wp\/v2\/comments?post=13202"}],"wp:featuredmedia":[{"embeddable":true,"href":"https:\/\/www.europesstore.com\/en\/wp-json\/wp\/v2\/media\/13254"}],"wp:attachment":[{"href":"https:\/\/www.europesstore.com\/en\/wp-json\/wp\/v2\/media?parent=13202"}],"wp:term":[{"taxonomy":"product_brand","embeddable":true,"href":"https:\/\/www.europesstore.com\/en\/wp-json\/wp\/v2\/product_brand?post=13202"},{"taxonomy":"product_cat","embeddable":true,"href":"https:\/\/www.europesstore.com\/en\/wp-json\/wp\/v2\/product_cat?post=13202"},{"taxonomy":"product_tag","embeddable":true,"href":"https:\/\/www.europesstore.com\/en\/wp-json\/wp\/v2\/product_tag?post=13202"}],"curies":[{"name":"wp","href":"https:\/\/api.w.org\/{rel}","templated":true}]}}