{"id":13203,"date":"2025-12-06T10:22:47","date_gmt":"2025-12-06T10:22:47","guid":{"rendered":"https:\/\/europesstore.com\/?post_type=product&#038;p=13203"},"modified":"2025-12-06T10:22:48","modified_gmt":"2025-12-06T10:22:48","slug":"si-fiori-eau-de-kadin-tester-parfum-100-ml","status":"publish","type":"product","link":"https:\/\/www.europesstore.com\/en\/product\/si-fiori-eau-de-kadin-tester-parfum-100-ml\/","title":{"rendered":"S\u00cc &#8211; Fiori Eau de Kad\u0131n Tester Parf\u00fcm 100 ML"},"content":{"rendered":"<p><span style=\", Helvetica, sans-serif;font-size:12px\"><span style=\"float:none;font-style:normal;font-weight:300;letter-spacing:normal;text-align:left;text-indent:0px;text-transform:none\">Cesaret ve g\u00fc\u00e7 sembol\u00fc olarak yaratt\u0131\u011f\u0131 ba\u015ftan \u00e7\u0131kar\u0131c\u0131 bir koku. En ba\u015fta ortaya \u00e7\u0131kan ye\u015fil mandalina ve siyah frenk \u00fcz\u00fcm\u00fc serinlticili\u011finin yan\u0131 s\u0131ra kokuyu parlak ve e\u011flenceli k\u0131l\u0131yorlar.&nbsp;<\/span><\/span><br \/><span style=\", Helvetica, sans-serif;font-size:12px\"><span style=\"float:none;font-style:normal;font-weight:300;letter-spacing:normal;text-align:left;text-indent:0px;text-transform:none\">Neroli ile romantik g\u00fcl notalar\u0131, pa\u00e7uli ile e\u015fsiz bir \u015fekilde ba\u011flanarak kokuya zarafet ve \u015f\u0131kl\u0131\u011f\u0131 ekliyorlar.<\/span><\/span><\/p>","protected":false},"excerpt":{"rendered":"<p>Cesaret ve g\u00fc\u00e7 sembol\u00fc olarak yaratt\u0131\u011f\u0131 ba\u015ftan \u00e7\u0131kar\u0131c\u0131 bir koku. En ba\u015fta ortaya \u00e7\u0131kan ye\u015fil mandalina ve siyah frenk \u00fcz\u00fcm\u00fc serinlticili\u011finin yan\u0131 s\u0131ra kokuyu parlak ve e\u011flenceli k\u0131l\u0131yorlar.&nbsp;Neroli ile romantik g\u00fcl notalar\u0131, pa\u00e7uli ile e\u015fsiz bir \u015fekilde ba\u011flanarak kokuya zarafet ve \u015f\u0131kl\u0131\u011f\u0131 ekliyorlar.<\/p>","protected":false},"featured_media":13255,"comment_status":"open","ping_status":"closed","template":"","meta":[],"product_brand":[],"product_cat":[144,112],"product_tag":[],"class_list":{"0":"post-13203","1":"product","2":"type-product","3":"status-publish","4":"has-post-thumbnail","6":"product_cat-ithal-kadin-parfum","7":"product_cat-ithal-parfum","9":"first","10":"instock","11":"sale","12":"shipping-taxable","13":"purchasable","14":"product-type-simple"},"jetpack_sharing_enabled":true,"_links":{"self":[{"href":"https:\/\/www.europesstore.com\/en\/wp-json\/wp\/v2\/product\/13203","targetHints":{"allow":["GET"]}}],"collection":[{"href":"https:\/\/www.europesstore.com\/en\/wp-json\/wp\/v2\/product"}],"about":[{"href":"https:\/\/www.europesstore.com\/en\/wp-json\/wp\/v2\/types\/product"}],"replies":[{"embeddable":true,"href":"https:\/\/www.europesstore.com\/en\/wp-json\/wp\/v2\/comments?post=13203"}],"wp:featuredmedia":[{"embeddable":true,"href":"https:\/\/www.europesstore.com\/en\/wp-json\/wp\/v2\/media\/13255"}],"wp:attachment":[{"href":"https:\/\/www.europesstore.com\/en\/wp-json\/wp\/v2\/media?parent=13203"}],"wp:term":[{"taxonomy":"product_brand","embeddable":true,"href":"https:\/\/www.europesstore.com\/en\/wp-json\/wp\/v2\/product_brand?post=13203"},{"taxonomy":"product_cat","embeddable":true,"href":"https:\/\/www.europesstore.com\/en\/wp-json\/wp\/v2\/product_cat?post=13203"},{"taxonomy":"product_tag","embeddable":true,"href":"https:\/\/www.europesstore.com\/en\/wp-json\/wp\/v2\/product_tag?post=13203"}],"curies":[{"name":"wp","href":"https:\/\/api.w.org\/{rel}","templated":true}]}}