{"id":13212,"date":"2025-12-06T10:22:47","date_gmt":"2025-12-06T10:22:47","guid":{"rendered":"https:\/\/europesstore.com\/?post_type=product&#038;p=13212"},"modified":"2025-12-06T10:22:47","modified_gmt":"2025-12-06T10:22:47","slug":"si-passione-eclat-eau-de-kadin-tester-parfum-100-ml","status":"publish","type":"product","link":"https:\/\/www.europesstore.com\/en\/product\/si-passione-eclat-eau-de-kadin-tester-parfum-100-ml\/","title":{"rendered":"Si Passione Eclat &#8211; Eau De Kad\u0131n Tester Parf\u00fcm 100 ML"},"content":{"rendered":"<p><span style=\"font-family:AvantGardeMedium, Arial, sans-serif;font-size:16px\"><span style=\"float:none;font-style:normal;font-weight:400;letter-spacing:0.4px;text-align:start;text-indent:0px;text-transform:none\">S\u00ec Passione&#8217;nin \u0131\u015f\u0131lt\u0131l\u0131 yeni y\u00fcz\u00fc S\u00ec Passione Eclat, modern ve cesur bir feminenli\u011fi temsil ediyor.<\/span><\/span><br \/><span style=\"font-family:AvantGardeMedium, Arial, sans-serif;font-size:16px\"><span style=\"float:none;font-style:normal;font-weight:400;letter-spacing:0.4px;text-align:start;text-indent:0px;text-transform:none\">Passione Eclat d\u00fcnyaya zarafet ve ba\u011f\u0131ms\u0131zl\u0131kla yakla\u015fmak i\u00e7in ilham veren tutkuyu simgeliyor. Ayn\u0131 zamanda T\u00fcrkiye&#8217;nin &#8220;g\u00fcllerin ba\u015fkenti&#8221; Isparta&#8217;da s\u00fcrd\u00fcr\u00fclebilir ve sorumlu s\u00fcre\u00e7lerle elde edilen Isparta g\u00fcl\u00fc, \u00e7i\u00e7e\u011fin feminen karakterini temsil ediyor.&nbsp;<\/span><\/span><\/p>\n<p><span style=\"font-family:AvantGardeMedium, Arial, sans-serif;font-size:16px\"><span style=\"float:none;font-style:normal;font-weight:400;letter-spacing:0.4px;text-align:start;text-indent:0px;text-transform:none\">Santifolya ve Isparta g\u00fcl\u00fcn\u00fcn kar\u015f\u0131la\u015fmas\u0131 kokuya c\u00f6mert bir feminenlik ve karakter getirirken, siyah frenk \u00fcz\u00fcm\u00fc ve onu saran bergamot aras\u0131ndaki e\u015fsiz uyum tutkunuzun \u0131\u015f\u0131\u011f\u0131 oluyor.&nbsp;<\/span><\/span><\/p>","protected":false},"excerpt":{"rendered":"<p>S\u00ec Passione&#8217;nin \u0131\u015f\u0131lt\u0131l\u0131 yeni y\u00fcz\u00fc S\u00ec Passione Eclat, modern ve cesur bir feminenli\u011fi temsil ediyor.Passione Eclat d\u00fcnyaya zarafet ve ba\u011f\u0131ms\u0131zl\u0131kla yakla\u015fmak i\u00e7in ilham veren tutkuyu simgeliyor. Ayn\u0131 zamanda T\u00fcrkiye&#8217;nin &#8220;g\u00fcllerin ba\u015fkenti&#8221; Isparta&#8217;da s\u00fcrd\u00fcr\u00fclebilir ve sorumlu s\u00fcre\u00e7lerle elde edilen Isparta g\u00fcl\u00fc, \u00e7i\u00e7e\u011fin feminen karakterini temsil ediyor.&nbsp; Santifolya ve Isparta g\u00fcl\u00fcn\u00fcn kar\u015f\u0131la\u015fmas\u0131 kokuya c\u00f6mert bir feminenlik ve [&hellip;]<\/p>","protected":false},"featured_media":13256,"comment_status":"open","ping_status":"closed","template":"","meta":[],"product_brand":[],"product_cat":[144,112],"product_tag":[],"class_list":{"0":"post-13212","1":"product","2":"type-product","3":"status-publish","4":"has-post-thumbnail","6":"product_cat-ithal-kadin-parfum","7":"product_cat-ithal-parfum","9":"first","10":"instock","11":"sale","12":"shipping-taxable","13":"purchasable","14":"product-type-simple"},"jetpack_sharing_enabled":true,"_links":{"self":[{"href":"https:\/\/www.europesstore.com\/en\/wp-json\/wp\/v2\/product\/13212","targetHints":{"allow":["GET"]}}],"collection":[{"href":"https:\/\/www.europesstore.com\/en\/wp-json\/wp\/v2\/product"}],"about":[{"href":"https:\/\/www.europesstore.com\/en\/wp-json\/wp\/v2\/types\/product"}],"replies":[{"embeddable":true,"href":"https:\/\/www.europesstore.com\/en\/wp-json\/wp\/v2\/comments?post=13212"}],"wp:featuredmedia":[{"embeddable":true,"href":"https:\/\/www.europesstore.com\/en\/wp-json\/wp\/v2\/media\/13256"}],"wp:attachment":[{"href":"https:\/\/www.europesstore.com\/en\/wp-json\/wp\/v2\/media?parent=13212"}],"wp:term":[{"taxonomy":"product_brand","embeddable":true,"href":"https:\/\/www.europesstore.com\/en\/wp-json\/wp\/v2\/product_brand?post=13212"},{"taxonomy":"product_cat","embeddable":true,"href":"https:\/\/www.europesstore.com\/en\/wp-json\/wp\/v2\/product_cat?post=13212"},{"taxonomy":"product_tag","embeddable":true,"href":"https:\/\/www.europesstore.com\/en\/wp-json\/wp\/v2\/product_tag?post=13212"}],"curies":[{"name":"wp","href":"https:\/\/api.w.org\/{rel}","templated":true}]}}