{"id":13213,"date":"2025-12-06T10:22:46","date_gmt":"2025-12-06T10:22:46","guid":{"rendered":"https:\/\/europesstore.com\/?post_type=product&#038;p=13213"},"modified":"2025-12-06T10:22:46","modified_gmt":"2025-12-06T10:22:46","slug":"creed-wind-flowers-kadin-tester-parfum-75-ml","status":"publish","type":"product","link":"https:\/\/www.europesstore.com\/en\/product\/creed-wind-flowers-kadin-tester-parfum-75-ml\/","title":{"rendered":"Creed Wind Flowers Kad\u0131n Tester Parf\u00fcm 75 ML"},"content":{"rendered":"<p>\u00c7i\u00e7eksi ve ferah olan bu koku, Tunus portakal \u00e7i\u00e7e\u011finin lezzetli kokusunun etraf\u0131na sar\u0131lm\u0131\u015f ve meyveli bir \u015feftali notas\u0131yla yumu\u015fat\u0131lm\u0131\u015f tatl\u0131 yasemin ile a\u00e7\u0131l\u0131r, narin yasemin \u00e7i\u00e7e\u011finin g\u00fc\u00e7l\u00fc kalbi, s\u00fcmb\u00fclteber yapraklar\u0131 ve yumu\u015fak bir g\u00fcl \u00f6z\u00fc bu kokuya derinlik ve doku katarken, s\u0131cak bir sandal a\u011fac\u0131 tela\u015f\u0131 iris ve misk pusunun etraf\u0131nda b\u00fck\u00fcl\u00fcr. Canl\u0131 bir portakal \u00e7i\u00e7e\u011fi ve kremsi pralin notas\u0131, bu koyu \u00e7i\u00e7ek kokusunu dengeler; bu \u0131\u015f\u0131lt\u0131l\u0131 kokuyu hayata ge\u00e7iriyor.<\/p>\n<p>Ba\u015f Notlar: Yasemin, Portakal \u00c7i\u00e7e\u011fi ve \u015eeftali<br \/>Kalbi Notalar\u0131: Jasmine Sambac, Tuberose Absolute, Rose de Mai<br \/>Alt Notalar: \u0130ris, Portakal \u00c7i\u00e7e\u011fi, Misk, Sandal A\u011fac\u0131, Pralin<\/p>","protected":false},"excerpt":{"rendered":"<p>\u00c7i\u00e7eksi ve ferah olan bu koku, Tunus portakal \u00e7i\u00e7e\u011finin lezzetli kokusunun etraf\u0131na sar\u0131lm\u0131\u015f ve meyveli bir \u015feftali notas\u0131yla yumu\u015fat\u0131lm\u0131\u015f tatl\u0131 yasemin ile a\u00e7\u0131l\u0131r, narin yasemin \u00e7i\u00e7e\u011finin g\u00fc\u00e7l\u00fc kalbi, s\u00fcmb\u00fclteber yapraklar\u0131 ve yumu\u015fak bir g\u00fcl \u00f6z\u00fc bu kokuya derinlik ve doku katarken, s\u0131cak bir sandal a\u011fac\u0131 tela\u015f\u0131 iris ve misk pusunun etraf\u0131nda b\u00fck\u00fcl\u00fcr. Canl\u0131 bir portakal [&hellip;]<\/p>","protected":false},"featured_media":13257,"comment_status":"open","ping_status":"closed","template":"","meta":[],"product_brand":[],"product_cat":[144,112],"product_tag":[],"class_list":{"0":"post-13213","1":"product","2":"type-product","3":"status-publish","4":"has-post-thumbnail","6":"product_cat-ithal-kadin-parfum","7":"product_cat-ithal-parfum","9":"first","10":"instock","11":"sale","12":"shipping-taxable","13":"purchasable","14":"product-type-simple"},"jetpack_sharing_enabled":true,"_links":{"self":[{"href":"https:\/\/www.europesstore.com\/en\/wp-json\/wp\/v2\/product\/13213","targetHints":{"allow":["GET"]}}],"collection":[{"href":"https:\/\/www.europesstore.com\/en\/wp-json\/wp\/v2\/product"}],"about":[{"href":"https:\/\/www.europesstore.com\/en\/wp-json\/wp\/v2\/types\/product"}],"replies":[{"embeddable":true,"href":"https:\/\/www.europesstore.com\/en\/wp-json\/wp\/v2\/comments?post=13213"}],"wp:featuredmedia":[{"embeddable":true,"href":"https:\/\/www.europesstore.com\/en\/wp-json\/wp\/v2\/media\/13257"}],"wp:attachment":[{"href":"https:\/\/www.europesstore.com\/en\/wp-json\/wp\/v2\/media?parent=13213"}],"wp:term":[{"taxonomy":"product_brand","embeddable":true,"href":"https:\/\/www.europesstore.com\/en\/wp-json\/wp\/v2\/product_brand?post=13213"},{"taxonomy":"product_cat","embeddable":true,"href":"https:\/\/www.europesstore.com\/en\/wp-json\/wp\/v2\/product_cat?post=13213"},{"taxonomy":"product_tag","embeddable":true,"href":"https:\/\/www.europesstore.com\/en\/wp-json\/wp\/v2\/product_tag?post=13213"}],"curies":[{"name":"wp","href":"https:\/\/api.w.org\/{rel}","templated":true}]}}