{"id":13214,"date":"2025-12-06T10:22:47","date_gmt":"2025-12-06T10:22:47","guid":{"rendered":"https:\/\/europesstore.com\/?post_type=product&#038;p=13214"},"modified":"2025-12-06T10:22:47","modified_gmt":"2025-12-06T10:22:47","slug":"creed-oriinal-santal-kadin-tester-parfum-100-ml","status":"publish","type":"product","link":"https:\/\/www.europesstore.com\/en\/product\/creed-oriinal-santal-kadin-tester-parfum-100-ml\/","title":{"rendered":"Creed Or\u0131\u0131nal Santal Kad\u0131n Tester Parf\u00fcm 100 ML"},"content":{"rendered":"<p>Baharatl\u0131, \u015fehvetli ve zahmetsizce \u015f\u0131mart\u0131c\u0131 olan Original Santal Eau de Parfum, dikkatleri \u00fczerine \u00e7ekmek ve kal\u0131c\u0131 bir izlenim b\u0131rakmak i\u00e7in tasarlanm\u0131\u015f benzersiz derecede karma\u015f\u0131k bir kokudur. Hindistan&#8217;\u0131n zenginli\u011finden ilham alan bu koku hem s\u0131cak hem de l\u00fckst\u00fcr ve bu k\u00f6t\u00fc \u015f\u00f6hretli Asya b\u00f6lgesinin sundu\u011fu g\u00f6rkemli simge yap\u0131lar\u0131n ve duyulara hitap eden aromalar\u0131n huzurunu ve ruhunu \u00e7a\u011fr\u0131\u015ft\u0131r\u0131r.<\/p>\n<p>Mysore sandal a\u011fac\u0131n\u0131n odunsu ve oryantal notalar\u0131n\u0131, i\u00e7inizi \u0131s\u0131tan zencefil, ate\u015fli tar\u00e7\u0131n, oryantal vanilya, benzoin ve Tonka fasulyesini birle\u015ftiren bu sa\u011flam parf\u00fcm, ideal bir gece cazibesidir.<\/p>","protected":false},"excerpt":{"rendered":"<p>Baharatl\u0131, \u015fehvetli ve zahmetsizce \u015f\u0131mart\u0131c\u0131 olan Original Santal Eau de Parfum, dikkatleri \u00fczerine \u00e7ekmek ve kal\u0131c\u0131 bir izlenim b\u0131rakmak i\u00e7in tasarlanm\u0131\u015f benzersiz derecede karma\u015f\u0131k bir kokudur. Hindistan&#8217;\u0131n zenginli\u011finden ilham alan bu koku hem s\u0131cak hem de l\u00fckst\u00fcr ve bu k\u00f6t\u00fc \u015f\u00f6hretli Asya b\u00f6lgesinin sundu\u011fu g\u00f6rkemli simge yap\u0131lar\u0131n ve duyulara hitap eden aromalar\u0131n huzurunu ve ruhunu [&hellip;]<\/p>","protected":false},"featured_media":13258,"comment_status":"open","ping_status":"closed","template":"","meta":[],"product_brand":[],"product_cat":[144,112],"product_tag":[],"class_list":{"0":"post-13214","1":"product","2":"type-product","3":"status-publish","4":"has-post-thumbnail","6":"product_cat-ithal-kadin-parfum","7":"product_cat-ithal-parfum","9":"first","10":"instock","11":"sale","12":"shipping-taxable","13":"purchasable","14":"product-type-simple"},"jetpack_sharing_enabled":true,"_links":{"self":[{"href":"https:\/\/www.europesstore.com\/en\/wp-json\/wp\/v2\/product\/13214","targetHints":{"allow":["GET"]}}],"collection":[{"href":"https:\/\/www.europesstore.com\/en\/wp-json\/wp\/v2\/product"}],"about":[{"href":"https:\/\/www.europesstore.com\/en\/wp-json\/wp\/v2\/types\/product"}],"replies":[{"embeddable":true,"href":"https:\/\/www.europesstore.com\/en\/wp-json\/wp\/v2\/comments?post=13214"}],"wp:featuredmedia":[{"embeddable":true,"href":"https:\/\/www.europesstore.com\/en\/wp-json\/wp\/v2\/media\/13258"}],"wp:attachment":[{"href":"https:\/\/www.europesstore.com\/en\/wp-json\/wp\/v2\/media?parent=13214"}],"wp:term":[{"taxonomy":"product_brand","embeddable":true,"href":"https:\/\/www.europesstore.com\/en\/wp-json\/wp\/v2\/product_brand?post=13214"},{"taxonomy":"product_cat","embeddable":true,"href":"https:\/\/www.europesstore.com\/en\/wp-json\/wp\/v2\/product_cat?post=13214"},{"taxonomy":"product_tag","embeddable":true,"href":"https:\/\/www.europesstore.com\/en\/wp-json\/wp\/v2\/product_tag?post=13214"}],"curies":[{"name":"wp","href":"https:\/\/api.w.org\/{rel}","templated":true}]}}