{"id":13215,"date":"2025-12-06T10:22:47","date_gmt":"2025-12-06T10:22:47","guid":{"rendered":"https:\/\/europesstore.com\/?post_type=product&#038;p=13215"},"modified":"2025-12-06T10:22:47","modified_gmt":"2025-12-06T10:22:47","slug":"creed-bois-du-portugal-kadin-tester-parfum-100-ml","status":"publish","type":"product","link":"https:\/\/www.europesstore.com\/en\/product\/creed-bois-du-portugal-kadin-tester-parfum-100-ml\/","title":{"rendered":"Creed Bois du Portugal Kad\u0131n Tester Parf\u00fcm 100 ML"},"content":{"rendered":"<p>Zamans\u0131z ve zarif bir Eau de Parfum olan Bois Du Portugal, hikayesine bergamot ve lavanta kokusuyla ba\u015fl\u0131yor ve egzotik a\u011fa\u00e7lar ile sedir a\u011fac\u0131, sandal a\u011fac\u0131 ve vetiver gibi baharatl\u0131 notalar\u0131n bir kar\u0131\u015f\u0131m\u0131na a\u00e7\u0131l\u0131yor. Ambergris&#8217;in son bir g\u00fczeli, bu klasik beyefendinin kokusuna ger\u00e7ekten zengin, p\u00fcr\u00fczs\u00fcz ve zarif bir g\u00f6r\u00fcn\u00fcm sa\u011flar.<\/p>\n<p>Ba\u015f Notlar: Bergamot, Limon, Misket Limonu, Mandalina ve Fesle\u011fen<br \/>Kalp Notalar\u0131: Lavanta, Baharatlar&nbsp;<br \/>Alt Notalar: Sandal A\u011fac\u0131, Pa\u00e7uli, Vetiver, Sedir A\u011fac\u0131<\/p>","protected":false},"excerpt":{"rendered":"<p>Zamans\u0131z ve zarif bir Eau de Parfum olan Bois Du Portugal, hikayesine bergamot ve lavanta kokusuyla ba\u015fl\u0131yor ve egzotik a\u011fa\u00e7lar ile sedir a\u011fac\u0131, sandal a\u011fac\u0131 ve vetiver gibi baharatl\u0131 notalar\u0131n bir kar\u0131\u015f\u0131m\u0131na a\u00e7\u0131l\u0131yor. Ambergris&#8217;in son bir g\u00fczeli, bu klasik beyefendinin kokusuna ger\u00e7ekten zengin, p\u00fcr\u00fczs\u00fcz ve zarif bir g\u00f6r\u00fcn\u00fcm sa\u011flar. Ba\u015f Notlar: Bergamot, Limon, Misket Limonu, [&hellip;]<\/p>","protected":false},"featured_media":13259,"comment_status":"open","ping_status":"closed","template":"","meta":[],"product_brand":[],"product_cat":[144,112],"product_tag":[],"class_list":{"0":"post-13215","1":"product","2":"type-product","3":"status-publish","4":"has-post-thumbnail","6":"product_cat-ithal-kadin-parfum","7":"product_cat-ithal-parfum","9":"first","10":"instock","11":"sale","12":"shipping-taxable","13":"purchasable","14":"product-type-simple"},"jetpack_sharing_enabled":true,"_links":{"self":[{"href":"https:\/\/www.europesstore.com\/en\/wp-json\/wp\/v2\/product\/13215","targetHints":{"allow":["GET"]}}],"collection":[{"href":"https:\/\/www.europesstore.com\/en\/wp-json\/wp\/v2\/product"}],"about":[{"href":"https:\/\/www.europesstore.com\/en\/wp-json\/wp\/v2\/types\/product"}],"replies":[{"embeddable":true,"href":"https:\/\/www.europesstore.com\/en\/wp-json\/wp\/v2\/comments?post=13215"}],"wp:featuredmedia":[{"embeddable":true,"href":"https:\/\/www.europesstore.com\/en\/wp-json\/wp\/v2\/media\/13259"}],"wp:attachment":[{"href":"https:\/\/www.europesstore.com\/en\/wp-json\/wp\/v2\/media?parent=13215"}],"wp:term":[{"taxonomy":"product_brand","embeddable":true,"href":"https:\/\/www.europesstore.com\/en\/wp-json\/wp\/v2\/product_brand?post=13215"},{"taxonomy":"product_cat","embeddable":true,"href":"https:\/\/www.europesstore.com\/en\/wp-json\/wp\/v2\/product_cat?post=13215"},{"taxonomy":"product_tag","embeddable":true,"href":"https:\/\/www.europesstore.com\/en\/wp-json\/wp\/v2\/product_tag?post=13215"}],"curies":[{"name":"wp","href":"https:\/\/api.w.org\/{rel}","templated":true}]}}