{"id":13216,"date":"2025-12-06T10:22:46","date_gmt":"2025-12-06T10:22:46","guid":{"rendered":"https:\/\/europesstore.com\/?post_type=product&#038;p=13216"},"modified":"2025-12-06T10:22:46","modified_gmt":"2025-12-06T10:22:46","slug":"creed-carmina-kadin-tester-parfum-100-ml","status":"publish","type":"product","link":"https:\/\/www.europesstore.com\/en\/product\/creed-carmina-kadin-tester-parfum-100-ml\/","title":{"rendered":"Creed Carmina Kad\u0131n Tester Parf\u00fcm 100 ML"},"content":{"rendered":"<p>Carmina Eau de Parfum, Creed&#8217;den \u00e7arp\u0131c\u0131 derecede modern odunsu \u00e7i\u00e7ekli bir Kad\u0131n Kokusudur. \u015eehvetli Rose de Mai ve l\u00fcks ka\u015fmir ah\u015fab\u0131, nadir safran\u0131n alt\u0131n rengiyle \u0131s\u0131nan dolgun siyah kirazlar ve keskin pembe biberin ilk \u00e7\u0131k\u0131\u015f\u0131yla elektrikli bir duyarl\u0131l\u0131k yarat\u0131yor. De\u011ferli m\u00fcr ve buhurdan olu\u015fan sarho\u015f edici bir taban\u0131n yan\u0131 s\u0131ra ambroksan ve i\u00e7in i\u00e7in yanan misk ile bu kad\u0131n parf\u00fcm\u00fc, b\u00fcy\u00fcleyici bir karizma ile dolu kad\u0131ns\u0131 cazibenin \u00f6z\u00fcn\u00fc somutla\u015ft\u0131ran g\u00fc\u00e7l\u00fc bir silaj ile ince bir \u015fekilde i\u015flenmi\u015ftir.<\/p>\n<p>Ba\u015f Notlar: Siyah Kiraz, Safran ve Pembe Biber<br \/>Kalp Notalar\u0131: Rose de Mai, Menek\u015fe, Ka\u015fmir A\u011fac\u0131 ve \u015eakay\u0131k<br \/>Alt Notalar: Buhur, M\u00fcr, Amber ve Misk<\/p>","protected":false},"excerpt":{"rendered":"<p>Carmina Eau de Parfum, Creed&#8217;den \u00e7arp\u0131c\u0131 derecede modern odunsu \u00e7i\u00e7ekli bir Kad\u0131n Kokusudur. \u015eehvetli Rose de Mai ve l\u00fcks ka\u015fmir ah\u015fab\u0131, nadir safran\u0131n alt\u0131n rengiyle \u0131s\u0131nan dolgun siyah kirazlar ve keskin pembe biberin ilk \u00e7\u0131k\u0131\u015f\u0131yla elektrikli bir duyarl\u0131l\u0131k yarat\u0131yor. De\u011ferli m\u00fcr ve buhurdan olu\u015fan sarho\u015f edici bir taban\u0131n yan\u0131 s\u0131ra ambroksan ve i\u00e7in i\u00e7in yanan [&hellip;]<\/p>","protected":false},"featured_media":13260,"comment_status":"open","ping_status":"closed","template":"","meta":[],"product_brand":[],"product_cat":[144,112],"product_tag":[],"class_list":{"0":"post-13216","1":"product","2":"type-product","3":"status-publish","4":"has-post-thumbnail","6":"product_cat-ithal-kadin-parfum","7":"product_cat-ithal-parfum","9":"first","10":"instock","11":"sale","12":"shipping-taxable","13":"purchasable","14":"product-type-simple"},"jetpack_sharing_enabled":true,"_links":{"self":[{"href":"https:\/\/www.europesstore.com\/en\/wp-json\/wp\/v2\/product\/13216","targetHints":{"allow":["GET"]}}],"collection":[{"href":"https:\/\/www.europesstore.com\/en\/wp-json\/wp\/v2\/product"}],"about":[{"href":"https:\/\/www.europesstore.com\/en\/wp-json\/wp\/v2\/types\/product"}],"replies":[{"embeddable":true,"href":"https:\/\/www.europesstore.com\/en\/wp-json\/wp\/v2\/comments?post=13216"}],"wp:featuredmedia":[{"embeddable":true,"href":"https:\/\/www.europesstore.com\/en\/wp-json\/wp\/v2\/media\/13260"}],"wp:attachment":[{"href":"https:\/\/www.europesstore.com\/en\/wp-json\/wp\/v2\/media?parent=13216"}],"wp:term":[{"taxonomy":"product_brand","embeddable":true,"href":"https:\/\/www.europesstore.com\/en\/wp-json\/wp\/v2\/product_brand?post=13216"},{"taxonomy":"product_cat","embeddable":true,"href":"https:\/\/www.europesstore.com\/en\/wp-json\/wp\/v2\/product_cat?post=13216"},{"taxonomy":"product_tag","embeddable":true,"href":"https:\/\/www.europesstore.com\/en\/wp-json\/wp\/v2\/product_tag?post=13216"}],"curies":[{"name":"wp","href":"https:\/\/api.w.org\/{rel}","templated":true}]}}