{"id":13217,"date":"2025-12-06T10:22:47","date_gmt":"2025-12-06T10:22:47","guid":{"rendered":"https:\/\/europesstore.com\/?post_type=product&#038;p=13217"},"modified":"2025-12-06T10:22:47","modified_gmt":"2025-12-06T10:22:47","slug":"creed-royal-oud-kadin-tester-parfum-100-ml","status":"publish","type":"product","link":"https:\/\/www.europesstore.com\/en\/product\/creed-royal-oud-kadin-tester-parfum-100-ml\/","title":{"rendered":"Creed Royal Oud Kad\u0131n Tester Parf\u00fcm 100 ML"},"content":{"rendered":"<p>Zengin, odunsu ve oryantal Royal Oud&#8217;un zenginli\u011fi, bu kokuyu hem ruhani do\u011faya sahip hem de baylara ve garantili zarafete \u00e7ok uygun hale getirir. Sandal a\u011fac\u0131, tonkin miski ve ud bir araya gelerek bu g\u00f6rkemli Eau de Parfum&#8217;un temel notalar\u0131n\u0131 olu\u015ftururken, limon, pembe biber ve bergamotun \u00fcst notalar\u0131 bu klasik ve sofistike kokuya taze bir dokunu\u015f kat\u0131yor.<\/p>\n<p>Ba\u015f Notlar: Pembe Biber, Misket Limonu, Galbanum ve Bergamot<br \/>Kalp Notalar\u0131: Angelica Tohumu, Sedir A\u011fac\u0131, Kakule, Karanfil<br \/>Alt Notalar\u0131: Misk, Ambroxan, Buhur, Guaiac A\u011fac\u0131, Ud<\/p>","protected":false},"excerpt":{"rendered":"<p>Zengin, odunsu ve oryantal Royal Oud&#8217;un zenginli\u011fi, bu kokuyu hem ruhani do\u011faya sahip hem de baylara ve garantili zarafete \u00e7ok uygun hale getirir. Sandal a\u011fac\u0131, tonkin miski ve ud bir araya gelerek bu g\u00f6rkemli Eau de Parfum&#8217;un temel notalar\u0131n\u0131 olu\u015ftururken, limon, pembe biber ve bergamotun \u00fcst notalar\u0131 bu klasik ve sofistike kokuya taze bir dokunu\u015f [&hellip;]<\/p>","protected":false},"featured_media":13268,"comment_status":"open","ping_status":"closed","template":"","meta":[],"product_brand":[],"product_cat":[144,112],"product_tag":[],"class_list":{"0":"post-13217","1":"product","2":"type-product","3":"status-publish","4":"has-post-thumbnail","6":"product_cat-ithal-kadin-parfum","7":"product_cat-ithal-parfum","9":"first","10":"instock","11":"sale","12":"shipping-taxable","13":"purchasable","14":"product-type-simple"},"jetpack_sharing_enabled":true,"_links":{"self":[{"href":"https:\/\/www.europesstore.com\/en\/wp-json\/wp\/v2\/product\/13217","targetHints":{"allow":["GET"]}}],"collection":[{"href":"https:\/\/www.europesstore.com\/en\/wp-json\/wp\/v2\/product"}],"about":[{"href":"https:\/\/www.europesstore.com\/en\/wp-json\/wp\/v2\/types\/product"}],"replies":[{"embeddable":true,"href":"https:\/\/www.europesstore.com\/en\/wp-json\/wp\/v2\/comments?post=13217"}],"wp:featuredmedia":[{"embeddable":true,"href":"https:\/\/www.europesstore.com\/en\/wp-json\/wp\/v2\/media\/13268"}],"wp:attachment":[{"href":"https:\/\/www.europesstore.com\/en\/wp-json\/wp\/v2\/media?parent=13217"}],"wp:term":[{"taxonomy":"product_brand","embeddable":true,"href":"https:\/\/www.europesstore.com\/en\/wp-json\/wp\/v2\/product_brand?post=13217"},{"taxonomy":"product_cat","embeddable":true,"href":"https:\/\/www.europesstore.com\/en\/wp-json\/wp\/v2\/product_cat?post=13217"},{"taxonomy":"product_tag","embeddable":true,"href":"https:\/\/www.europesstore.com\/en\/wp-json\/wp\/v2\/product_tag?post=13217"}],"curies":[{"name":"wp","href":"https:\/\/api.w.org\/{rel}","templated":true}]}}