{"id":13218,"date":"2025-12-06T10:22:46","date_gmt":"2025-12-06T10:22:46","guid":{"rendered":"https:\/\/europesstore.com\/?post_type=product&#038;p=13218"},"modified":"2025-12-06T10:22:46","modified_gmt":"2025-12-06T10:22:46","slug":"creed-millesime-aventus-erkek-tester-parfum-100-ml","status":"publish","type":"product","link":"https:\/\/www.europesstore.com\/en\/product\/creed-millesime-aventus-erkek-tester-parfum-100-ml\/","title":{"rendered":"Creed M\u0131lles\u0131me Aventus Erkek Tester Parf\u00fcm 100 ML"},"content":{"rendered":"<p><span style=\"font-family:TTNormsPro;font-size:15px\"><span style=\"float:none;font-style:normal;font-weight:400;letter-spacing:0.3px;text-align:start;text-indent:0px;text-transform:none\">Aventus; c\u00fcretkar, zengin ve ikonik bir parf\u00fcm arayanlara \u00f6zel bir kokudur<\/span><\/span><br \/><span style=\"font-family:TTNormsPro;font-size:15px\"><span style=\"float:none;font-style:normal;font-weight:400;letter-spacing:0.3px;text-align:start;text-indent:0px;text-transform:none\">G\u00fcc\u00fcn\u00fc, ba\u015far\u0131s\u0131n\u0131 ve vizyonunu \u0130mparator Napolyon&#8217;un ya\u015fad\u0131\u011f\u0131 sava\u015f, huzur ve romantizmden alm\u0131\u015ft\u0131r<\/span><\/span><br \/><span style=\"font-family:TTNormsPro;font-size:15px\"><span style=\"float:none;font-style:normal;font-weight:400;letter-spacing:0.3px;text-align:start;text-indent:0px;text-transform:none\">Aventus \u015fi\u015fesi ise; at ve binicinin g\u00fcm\u00fc\u015f amblemi ile s\u00fcslenmi\u015fir<\/span><\/span><br \/><span style=\"font-family:TTNormsPro;font-size:15px\"><span style=\"float:none;font-style:normal;font-weight:400;letter-spacing:0.3px;text-align:start;text-indent:0px;text-transform:none\">Bu simge, kokuyu kullanan ki\u015finin s\u0131n\u0131rs\u0131z ve macerac\u0131 bir ruhu oldu\u011funu \u00e7a\u011fr\u0131\u015ft\u0131r\u0131yor<\/span><\/span><\/p>\n<p><span style=\"font-family:TTNormsPro;font-size:15px\"><span style=\"float:none;font-style:normal;font-weight:400;letter-spacing:0.3px;text-align:start;text-indent:0px;text-transform:none\">\u00dcst Nota: Siyah Frenk u\u0308zu\u0308m\u00fc\u0308 yapra\u011f\u0131, I\u0307talyan bergamotu, Frans\u0131z elmalar\u0131 ve Kraliyet ananas\u0131<\/span><\/span><br \/><span style=\"font-family:TTNormsPro;font-size:15px\"><span style=\"float:none;font-style:normal;font-weight:400;letter-spacing:0.3px;text-align:start;text-indent:0px;text-transform:none\">Orta Nota: Hus\u0327 ag\u0306ac\u0131, Fas yasemini ve pac\u0327uli<\/span><\/span><br \/><span style=\"font-family:TTNormsPro;font-size:15px\"><span style=\"float:none;font-style:normal;font-weight:400;letter-spacing:0.3px;text-align:start;text-indent:0px;text-transform:none\">Alt Nota: Misk, mes\u0327e yosunu, esmer amber, vanilya<\/span><\/span><br \/><span style=\"font-family:TTNormsPro;font-size:15px\"><span style=\"float:none;font-style:normal;font-weight:400;letter-spacing:0.3px;text-align:start;text-indent:0px;text-transform:none\">Koku Ailesi: Meyve, fresh<\/span><\/span><\/p>","protected":false},"excerpt":{"rendered":"<p>Aventus; c\u00fcretkar, zengin ve ikonik bir parf\u00fcm arayanlara \u00f6zel bir kokudurG\u00fcc\u00fcn\u00fc, ba\u015far\u0131s\u0131n\u0131 ve vizyonunu \u0130mparator Napolyon&#8217;un ya\u015fad\u0131\u011f\u0131 sava\u015f, huzur ve romantizmden alm\u0131\u015ft\u0131rAventus \u015fi\u015fesi ise; at ve binicinin g\u00fcm\u00fc\u015f amblemi ile s\u00fcslenmi\u015firBu simge, kokuyu kullanan ki\u015finin s\u0131n\u0131rs\u0131z ve macerac\u0131 bir ruhu oldu\u011funu \u00e7a\u011fr\u0131\u015ft\u0131r\u0131yor \u00dcst Nota: Siyah Frenk u\u0308zu\u0308m\u00fc\u0308 yapra\u011f\u0131, I\u0307talyan bergamotu, Frans\u0131z elmalar\u0131 ve Kraliyet ananas\u0131Orta [&hellip;]<\/p>","protected":false},"featured_media":13269,"comment_status":"open","ping_status":"closed","template":"","meta":[],"product_brand":[],"product_cat":[146,112],"product_tag":[],"class_list":{"0":"post-13218","1":"product","2":"type-product","3":"status-publish","4":"has-post-thumbnail","6":"product_cat-ithal-erkek-parfum","7":"product_cat-ithal-parfum","9":"first","10":"instock","11":"sale","12":"shipping-taxable","13":"purchasable","14":"product-type-simple"},"jetpack_sharing_enabled":true,"_links":{"self":[{"href":"https:\/\/www.europesstore.com\/en\/wp-json\/wp\/v2\/product\/13218","targetHints":{"allow":["GET"]}}],"collection":[{"href":"https:\/\/www.europesstore.com\/en\/wp-json\/wp\/v2\/product"}],"about":[{"href":"https:\/\/www.europesstore.com\/en\/wp-json\/wp\/v2\/types\/product"}],"replies":[{"embeddable":true,"href":"https:\/\/www.europesstore.com\/en\/wp-json\/wp\/v2\/comments?post=13218"}],"wp:featuredmedia":[{"embeddable":true,"href":"https:\/\/www.europesstore.com\/en\/wp-json\/wp\/v2\/media\/13269"}],"wp:attachment":[{"href":"https:\/\/www.europesstore.com\/en\/wp-json\/wp\/v2\/media?parent=13218"}],"wp:term":[{"taxonomy":"product_brand","embeddable":true,"href":"https:\/\/www.europesstore.com\/en\/wp-json\/wp\/v2\/product_brand?post=13218"},{"taxonomy":"product_cat","embeddable":true,"href":"https:\/\/www.europesstore.com\/en\/wp-json\/wp\/v2\/product_cat?post=13218"},{"taxonomy":"product_tag","embeddable":true,"href":"https:\/\/www.europesstore.com\/en\/wp-json\/wp\/v2\/product_tag?post=13218"}],"curies":[{"name":"wp","href":"https:\/\/api.w.org\/{rel}","templated":true}]}}