{"id":13219,"date":"2025-12-06T10:22:46","date_gmt":"2025-12-06T10:22:46","guid":{"rendered":"https:\/\/europesstore.com\/?post_type=product&#038;p=13219"},"modified":"2025-12-06T10:22:46","modified_gmt":"2025-12-06T10:22:46","slug":"creed-millesime-green-irish-tweed-erkek-tester-parfum-100-ml","status":"publish","type":"product","link":"https:\/\/www.europesstore.com\/en\/product\/creed-millesime-green-irish-tweed-erkek-tester-parfum-100-ml\/","title":{"rendered":"Creed Millesime Green Irish Tweed  Erkek Tester Parf\u00fcm 100 ML"},"content":{"rendered":"<p><span style=\"font-family:TTNormsPro;font-size:15px\"><span style=\"float:none;font-style:normal;font-weight:400;letter-spacing:0.3px;text-align:start;text-indent:0px;text-transform:none\">I\u0307rlanda k\u0131rlar\u0131n\u0131n serin ru\u0308zga\u0302rlar\u0131n\u0131n etkisinin hissedildig\u0306i Green Irish Tweed, Creed\u2019in o\u0308zel koleksiyonlar\u0131ndan biri olarak kars\u0327\u0131m\u0131za c\u0327\u0131k\u0131yor<\/span><\/span><br \/><span style=\"font-family:TTNormsPro;font-size:15px\"><span style=\"float:none;font-style:normal;font-weight:400;letter-spacing:0.3px;text-align:start;text-indent:0px;text-transform:none\">Zengin, taze, yes\u0327il, baharatl\u0131, sportif, o\u0308zgu\u0308n ve unutulmaz nitelikte bir koku<\/span><\/span><br \/><span style=\"font-family:TTNormsPro;font-size:15px\"><span style=\"float:none;font-style:normal;font-weight:400;letter-spacing:0.3px;text-align:start;text-indent:0px;text-transform:none\">Green Irish Tweed, canland\u0131r\u0131c\u0131 tazelig\u0306i ve saf masku\u0308lenlig\u0306i ile Olivier Creed\u2019in u\u0308rettig\u0306i en sanatsal ve en ba\u015far\u0131l\u0131 parf\u00fcmlerinden biridir.<\/span><\/span><\/p>\n<p><span style=\"font-family:TTNormsPro;font-size:15px\"><span style=\"float:none;font-style:normal;font-weight:400;letter-spacing:0.3px;text-align:start;text-indent:0px;text-transform:none\">U\u0308st Nota: Iris c\u0327ic\u0327eg\u0306i, limon otu<\/span><\/span><br \/><span style=\"font-family:TTNormsPro;font-size:15px\"><span style=\"float:none;font-style:normal;font-weight:400;letter-spacing:0.3px;text-align:start;text-indent:0px;text-transform:none\">Orta Nota: Meneks\u0327e c\u0327ic\u0327eg\u0306i<\/span><\/span><br \/><span style=\"font-family:TTNormsPro;font-size:15px\"><span style=\"float:none;font-style:normal;font-weight:400;letter-spacing:0.3px;text-align:start;text-indent:0px;text-transform:none\">Alt Nota: Sandal ag\u0306ac\u0131, esmer amber<\/span><\/span><br \/><span style=\"font-family:TTNormsPro;font-size:15px\"><span style=\"float:none;font-style:normal;font-weight:400;letter-spacing:0.3px;text-align:start;text-indent:0px;text-transform:none\">Koku Ailesi: Odunsu, misk, \u00e7i\u00e7eks<\/span><\/span><\/p>","protected":false},"excerpt":{"rendered":"<p>I\u0307rlanda k\u0131rlar\u0131n\u0131n serin ru\u0308zga\u0302rlar\u0131n\u0131n etkisinin hissedildig\u0306i Green Irish Tweed, Creed\u2019in o\u0308zel koleksiyonlar\u0131ndan biri olarak kars\u0327\u0131m\u0131za c\u0327\u0131k\u0131yorZengin, taze, yes\u0327il, baharatl\u0131, sportif, o\u0308zgu\u0308n ve unutulmaz nitelikte bir kokuGreen Irish Tweed, canland\u0131r\u0131c\u0131 tazelig\u0306i ve saf masku\u0308lenlig\u0306i ile Olivier Creed\u2019in u\u0308rettig\u0306i en sanatsal ve en ba\u015far\u0131l\u0131 parf\u00fcmlerinden biridir. U\u0308st Nota: Iris c\u0327ic\u0327eg\u0306i, limon otuOrta Nota: Meneks\u0327e c\u0327ic\u0327eg\u0306iAlt Nota: Sandal [&hellip;]<\/p>","protected":false},"featured_media":13270,"comment_status":"open","ping_status":"closed","template":"","meta":[],"product_brand":[],"product_cat":[146,112],"product_tag":[],"class_list":{"0":"post-13219","1":"product","2":"type-product","3":"status-publish","4":"has-post-thumbnail","6":"product_cat-ithal-erkek-parfum","7":"product_cat-ithal-parfum","9":"first","10":"instock","11":"sale","12":"shipping-taxable","13":"purchasable","14":"product-type-simple"},"jetpack_sharing_enabled":true,"_links":{"self":[{"href":"https:\/\/www.europesstore.com\/en\/wp-json\/wp\/v2\/product\/13219","targetHints":{"allow":["GET"]}}],"collection":[{"href":"https:\/\/www.europesstore.com\/en\/wp-json\/wp\/v2\/product"}],"about":[{"href":"https:\/\/www.europesstore.com\/en\/wp-json\/wp\/v2\/types\/product"}],"replies":[{"embeddable":true,"href":"https:\/\/www.europesstore.com\/en\/wp-json\/wp\/v2\/comments?post=13219"}],"wp:featuredmedia":[{"embeddable":true,"href":"https:\/\/www.europesstore.com\/en\/wp-json\/wp\/v2\/media\/13270"}],"wp:attachment":[{"href":"https:\/\/www.europesstore.com\/en\/wp-json\/wp\/v2\/media?parent=13219"}],"wp:term":[{"taxonomy":"product_brand","embeddable":true,"href":"https:\/\/www.europesstore.com\/en\/wp-json\/wp\/v2\/product_brand?post=13219"},{"taxonomy":"product_cat","embeddable":true,"href":"https:\/\/www.europesstore.com\/en\/wp-json\/wp\/v2\/product_cat?post=13219"},{"taxonomy":"product_tag","embeddable":true,"href":"https:\/\/www.europesstore.com\/en\/wp-json\/wp\/v2\/product_tag?post=13219"}],"curies":[{"name":"wp","href":"https:\/\/api.w.org\/{rel}","templated":true}]}}