{"id":13228,"date":"2025-12-06T10:22:46","date_gmt":"2025-12-06T10:22:46","guid":{"rendered":"https:\/\/europesstore.com\/?post_type=product&#038;p=13228"},"modified":"2025-12-06T10:22:46","modified_gmt":"2025-12-06T10:22:46","slug":"creed-millesime-aventus-for-her-kadin-tester-parfum-100-ml","status":"publish","type":"product","link":"https:\/\/www.europesstore.com\/en\/product\/creed-millesime-aventus-for-her-kadin-tester-parfum-100-ml\/","title":{"rendered":"Creed Millesime Aventus For Her Kad\u0131n Tester Parf\u00fcm 100 ML"},"content":{"rendered":"<p><span style=\"font-family:TTNormsPro;font-size:15px\"><span style=\"float:none;font-style:normal;font-weight:400;letter-spacing:0.3px;text-align:start;text-indent:0px;text-transform:none\">Tarihin en gu\u0308c\u0327l\u00fc\u0308 ve gu\u0308nu\u0308mu\u0308zu\u0308n en modern kad\u0131n karakterlerinden ilham alan Aventus For Her, zengin notalar\u0131 ile kullan\u0131c\u0131lar\u0131n\u0131 kendisine hayran b\u0131rak\u0131yor<\/span><\/span><br \/><span style=\"font-family:TTNormsPro;font-size:15px\"><span style=\"float:none;font-style:normal;font-weight:400;letter-spacing:0.3px;text-align:start;text-indent:0px;text-transform:none\">Asil ve s\u0327\u0131k c\u0327izgisiyle kalitesini hissettiren parf\u00fcm, hem gu\u0308nlu\u0308k hem de gece kullan\u0131m\u0131 ic\u0327in olduk\u00e7a uygun<\/span><\/span><\/p>\n<p><span style=\"font-family:TTNormsPro;font-size:15px\"><span style=\"float:none;font-style:normal;font-weight:400;letter-spacing:0.3px;text-align:start;text-indent:0px;text-transform:none\">\u00dcst Nota: Patchouli, yes\u0327il elma, bergamot, limon, pembe biber<\/span><\/span><br \/><span style=\"font-family:TTNormsPro;font-size:15px\"><span style=\"float:none;font-style:normal;font-weight:400;letter-spacing:0.3px;text-align:start;text-indent:0px;text-transform:none\">Orta Nota: Sandalag\u0306ac\u0131, gu\u0308l, Styrax, musk<\/span><\/span><br \/><span style=\"font-family:TTNormsPro;font-size:15px\"><span style=\"float:none;font-style:normal;font-weight:400;letter-spacing:0.3px;text-align:start;text-indent:0px;text-transform:none\">Alt Nota: S\u0327eftali, siyah Frenk u\u0308zu\u0308m\u00fc\u0308, leylak, ylang ylang , amber<\/span><\/span><br \/><span style=\"font-family:TTNormsPro;font-size:15px\"><span style=\"float:none;font-style:normal;font-weight:400;letter-spacing:0.3px;text-align:start;text-indent:0px;text-transform:none\">Koku Ailesi: Odunsu, meyveli<\/span><\/span><\/p>","protected":false},"excerpt":{"rendered":"<p>Tarihin en gu\u0308c\u0327l\u00fc\u0308 ve gu\u0308nu\u0308mu\u0308zu\u0308n en modern kad\u0131n karakterlerinden ilham alan Aventus For Her, zengin notalar\u0131 ile kullan\u0131c\u0131lar\u0131n\u0131 kendisine hayran b\u0131rak\u0131yorAsil ve s\u0327\u0131k c\u0327izgisiyle kalitesini hissettiren parf\u00fcm, hem gu\u0308nlu\u0308k hem de gece kullan\u0131m\u0131 ic\u0327in olduk\u00e7a uygun \u00dcst Nota: Patchouli, yes\u0327il elma, bergamot, limon, pembe biberOrta Nota: Sandalag\u0306ac\u0131, gu\u0308l, Styrax, muskAlt Nota: S\u0327eftali, siyah Frenk u\u0308zu\u0308m\u00fc\u0308, [&hellip;]<\/p>","protected":false},"featured_media":13272,"comment_status":"open","ping_status":"closed","template":"","meta":[],"product_brand":[],"product_cat":[144,112],"product_tag":[],"class_list":{"0":"post-13228","1":"product","2":"type-product","3":"status-publish","4":"has-post-thumbnail","6":"product_cat-ithal-kadin-parfum","7":"product_cat-ithal-parfum","9":"first","10":"instock","11":"sale","12":"shipping-taxable","13":"purchasable","14":"product-type-simple"},"jetpack_sharing_enabled":true,"_links":{"self":[{"href":"https:\/\/www.europesstore.com\/en\/wp-json\/wp\/v2\/product\/13228","targetHints":{"allow":["GET"]}}],"collection":[{"href":"https:\/\/www.europesstore.com\/en\/wp-json\/wp\/v2\/product"}],"about":[{"href":"https:\/\/www.europesstore.com\/en\/wp-json\/wp\/v2\/types\/product"}],"replies":[{"embeddable":true,"href":"https:\/\/www.europesstore.com\/en\/wp-json\/wp\/v2\/comments?post=13228"}],"wp:featuredmedia":[{"embeddable":true,"href":"https:\/\/www.europesstore.com\/en\/wp-json\/wp\/v2\/media\/13272"}],"wp:attachment":[{"href":"https:\/\/www.europesstore.com\/en\/wp-json\/wp\/v2\/media?parent=13228"}],"wp:term":[{"taxonomy":"product_brand","embeddable":true,"href":"https:\/\/www.europesstore.com\/en\/wp-json\/wp\/v2\/product_brand?post=13228"},{"taxonomy":"product_cat","embeddable":true,"href":"https:\/\/www.europesstore.com\/en\/wp-json\/wp\/v2\/product_cat?post=13228"},{"taxonomy":"product_tag","embeddable":true,"href":"https:\/\/www.europesstore.com\/en\/wp-json\/wp\/v2\/product_tag?post=13228"}],"curies":[{"name":"wp","href":"https:\/\/api.w.org\/{rel}","templated":true}]}}