{"id":13229,"date":"2025-12-06T10:22:46","date_gmt":"2025-12-06T10:22:46","guid":{"rendered":"https:\/\/europesstore.com\/?post_type=product&#038;p=13229"},"modified":"2025-12-06T10:22:46","modified_gmt":"2025-12-06T10:22:46","slug":"creed-aventus-10th-anniversary-erkek-tester-parfum-100-ml","status":"publish","type":"product","link":"https:\/\/www.europesstore.com\/en\/product\/creed-aventus-10th-anniversary-erkek-tester-parfum-100-ml\/","title":{"rendered":"Creed Aventus 10th Anniversary Erkek Tester Parf\u00fcm 100 ML"},"content":{"rendered":"<p><span style=\"font-family:Lato, Arial, Helvetica, sans-serif;font-size:14px\"><span style=\"float:none;font-style:normal;font-weight:400;letter-spacing:normal;text-align:center;text-indent:0px;text-transform:none\">Anniversary by Creed, erkekler i\u00e7in meyveli bir \u015fipre kokusudur. &nbsp;<\/span><\/span><br \/><span style=\"font-family:Lato, Arial, Helvetica, sans-serif;font-size:14px\"><span style=\"float:none;font-style:normal;font-weight:400;letter-spacing:normal;text-align:center;text-indent:0px;text-transform:none\">\u00dcst notalarda ananas, bergamot, frenk \u00fcz\u00fcm\u00fc, elma, pembe biber, ye\u015fil notalar ve portakal; orta notalarda hu\u015f a\u011fac\u0131, kavun, ard\u0131\u00e7 meyveleri, g\u00fcl, pa\u00e7uli, yasemin, siklamen, hedion ve neroli; alt notalarda ambergris, ambroxan, deri, misk, me\u015fe yosunu, vanilya ve sedir bulunur.<\/span><\/span><\/p>","protected":false},"excerpt":{"rendered":"<p>Anniversary by Creed, erkekler i\u00e7in meyveli bir \u015fipre kokusudur. &nbsp;\u00dcst notalarda ananas, bergamot, frenk \u00fcz\u00fcm\u00fc, elma, pembe biber, ye\u015fil notalar ve portakal; orta notalarda hu\u015f a\u011fac\u0131, kavun, ard\u0131\u00e7 meyveleri, g\u00fcl, pa\u00e7uli, yasemin, siklamen, hedion ve neroli; alt notalarda ambergris, ambroxan, deri, misk, me\u015fe yosunu, vanilya ve sedir bulunur.<\/p>","protected":false},"featured_media":13273,"comment_status":"open","ping_status":"closed","template":"","meta":[],"product_brand":[],"product_cat":[146,112],"product_tag":[],"class_list":{"0":"post-13229","1":"product","2":"type-product","3":"status-publish","4":"has-post-thumbnail","6":"product_cat-ithal-erkek-parfum","7":"product_cat-ithal-parfum","9":"first","10":"instock","11":"sale","12":"shipping-taxable","13":"purchasable","14":"product-type-simple"},"jetpack_sharing_enabled":true,"_links":{"self":[{"href":"https:\/\/www.europesstore.com\/en\/wp-json\/wp\/v2\/product\/13229","targetHints":{"allow":["GET"]}}],"collection":[{"href":"https:\/\/www.europesstore.com\/en\/wp-json\/wp\/v2\/product"}],"about":[{"href":"https:\/\/www.europesstore.com\/en\/wp-json\/wp\/v2\/types\/product"}],"replies":[{"embeddable":true,"href":"https:\/\/www.europesstore.com\/en\/wp-json\/wp\/v2\/comments?post=13229"}],"wp:featuredmedia":[{"embeddable":true,"href":"https:\/\/www.europesstore.com\/en\/wp-json\/wp\/v2\/media\/13273"}],"wp:attachment":[{"href":"https:\/\/www.europesstore.com\/en\/wp-json\/wp\/v2\/media?parent=13229"}],"wp:term":[{"taxonomy":"product_brand","embeddable":true,"href":"https:\/\/www.europesstore.com\/en\/wp-json\/wp\/v2\/product_brand?post=13229"},{"taxonomy":"product_cat","embeddable":true,"href":"https:\/\/www.europesstore.com\/en\/wp-json\/wp\/v2\/product_cat?post=13229"},{"taxonomy":"product_tag","embeddable":true,"href":"https:\/\/www.europesstore.com\/en\/wp-json\/wp\/v2\/product_tag?post=13229"}],"curies":[{"name":"wp","href":"https:\/\/api.w.org\/{rel}","templated":true}]}}