{"id":13231,"date":"2025-12-06T10:29:15","date_gmt":"2025-12-06T10:29:15","guid":{"rendered":"https:\/\/europesstore.com\/?post_type=product&#038;p=13231"},"modified":"2025-12-06T10:29:15","modified_gmt":"2025-12-06T10:29:15","slug":"n19-eau-de-kadin-tester-parfum-100-ml","status":"publish","type":"product","link":"https:\/\/www.europesstore.com\/en\/product\/n19-eau-de-kadin-tester-parfum-100-ml\/","title":{"rendered":"N\u00b019 Eau De Kad\u0131n Tester Parf\u00fcm 100 ML"},"content":{"rendered":"<p><span style=\"font-family:Helvetica, Open-Sans, sans-serif-light, sans-serif;font-size:14px\"><span style=\"float:none;font-style:normal;font-weight:300;letter-spacing:0.1px;text-align:start;text-indent:0px;text-transform:none\">Kontrastlarla oynayan, cesur bir \u00e7i\u00e7eksi-odunsu-ye\u015fil koku.<\/span><\/span><br \/><span style=\"font-family:Helvetica, Open-Sans, sans-serif-light, sans-serif;font-size:14px\"><span style=\"float:none;font-style:normal;font-weight:300;letter-spacing:0.1px;text-align:start;text-indent:0px;text-transform:none\">Galbanum&#8217;un canl\u0131, ye\u015fil notalar\u0131 ve Iris Pallida&#8217;n\u0131n yumu\u015fak, pudrams\u0131 notalar\u0131 aras\u0131nda m\u00fckemmel bir denge. Ylang-Ylang, vadi zamba\u011f\u0131 ve g\u00fcl ile g\u00fc\u00e7lendirilen, daha \u00e7i\u00e7eksi \u00f6zellikler ile zengin ve kusursuz bir yorum.<\/span><\/span><\/p>\n<p><span style=\"font-family:Helvetica, Open-Sans, sans-serif-light, sans-serif;font-size:14px\"><span style=\"float:none;font-style:normal;font-weight:300;letter-spacing:0.1px;text-align:start;text-indent:0px;text-transform:none\">&#8220;Yeri doldurulamaz olmak i\u00e7in farkl\u0131 olmal\u0131s\u0131n&#8221;: N\u00b019 bu ola\u011fan\u00fcst\u00fc, cesur ve \u0131\u015f\u0131k sa\u00e7an kad\u0131n\u0131n benzersiz ki\u015fili\u011finin son \u015faheseri.<\/span><\/span><\/p>","protected":false},"excerpt":{"rendered":"<p>Kontrastlarla oynayan, cesur bir \u00e7i\u00e7eksi-odunsu-ye\u015fil koku.Galbanum&#8217;un canl\u0131, ye\u015fil notalar\u0131 ve Iris Pallida&#8217;n\u0131n yumu\u015fak, pudrams\u0131 notalar\u0131 aras\u0131nda m\u00fckemmel bir denge. Ylang-Ylang, vadi zamba\u011f\u0131 ve g\u00fcl ile g\u00fc\u00e7lendirilen, daha \u00e7i\u00e7eksi \u00f6zellikler ile zengin ve kusursuz bir yorum. &#8220;Yeri doldurulamaz olmak i\u00e7in farkl\u0131 olmal\u0131s\u0131n&#8221;: N\u00b019 bu ola\u011fan\u00fcst\u00fc, cesur ve \u0131\u015f\u0131k sa\u00e7an kad\u0131n\u0131n benzersiz ki\u015fili\u011finin son \u015faheseri.<\/p>","protected":false},"featured_media":13282,"comment_status":"open","ping_status":"closed","template":"","meta":[],"product_brand":[],"product_cat":[144,112],"product_tag":[],"class_list":{"0":"post-13231","1":"product","2":"type-product","3":"status-publish","4":"has-post-thumbnail","6":"product_cat-ithal-kadin-parfum","7":"product_cat-ithal-parfum","9":"first","10":"instock","11":"sale","12":"shipping-taxable","13":"purchasable","14":"product-type-simple"},"jetpack_sharing_enabled":true,"_links":{"self":[{"href":"https:\/\/www.europesstore.com\/en\/wp-json\/wp\/v2\/product\/13231","targetHints":{"allow":["GET"]}}],"collection":[{"href":"https:\/\/www.europesstore.com\/en\/wp-json\/wp\/v2\/product"}],"about":[{"href":"https:\/\/www.europesstore.com\/en\/wp-json\/wp\/v2\/types\/product"}],"replies":[{"embeddable":true,"href":"https:\/\/www.europesstore.com\/en\/wp-json\/wp\/v2\/comments?post=13231"}],"wp:featuredmedia":[{"embeddable":true,"href":"https:\/\/www.europesstore.com\/en\/wp-json\/wp\/v2\/media\/13282"}],"wp:attachment":[{"href":"https:\/\/www.europesstore.com\/en\/wp-json\/wp\/v2\/media?parent=13231"}],"wp:term":[{"taxonomy":"product_brand","embeddable":true,"href":"https:\/\/www.europesstore.com\/en\/wp-json\/wp\/v2\/product_brand?post=13231"},{"taxonomy":"product_cat","embeddable":true,"href":"https:\/\/www.europesstore.com\/en\/wp-json\/wp\/v2\/product_cat?post=13231"},{"taxonomy":"product_tag","embeddable":true,"href":"https:\/\/www.europesstore.com\/en\/wp-json\/wp\/v2\/product_tag?post=13231"}],"curies":[{"name":"wp","href":"https:\/\/api.w.org\/{rel}","templated":true}]}}