{"id":13232,"date":"2025-12-06T10:29:15","date_gmt":"2025-12-06T10:29:15","guid":{"rendered":"https:\/\/europesstore.com\/?post_type=product&#038;p=13232"},"modified":"2025-12-06T10:29:15","modified_gmt":"2025-12-06T10:29:15","slug":"n22-les-exclusifs-de-chanel-eau-de-kadin-tester-parfum-100-ml","status":"publish","type":"product","link":"https:\/\/www.europesstore.com\/en\/product\/n22-les-exclusifs-de-chanel-eau-de-kadin-tester-parfum-100-ml\/","title":{"rendered":"N\u00b022 Les Exclus\u0131fs De Chanel- EAU DE  Kad\u0131n Tester Parf\u00fcm 100 ML"},"content":{"rendered":"<p><span style=\"font-family:Helvetica, Open-Sans, sans-serif-light, sans-serif;font-size:14px\"><span style=\"float:none;font-style:normal;font-weight:300;letter-spacing:0.1px;text-align:start;text-indent:0px;text-transform:none\">S\u00fcmb\u00fclteber, g\u00fcl ve portakal \u00e7i\u00e7e\u011finin harmanlanmas\u0131yla N\u00b022, etkileyici, ba\u015ftan \u00e7\u0131kar\u0131c\u0131 bir kokuya d\u00f6n\u00fc\u015f\u00fcr. Feminenli\u011fin yans\u0131mas\u0131 gibi ard\u0131nda i\u00e7i \u0131s\u0131tan bir koku izi b\u0131rak\u0131r.<\/span><\/span><\/p>","protected":false},"excerpt":{"rendered":"<p>S\u00fcmb\u00fclteber, g\u00fcl ve portakal \u00e7i\u00e7e\u011finin harmanlanmas\u0131yla N\u00b022, etkileyici, ba\u015ftan \u00e7\u0131kar\u0131c\u0131 bir kokuya d\u00f6n\u00fc\u015f\u00fcr. Feminenli\u011fin yans\u0131mas\u0131 gibi ard\u0131nda i\u00e7i \u0131s\u0131tan bir koku izi b\u0131rak\u0131r.<\/p>","protected":false},"featured_media":13283,"comment_status":"open","ping_status":"closed","template":"","meta":[],"product_brand":[],"product_cat":[144,112],"product_tag":[],"class_list":{"0":"post-13232","1":"product","2":"type-product","3":"status-publish","4":"has-post-thumbnail","6":"product_cat-ithal-kadin-parfum","7":"product_cat-ithal-parfum","9":"first","10":"instock","11":"sale","12":"shipping-taxable","13":"purchasable","14":"product-type-simple"},"jetpack_sharing_enabled":true,"_links":{"self":[{"href":"https:\/\/www.europesstore.com\/en\/wp-json\/wp\/v2\/product\/13232","targetHints":{"allow":["GET"]}}],"collection":[{"href":"https:\/\/www.europesstore.com\/en\/wp-json\/wp\/v2\/product"}],"about":[{"href":"https:\/\/www.europesstore.com\/en\/wp-json\/wp\/v2\/types\/product"}],"replies":[{"embeddable":true,"href":"https:\/\/www.europesstore.com\/en\/wp-json\/wp\/v2\/comments?post=13232"}],"wp:featuredmedia":[{"embeddable":true,"href":"https:\/\/www.europesstore.com\/en\/wp-json\/wp\/v2\/media\/13283"}],"wp:attachment":[{"href":"https:\/\/www.europesstore.com\/en\/wp-json\/wp\/v2\/media?parent=13232"}],"wp:term":[{"taxonomy":"product_brand","embeddable":true,"href":"https:\/\/www.europesstore.com\/en\/wp-json\/wp\/v2\/product_brand?post=13232"},{"taxonomy":"product_cat","embeddable":true,"href":"https:\/\/www.europesstore.com\/en\/wp-json\/wp\/v2\/product_cat?post=13232"},{"taxonomy":"product_tag","embeddable":true,"href":"https:\/\/www.europesstore.com\/en\/wp-json\/wp\/v2\/product_tag?post=13232"}],"curies":[{"name":"wp","href":"https:\/\/api.w.org\/{rel}","templated":true}]}}