{"id":13233,"date":"2025-12-06T10:29:15","date_gmt":"2025-12-06T10:29:15","guid":{"rendered":"https:\/\/europesstore.com\/?post_type=product&#038;p=13233"},"modified":"2025-12-06T10:29:15","modified_gmt":"2025-12-06T10:29:15","slug":"allure-sensuelle-eau-de-kadin-tester-parfum-100-ml","status":"publish","type":"product","link":"https:\/\/www.europesstore.com\/en\/product\/allure-sensuelle-eau-de-kadin-tester-parfum-100-ml\/","title":{"rendered":"Allure Sensuelle Eau De Kad\u0131n Tester Parf\u00fcm 100 ML"},"content":{"rendered":"<p><span style=\"font-family:Helvetica, Open-Sans, sans-serif-light, sans-serif;font-size:14px\"><span style=\"float:none;font-style:normal;font-weight:300;letter-spacing:0.1px;text-align:start;text-indent:0px;text-transform:none\">Gizemli \u00e7i\u00e7eklerle dolu, \u00e7i\u00e7eksi-yumu\u015fak-oryantal, b\u00fcy\u00fcleyici bir koku.<\/span><\/span><br \/><span style=\"font-family:Helvetica, Open-Sans, sans-serif-light, sans-serif;font-size:14px\"><span style=\"float:none;font-style:normal;font-weight:300;letter-spacing:0.1px;text-align:start;text-indent:0px;text-transform:none\">Alt\u0131 farkl\u0131 y\u00f6n\u00fcn\u00fc her kad\u0131na \u00f6zg\u00fc bir \u015fekilde ortaya koyar. Oryantal notalar kokuya duyusal ve \u00e7arp\u0131c\u0131 bir tat katarken g\u00fcl, Frankincense ve amber pa\u00e7uli ile m\u00fckemmel bir kompozisyon olu\u015fturur.<\/span><\/span><\/p>\n<p><span style=\"font-family:Helvetica, Open-Sans, sans-serif-light, sans-serif;font-size:14px\"><span style=\"float:none;font-style:normal;font-weight:300;letter-spacing:0.1px;text-align:start;text-indent:0px;text-transform:none\">Spreyli \u015fi\u015fesiyle eau de parfum, v\u00fccudunuzda veya k\u0131yafetlerinizde diledi\u011finiz miktarda kullanabilmeniz i\u00e7in kolay ve h\u0131zl\u0131 bir kullan\u0131m sa\u011flar.<\/span><\/span><br \/><span style=\"font-family:Helvetica, Open-Sans, sans-serif-light, sans-serif;font-size:14px\"><span style=\"float:none;font-style:normal;font-weight:300;letter-spacing:0.1px;text-align:start;text-indent:0px;text-transform:none\">Kokunun kal\u0131c\u0131l\u0131\u011f\u0131n\u0131 art\u0131rmak amac\u0131yla banyo ve v\u00fccut \u00fcr\u00fcnlerinden olu\u015fan komple parf\u00fcm rit\u00fcelini uygulayabilirsiniz.<\/span><\/span><\/p>","protected":false},"excerpt":{"rendered":"<p>Gizemli \u00e7i\u00e7eklerle dolu, \u00e7i\u00e7eksi-yumu\u015fak-oryantal, b\u00fcy\u00fcleyici bir koku.Alt\u0131 farkl\u0131 y\u00f6n\u00fcn\u00fc her kad\u0131na \u00f6zg\u00fc bir \u015fekilde ortaya koyar. Oryantal notalar kokuya duyusal ve \u00e7arp\u0131c\u0131 bir tat katarken g\u00fcl, Frankincense ve amber pa\u00e7uli ile m\u00fckemmel bir kompozisyon olu\u015fturur. Spreyli \u015fi\u015fesiyle eau de parfum, v\u00fccudunuzda veya k\u0131yafetlerinizde diledi\u011finiz miktarda kullanabilmeniz i\u00e7in kolay ve h\u0131zl\u0131 bir kullan\u0131m sa\u011flar.Kokunun kal\u0131c\u0131l\u0131\u011f\u0131n\u0131 art\u0131rmak [&hellip;]<\/p>","protected":false},"featured_media":13284,"comment_status":"open","ping_status":"closed","template":"","meta":[],"product_brand":[],"product_cat":[144,112],"product_tag":[],"class_list":{"0":"post-13233","1":"product","2":"type-product","3":"status-publish","4":"has-post-thumbnail","6":"product_cat-ithal-kadin-parfum","7":"product_cat-ithal-parfum","9":"first","10":"instock","11":"sale","12":"shipping-taxable","13":"purchasable","14":"product-type-simple"},"jetpack_sharing_enabled":true,"_links":{"self":[{"href":"https:\/\/www.europesstore.com\/en\/wp-json\/wp\/v2\/product\/13233","targetHints":{"allow":["GET"]}}],"collection":[{"href":"https:\/\/www.europesstore.com\/en\/wp-json\/wp\/v2\/product"}],"about":[{"href":"https:\/\/www.europesstore.com\/en\/wp-json\/wp\/v2\/types\/product"}],"replies":[{"embeddable":true,"href":"https:\/\/www.europesstore.com\/en\/wp-json\/wp\/v2\/comments?post=13233"}],"wp:featuredmedia":[{"embeddable":true,"href":"https:\/\/www.europesstore.com\/en\/wp-json\/wp\/v2\/media\/13284"}],"wp:attachment":[{"href":"https:\/\/www.europesstore.com\/en\/wp-json\/wp\/v2\/media?parent=13233"}],"wp:term":[{"taxonomy":"product_brand","embeddable":true,"href":"https:\/\/www.europesstore.com\/en\/wp-json\/wp\/v2\/product_brand?post=13233"},{"taxonomy":"product_cat","embeddable":true,"href":"https:\/\/www.europesstore.com\/en\/wp-json\/wp\/v2\/product_cat?post=13233"},{"taxonomy":"product_tag","embeddable":true,"href":"https:\/\/www.europesstore.com\/en\/wp-json\/wp\/v2\/product_tag?post=13233"}],"curies":[{"name":"wp","href":"https:\/\/api.w.org\/{rel}","templated":true}]}}