{"id":13234,"date":"2025-12-06T10:29:15","date_gmt":"2025-12-06T10:29:15","guid":{"rendered":"https:\/\/europesstore.com\/?post_type=product&#038;p=13234"},"modified":"2025-12-06T10:29:15","modified_gmt":"2025-12-06T10:29:15","slug":"les-exclusifs-de-chanel-cuir-de-russie-kadin-tester-parfum-100-ml","status":"publish","type":"product","link":"https:\/\/www.europesstore.com\/en\/product\/les-exclusifs-de-chanel-cuir-de-russie-kadin-tester-parfum-100-ml\/","title":{"rendered":"Les Exclus\u0131fs De Chanel Cu\u0131r De Russ\u0131e  Kad\u0131n Tester Parf\u00fcm 100 ML"},"content":{"rendered":"<p><span style=\"font-family:Helvetica, Open-Sans, sans-serif-light, sans-serif;font-size:14px\"><span style=\"float:none;font-style:normal;font-weight:300;letter-spacing:0.1px;text-align:start;text-indent:0px;text-transform:none\">CUIR DE RUSSIE, hu\u015f a\u011fac\u0131 kabu\u011funu sar\u0131 t\u00fct\u00fcn sarmallar\u0131yla harmanlanarak elde edilen ve uzaklara g\u00f6t\u00fcren bir koku. Egzotik yasemin ile etkisi alt\u0131na alan, i\u00e7i \u0131s\u0131tan bir koku izi.<\/span><\/span><\/p>","protected":false},"excerpt":{"rendered":"<p>CUIR DE RUSSIE, hu\u015f a\u011fac\u0131 kabu\u011funu sar\u0131 t\u00fct\u00fcn sarmallar\u0131yla harmanlanarak elde edilen ve uzaklara g\u00f6t\u00fcren bir koku. Egzotik yasemin ile etkisi alt\u0131na alan, i\u00e7i \u0131s\u0131tan bir koku izi.<\/p>","protected":false},"featured_media":13285,"comment_status":"open","ping_status":"closed","template":"","meta":[],"product_brand":[],"product_cat":[144,112],"product_tag":[],"class_list":{"0":"post-13234","1":"product","2":"type-product","3":"status-publish","4":"has-post-thumbnail","6":"product_cat-ithal-kadin-parfum","7":"product_cat-ithal-parfum","9":"first","10":"instock","11":"sale","12":"shipping-taxable","13":"purchasable","14":"product-type-simple"},"jetpack_sharing_enabled":true,"_links":{"self":[{"href":"https:\/\/www.europesstore.com\/en\/wp-json\/wp\/v2\/product\/13234","targetHints":{"allow":["GET"]}}],"collection":[{"href":"https:\/\/www.europesstore.com\/en\/wp-json\/wp\/v2\/product"}],"about":[{"href":"https:\/\/www.europesstore.com\/en\/wp-json\/wp\/v2\/types\/product"}],"replies":[{"embeddable":true,"href":"https:\/\/www.europesstore.com\/en\/wp-json\/wp\/v2\/comments?post=13234"}],"wp:featuredmedia":[{"embeddable":true,"href":"https:\/\/www.europesstore.com\/en\/wp-json\/wp\/v2\/media\/13285"}],"wp:attachment":[{"href":"https:\/\/www.europesstore.com\/en\/wp-json\/wp\/v2\/media?parent=13234"}],"wp:term":[{"taxonomy":"product_brand","embeddable":true,"href":"https:\/\/www.europesstore.com\/en\/wp-json\/wp\/v2\/product_brand?post=13234"},{"taxonomy":"product_cat","embeddable":true,"href":"https:\/\/www.europesstore.com\/en\/wp-json\/wp\/v2\/product_cat?post=13234"},{"taxonomy":"product_tag","embeddable":true,"href":"https:\/\/www.europesstore.com\/en\/wp-json\/wp\/v2\/product_tag?post=13234"}],"curies":[{"name":"wp","href":"https:\/\/api.w.org\/{rel}","templated":true}]}}