{"id":13235,"date":"2025-12-06T10:29:15","date_gmt":"2025-12-06T10:29:15","guid":{"rendered":"https:\/\/europesstore.com\/?post_type=product&#038;p=13235"},"modified":"2026-01-04T19:07:32","modified_gmt":"2026-01-04T19:07:32","slug":"ange-ou-demon-eau-de-kadin-tester-parfum-100-ml","status":"publish","type":"product","link":"https:\/\/www.europesstore.com\/en\/product\/ange-ou-demon-eau-de-kadin-tester-parfum-100-ml\/","title":{"rendered":"Ange Ou D\u00e9mon &#8211; Eau de Kad\u0131n Tester Parf\u00fcm 100 ML"},"content":{"rendered":"<p><span style=\"font-family:AvantGardeMedium, Arial, sans-serif;font-size:16px\"><span style=\"float:none;font-style:normal;font-weight:400;letter-spacing:0.4px;text-align:start;text-indent:0px;text-transform:none\">Bu kad\u0131n uyumu sizi \u00e7eken bir melek mi yoksa ill\u00fczyonlar\u0131 sizi tuza\u011fa d\u00fc\u015f\u00fcren bir iblis mi? \u015ei\u015fesi bir p\u00fcsk\u00fcld\u00fcr. O, kristalin \u0131\u015f\u0131lt\u0131s\u0131ndan siyah\u0131n derinli\u011fine kadar g\u00f6lge ve \u0131\u015f\u0131kt\u0131r. Koku, zambak \u00e7i\u00e7e\u011finin saf ve asil, yo\u011fun ve derin me\u015fe a\u011fac\u0131n\u0131n bulu\u015fmas\u0131n\u0131 kutluyor. Bu b\u00fcy\u00fcleyici sihirli iksir ayn\u0131 zamanda ayd\u0131nl\u0131k, saf ve gizemlidir.<\/span><\/span><\/p>","protected":false},"excerpt":{"rendered":"<p>Bu kad\u0131n uyumu sizi \u00e7eken bir melek mi yoksa ill\u00fczyonlar\u0131 sizi tuza\u011fa d\u00fc\u015f\u00fcren bir iblis mi? \u015ei\u015fesi bir p\u00fcsk\u00fcld\u00fcr. O, kristalin \u0131\u015f\u0131lt\u0131s\u0131ndan siyah\u0131n derinli\u011fine kadar g\u00f6lge ve \u0131\u015f\u0131kt\u0131r. Koku, zambak \u00e7i\u00e7e\u011finin saf ve asil, yo\u011fun ve derin me\u015fe a\u011fac\u0131n\u0131n bulu\u015fmas\u0131n\u0131 kutluyor. Bu b\u00fcy\u00fcleyici sihirli iksir ayn\u0131 zamanda ayd\u0131nl\u0131k, saf ve gizemlidir.<\/p>","protected":false},"featured_media":13286,"comment_status":"open","ping_status":"closed","template":"","meta":[],"product_brand":[],"product_cat":[144,112],"product_tag":[],"class_list":{"0":"post-13235","1":"product","2":"type-product","3":"status-publish","4":"has-post-thumbnail","6":"product_cat-ithal-kadin-parfum","7":"product_cat-ithal-parfum","9":"first","10":"instock","11":"sale","12":"shipping-taxable","13":"purchasable","14":"product-type-simple"},"jetpack_sharing_enabled":true,"_links":{"self":[{"href":"https:\/\/www.europesstore.com\/en\/wp-json\/wp\/v2\/product\/13235","targetHints":{"allow":["GET"]}}],"collection":[{"href":"https:\/\/www.europesstore.com\/en\/wp-json\/wp\/v2\/product"}],"about":[{"href":"https:\/\/www.europesstore.com\/en\/wp-json\/wp\/v2\/types\/product"}],"replies":[{"embeddable":true,"href":"https:\/\/www.europesstore.com\/en\/wp-json\/wp\/v2\/comments?post=13235"}],"wp:featuredmedia":[{"embeddable":true,"href":"https:\/\/www.europesstore.com\/en\/wp-json\/wp\/v2\/media\/13286"}],"wp:attachment":[{"href":"https:\/\/www.europesstore.com\/en\/wp-json\/wp\/v2\/media?parent=13235"}],"wp:term":[{"taxonomy":"product_brand","embeddable":true,"href":"https:\/\/www.europesstore.com\/en\/wp-json\/wp\/v2\/product_brand?post=13235"},{"taxonomy":"product_cat","embeddable":true,"href":"https:\/\/www.europesstore.com\/en\/wp-json\/wp\/v2\/product_cat?post=13235"},{"taxonomy":"product_tag","embeddable":true,"href":"https:\/\/www.europesstore.com\/en\/wp-json\/wp\/v2\/product_tag?post=13235"}],"curies":[{"name":"wp","href":"https:\/\/api.w.org\/{rel}","templated":true}]}}