{"id":13236,"date":"2025-12-06T10:29:15","date_gmt":"2025-12-06T10:29:15","guid":{"rendered":"https:\/\/europesstore.com\/?post_type=product&#038;p=13236"},"modified":"2025-12-06T10:29:15","modified_gmt":"2025-12-06T10:29:15","slug":"victorias-secret-very-sexy-eau-de-parfum-kadin-tester-parfum-100-ml","status":"publish","type":"product","link":"https:\/\/www.europesstore.com\/en\/product\/victorias-secret-very-sexy-eau-de-parfum-kadin-tester-parfum-100-ml\/","title":{"rendered":"V\u0131ctor\u0131a&#8217;s Secret Very Sexy Eau de Parf\u00fcm Kad\u0131n Tester Parf\u00fcm 100 ML"},"content":{"rendered":"<div class=\"urunDetayPanel\" style=\"border-style:none;clear:both;float:left;, sans-serif;font-size:11px;font-style:normal;font-weight:400;letter-spacing:0.44px;padding:0px;text-align:start;text-indent:0px;text-transform:none;width:620px\" id=\"divTabOzellikler\">\n<div class=\"urunTabAlt\" style=\"float:left;padding:0px;width:620px\">\n<p>Seksi olmaktan daha g\u00fc\u00e7l\u00fc hissettiren \u00e7ok az \u015fey var. Biz de bu g\u00fc\u00e7 hissini al\u0131p bir kokuya d\u00f6n\u00fc\u015ft\u00fcrmek istedik. Kar\u015f\u0131n\u0131zda Very Sexy; cesur ve \u015f\u00f6mine ate\u015fi gibi, gece boyu sizinle. Sulu Klemantin ve Yabani B\u00f6\u011f\u00fcrtlen notalar\u0131 ile ilk nefesten itibaren k\u0131\u015fk\u0131rt\u0131c\u0131. Kremsi a\u011fa\u00e7 ve tatl\u0131 Vanilya ile \u00f6zg\u00fcr bir kar\u0131\u015f\u0131m.&nbsp;<\/p>\n<ul style=\"font-size:11px;margin-bottom:0px;margin-right:0px;margin-top:5px;padding:0px !important\">\n<li style=\"clear:both;font-size:11px;margin-bottom:0px;margin-right:0px;margin-top:5px;padding:0px !important\">\n<p style=\"margin-left:!important\">Eau de Parfum, kokular\u0131m\u0131z\u0131n en yo\u011fun ve en saf hali.<\/p>\n<\/li>\n<li style=\"clear:both;font-size:11px;margin-bottom:0px;margin-right:0px;margin-top:5px;padding:0px !important\">\n<p style=\"margin-left:!important\">Koku t\u00fcr\u00fc: S\u0131cak<\/p>\n<\/li>\n<li style=\"clear:both;font-size:11px;margin-bottom:0px;margin-right:0px;margin-top:5px;padding:0px !important\">\n<p style=\"margin-left:!important\">Notalar: Vanilya Orkidesi, G\u00fcne\u015fle bulu\u015fmu\u015f Klemantin, Yabani B\u00f6\u011f\u00fcrtlen<\/p>\n<\/li>\n<\/ul>\n<\/div>\n<\/div>","protected":false},"excerpt":{"rendered":"<p>Seksi olmaktan daha g\u00fc\u00e7l\u00fc hissettiren \u00e7ok az \u015fey var. Biz de bu g\u00fc\u00e7 hissini al\u0131p bir kokuya d\u00f6n\u00fc\u015ft\u00fcrmek istedik. Kar\u015f\u0131n\u0131zda Very Sexy; cesur ve \u015f\u00f6mine ate\u015fi gibi, gece boyu sizinle. Sulu Klemantin ve Yabani B\u00f6\u011f\u00fcrtlen notalar\u0131 ile ilk nefesten itibaren k\u0131\u015fk\u0131rt\u0131c\u0131. Kremsi a\u011fa\u00e7 ve tatl\u0131 Vanilya ile \u00f6zg\u00fcr bir kar\u0131\u015f\u0131m.&nbsp; Eau de Parfum, kokular\u0131m\u0131z\u0131n en [&hellip;]<\/p>","protected":false},"featured_media":13287,"comment_status":"open","ping_status":"closed","template":"","meta":[],"product_brand":[],"product_cat":[144,112],"product_tag":[],"class_list":{"0":"post-13236","1":"product","2":"type-product","3":"status-publish","4":"has-post-thumbnail","6":"product_cat-ithal-kadin-parfum","7":"product_cat-ithal-parfum","9":"first","10":"instock","11":"sale","12":"shipping-taxable","13":"purchasable","14":"product-type-simple"},"jetpack_sharing_enabled":true,"_links":{"self":[{"href":"https:\/\/www.europesstore.com\/en\/wp-json\/wp\/v2\/product\/13236","targetHints":{"allow":["GET"]}}],"collection":[{"href":"https:\/\/www.europesstore.com\/en\/wp-json\/wp\/v2\/product"}],"about":[{"href":"https:\/\/www.europesstore.com\/en\/wp-json\/wp\/v2\/types\/product"}],"replies":[{"embeddable":true,"href":"https:\/\/www.europesstore.com\/en\/wp-json\/wp\/v2\/comments?post=13236"}],"wp:featuredmedia":[{"embeddable":true,"href":"https:\/\/www.europesstore.com\/en\/wp-json\/wp\/v2\/media\/13287"}],"wp:attachment":[{"href":"https:\/\/www.europesstore.com\/en\/wp-json\/wp\/v2\/media?parent=13236"}],"wp:term":[{"taxonomy":"product_brand","embeddable":true,"href":"https:\/\/www.europesstore.com\/en\/wp-json\/wp\/v2\/product_brand?post=13236"},{"taxonomy":"product_cat","embeddable":true,"href":"https:\/\/www.europesstore.com\/en\/wp-json\/wp\/v2\/product_cat?post=13236"},{"taxonomy":"product_tag","embeddable":true,"href":"https:\/\/www.europesstore.com\/en\/wp-json\/wp\/v2\/product_tag?post=13236"}],"curies":[{"name":"wp","href":"https:\/\/api.w.org\/{rel}","templated":true}]}}