{"id":13237,"date":"2025-12-06T10:29:14","date_gmt":"2025-12-06T10:29:14","guid":{"rendered":"https:\/\/europesstore.com\/?post_type=product&#038;p=13237"},"modified":"2025-12-06T10:29:14","modified_gmt":"2025-12-06T10:29:14","slug":"victorias-secret-very-sexy-night-eau-de-kadin-tester-parfum-100-ml","status":"publish","type":"product","link":"https:\/\/www.europesstore.com\/en\/product\/victorias-secret-very-sexy-night-eau-de-kadin-tester-parfum-100-ml\/","title":{"rendered":"V\u0131ctor\u0131a&#8217;s Secret Very Sexy Night Eau de Kad\u0131n Tester Parf\u00fcm 100 ML"},"content":{"rendered":"<div class=\"urunDetayPanel\" style=\"border-style:none;clear:both;float:left;, sans-serif;font-size:11px;font-style:normal;font-weight:400;letter-spacing:0.44px;padding:0px;text-align:start;text-indent:0px;text-transform:none;width:620px\" id=\"divTabOzellikler\">\n<div class=\"urunTabAlt\" style=\"float:left;padding:0px;width:620px\">\n<div class=\"urunTab\" style=\"float:left;, sans-serif;font-size:11px;font-style:normal;font-weight:400;letter-spacing:0.44px;margin-bottom:0px;text-align:start;text-indent:0px;text-transform:none;width:620px\">\n<p style=\"margin-left:0px\">\u015eehir \u0131\u015f\u0131klar\u0131. Sonsuz olas\u0131l\u0131klar. Kendinizi gecenin kollar\u0131na b\u0131rakmaya haz\u0131rlan\u0131n: Very Sexy Night. Kara Erik ve Elma notalar\u0131 koyu \u00e7i\u00e7eklerle kar\u015f\u0131 kar\u015f\u0131ya. Kadifemsi orman ve tutkulu misk kokuya derinlik kat\u0131yor. Nefes kesici ve s\u0131cak; bu gece kimseye uyku yok.&nbsp;<\/p>\n<ul style=\"float:left;margin-bottom:0px;margin-right:0px;margin-top:0px;padding:0px;vertical-align:top;width:620px\">\n<li style=\"clear:both;font-size:11px;margin-bottom:0px;margin-right:0px;margin-top:5px;padding:0px !important\">\n<p style=\"margin-left:!important\">Eau de Parfum, kokular\u0131m\u0131z\u0131n en yo\u011fun ve en saf hali.<\/p>\n<\/li>\n<li style=\"clear:both;font-size:11px;margin-bottom:0px;margin-right:0px;margin-top:5px;padding:0px !important\">\n<p style=\"margin-left:!important\">Koku t\u00fcr\u00fc: S\u0131cak \u00c7i\u00e7eksi.<\/p>\n<\/li>\n<li style=\"clear:both;font-size:11px;margin-bottom:0px;margin-right:0px;margin-top:5px;padding:0px !important\">\n<p style=\"margin-left:!important\">Notalar: Kara Erik, Kadifemsi Odun ve Taze Elma<\/p>\n<\/li>\n<\/ul>\n<\/div>\n<\/div>\n<\/div>","protected":false},"excerpt":{"rendered":"<p>\u015eehir \u0131\u015f\u0131klar\u0131. Sonsuz olas\u0131l\u0131klar. Kendinizi gecenin kollar\u0131na b\u0131rakmaya haz\u0131rlan\u0131n: Very Sexy Night. Kara Erik ve Elma notalar\u0131 koyu \u00e7i\u00e7eklerle kar\u015f\u0131 kar\u015f\u0131ya. Kadifemsi orman ve tutkulu misk kokuya derinlik kat\u0131yor. Nefes kesici ve s\u0131cak; bu gece kimseye uyku yok.&nbsp; Eau de Parfum, kokular\u0131m\u0131z\u0131n en yo\u011fun ve en saf hali. Koku t\u00fcr\u00fc: S\u0131cak \u00c7i\u00e7eksi. Notalar: Kara Erik, [&hellip;]<\/p>","protected":false},"featured_media":13288,"comment_status":"open","ping_status":"closed","template":"","meta":[],"product_brand":[],"product_cat":[144,112],"product_tag":[],"class_list":{"0":"post-13237","1":"product","2":"type-product","3":"status-publish","4":"has-post-thumbnail","6":"product_cat-ithal-kadin-parfum","7":"product_cat-ithal-parfum","9":"first","10":"instock","11":"sale","12":"shipping-taxable","13":"purchasable","14":"product-type-simple"},"jetpack_sharing_enabled":true,"_links":{"self":[{"href":"https:\/\/www.europesstore.com\/en\/wp-json\/wp\/v2\/product\/13237","targetHints":{"allow":["GET"]}}],"collection":[{"href":"https:\/\/www.europesstore.com\/en\/wp-json\/wp\/v2\/product"}],"about":[{"href":"https:\/\/www.europesstore.com\/en\/wp-json\/wp\/v2\/types\/product"}],"replies":[{"embeddable":true,"href":"https:\/\/www.europesstore.com\/en\/wp-json\/wp\/v2\/comments?post=13237"}],"wp:featuredmedia":[{"embeddable":true,"href":"https:\/\/www.europesstore.com\/en\/wp-json\/wp\/v2\/media\/13288"}],"wp:attachment":[{"href":"https:\/\/www.europesstore.com\/en\/wp-json\/wp\/v2\/media?parent=13237"}],"wp:term":[{"taxonomy":"product_brand","embeddable":true,"href":"https:\/\/www.europesstore.com\/en\/wp-json\/wp\/v2\/product_brand?post=13237"},{"taxonomy":"product_cat","embeddable":true,"href":"https:\/\/www.europesstore.com\/en\/wp-json\/wp\/v2\/product_cat?post=13237"},{"taxonomy":"product_tag","embeddable":true,"href":"https:\/\/www.europesstore.com\/en\/wp-json\/wp\/v2\/product_tag?post=13237"}],"curies":[{"name":"wp","href":"https:\/\/api.w.org\/{rel}","templated":true}]}}