{"id":13238,"date":"2025-12-06T10:29:14","date_gmt":"2025-12-06T10:29:14","guid":{"rendered":"https:\/\/europesstore.com\/?post_type=product&#038;p=13238"},"modified":"2025-12-06T10:29:14","modified_gmt":"2025-12-06T10:29:14","slug":"victorias-secret-very-sexy-sea-eau-de-kadin-tester-parfum-100-ml","status":"publish","type":"product","link":"https:\/\/www.europesstore.com\/en\/product\/victorias-secret-very-sexy-sea-eau-de-kadin-tester-parfum-100-ml\/","title":{"rendered":"V\u0131ctor\u0131a&#8217;s Secret Very Sexy Sea Eau de Kad\u0131n Tester Parf\u00fcm 100 ML"},"content":{"rendered":"<div class=\"urunTab\" style=\"float:left;, sans-serif;font-size:11px;font-style:normal;font-weight:400;letter-spacing:0.44px;margin-bottom:0px;text-align:start;text-indent:0px;text-transform:none;width:620px\">\n<p style=\"margin-left:0px\">K\u0131\u015fk\u0131rt\u0131c\u0131 bir ka\u00e7\u0131\u015f. Ayd\u0131nl\u0131k, ferah ve zengin Very Sexy Sea, Amalfi Sahiline yap\u0131lan bir ka\u00e7ama\u011f\u0131n hissini ve kokusunu yakalamay\u0131 ba\u015fard\u0131. Serin masmavi Akdeniz \u00fczerine uzanm\u0131\u015f \u00e7\u0131plak ve bronz teninizdeki hissi hayal edin. Parf\u00fcm\u00fc i\u00e7inize \u00e7ekti\u011finizde ilk olarak ayd\u0131nl\u0131k turun\u00e7gil notalar\u0131, \u0130talyan Bergamot ve yenilenmi\u015f Neroli \u00e7i\u00e7eklerini hissedeceksiniz. Sonras\u0131nda okyanus ferahl\u0131\u011f\u0131yla bulu\u015fmu\u015f g\u00fcne\u015fle harmanlanm\u0131\u015f Sedir kokusu i\u00e7inize i\u015fleyecek.<\/p>\n<ul style=\"float:left;margin-bottom:0px;margin-right:0px;margin-top:0px;padding:0px;vertical-align:top;width:620px\">\n<li style=\"clear:both;font-size:11px;margin-bottom:0px;margin-right:0px;margin-top:5px;padding:0px !important\">\n<p style=\"margin-left:!important\">Yeni g\u00f6r\u00fcn\u00fcm, ayn\u0131 ikonik koku<\/p>\n<\/li>\n<li style=\"clear:both;font-size:11px;margin-bottom:0px;margin-right:0px;margin-top:5px;padding:0px !important\">\n<p style=\"margin-left:!important\">Eau de Parfum, kokular\u0131m\u0131z\u0131n en yo\u011fun ve en saf hali.<\/p>\n<\/li>\n<li style=\"clear:both;font-size:11px;margin-bottom:0px;margin-right:0px;margin-top:5px;padding:0px !important\">\n<p style=\"margin-left:!important\">Koku t\u00fcr\u00fc: Turun\u00e7gil \u00c7i\u00e7eksi Odunsu<\/p>\n<\/li>\n<li style=\"clear:both;font-size:11px;margin-bottom:0px;margin-right:0px;margin-top:5px;padding:0px !important\">\n<p style=\"margin-left:!important\">Notalar: \u0130talyan Bergamot, Neroli \u00c7i\u00e7e\u011fi, G\u00fcne\u015fle Harmanlanm\u0131\u015f Sedir<\/p>\n<\/li>\n<\/ul>\n<\/div>","protected":false},"excerpt":{"rendered":"<p>K\u0131\u015fk\u0131rt\u0131c\u0131 bir ka\u00e7\u0131\u015f. Ayd\u0131nl\u0131k, ferah ve zengin Very Sexy Sea, Amalfi Sahiline yap\u0131lan bir ka\u00e7ama\u011f\u0131n hissini ve kokusunu yakalamay\u0131 ba\u015fard\u0131. Serin masmavi Akdeniz \u00fczerine uzanm\u0131\u015f \u00e7\u0131plak ve bronz teninizdeki hissi hayal edin. Parf\u00fcm\u00fc i\u00e7inize \u00e7ekti\u011finizde ilk olarak ayd\u0131nl\u0131k turun\u00e7gil notalar\u0131, \u0130talyan Bergamot ve yenilenmi\u015f Neroli \u00e7i\u00e7eklerini hissedeceksiniz. Sonras\u0131nda okyanus ferahl\u0131\u011f\u0131yla bulu\u015fmu\u015f g\u00fcne\u015fle harmanlanm\u0131\u015f Sedir kokusu [&hellip;]<\/p>","protected":false},"featured_media":13296,"comment_status":"open","ping_status":"closed","template":"","meta":[],"product_brand":[],"product_cat":[144,112],"product_tag":[],"class_list":{"0":"post-13238","1":"product","2":"type-product","3":"status-publish","4":"has-post-thumbnail","6":"product_cat-ithal-kadin-parfum","7":"product_cat-ithal-parfum","9":"first","10":"instock","11":"sale","12":"shipping-taxable","13":"purchasable","14":"product-type-simple"},"jetpack_sharing_enabled":true,"_links":{"self":[{"href":"https:\/\/www.europesstore.com\/en\/wp-json\/wp\/v2\/product\/13238","targetHints":{"allow":["GET"]}}],"collection":[{"href":"https:\/\/www.europesstore.com\/en\/wp-json\/wp\/v2\/product"}],"about":[{"href":"https:\/\/www.europesstore.com\/en\/wp-json\/wp\/v2\/types\/product"}],"replies":[{"embeddable":true,"href":"https:\/\/www.europesstore.com\/en\/wp-json\/wp\/v2\/comments?post=13238"}],"wp:featuredmedia":[{"embeddable":true,"href":"https:\/\/www.europesstore.com\/en\/wp-json\/wp\/v2\/media\/13296"}],"wp:attachment":[{"href":"https:\/\/www.europesstore.com\/en\/wp-json\/wp\/v2\/media?parent=13238"}],"wp:term":[{"taxonomy":"product_brand","embeddable":true,"href":"https:\/\/www.europesstore.com\/en\/wp-json\/wp\/v2\/product_brand?post=13238"},{"taxonomy":"product_cat","embeddable":true,"href":"https:\/\/www.europesstore.com\/en\/wp-json\/wp\/v2\/product_cat?post=13238"},{"taxonomy":"product_tag","embeddable":true,"href":"https:\/\/www.europesstore.com\/en\/wp-json\/wp\/v2\/product_tag?post=13238"}],"curies":[{"name":"wp","href":"https:\/\/api.w.org\/{rel}","templated":true}]}}