{"id":13239,"date":"2025-12-06T10:29:14","date_gmt":"2025-12-06T10:29:14","guid":{"rendered":"https:\/\/europesstore.com\/?post_type=product&#038;p=13239"},"modified":"2025-12-06T10:29:14","modified_gmt":"2025-12-06T10:29:14","slug":"victorias-secret-very-sexy-orchid-eau-de-kadin-tester-parfum-100-ml","status":"publish","type":"product","link":"https:\/\/www.europesstore.com\/en\/product\/victorias-secret-very-sexy-orchid-eau-de-kadin-tester-parfum-100-ml\/","title":{"rendered":"V\u0131ctor\u0131a&#8217;s Secret Very Sexy Orchid Eau de Kad\u0131n Tester Parf\u00fcm 100 ML"},"content":{"rendered":"<p><span style=\", sans-serif;font-size:11px\"><span style=\"float:none;font-style:normal;font-weight:400;letter-spacing:0.44px;text-align:start;text-indent:0px;text-transform:none\">Ay \u0131\u015f\u0131\u011f\u0131yla ayd\u0131nlanm\u0131\u015f orman i\u00e7inde zengin ve egzotik orkide. Derin, karanl\u0131k ve \u015f\u0131mar\u0131k Very Sexy Orchid. Zengin Frenk\u00fcz\u00fcm\u00fc turun\u00e7gil ve Pembe Biberin tazeli\u011fi ile birlikte \u0131\u015f\u0131ld\u0131yor. Zengin S\u00fcsen A\u011fac\u0131 ve Orkide kalbinizde yer edinecek. Saf Patchouli ile yumu\u015fat\u0131lm\u0131\u015f derin ve koyu Sandal. Kendinizi tutkuya b\u0131rak\u0131n.<\/span><\/span><br \/><span style=\", sans-serif;font-size:11px\"><span style=\"float:none;font-style:normal;font-weight:400;letter-spacing:0.44px;text-align:start;text-indent:0px;text-transform:none\">&nbsp;<\/span><\/span><\/p>\n<ul style=\", sans-serif;font-size:11px;font-style:normal;font-weight:400;letter-spacing:0.44px;margin-bottom:0px;margin-right:0px;margin-top:5px;padding:0px !important;text-align:start;text-indent:0px;text-transform:none\">\n<li style=\"clear:both;font-size:11px;margin-bottom:0px;margin-right:0px;margin-top:5px;padding:0px !important\">\n<p style=\"margin-left:!important\">Eau de Parfum, kokular\u0131m\u0131z\u0131n en yo\u011fun ve en saf hali.<\/p>\n<\/li>\n<li style=\"clear:both;font-size:11px;margin-bottom:0px;margin-right:0px;margin-top:5px;padding:0px !important\">\n<p style=\"margin-left:!important\">Koku t\u00fcr\u00fc: S\u0131cak Gurme<\/p>\n<\/li>\n<li style=\"clear:both;font-size:11px;margin-bottom:0px;margin-right:0px;margin-top:5px;padding:0px !important\">\n<p style=\"margin-left:!important\">Notalar: Frenk\u00fcz\u00fcm\u00fc, S\u00fcsen Orman\u0131 ve Saf Patchouli<\/p>\n<\/li>\n<\/ul>","protected":false},"excerpt":{"rendered":"<p>Ay \u0131\u015f\u0131\u011f\u0131yla ayd\u0131nlanm\u0131\u015f orman i\u00e7inde zengin ve egzotik orkide. Derin, karanl\u0131k ve \u015f\u0131mar\u0131k Very Sexy Orchid. Zengin Frenk\u00fcz\u00fcm\u00fc turun\u00e7gil ve Pembe Biberin tazeli\u011fi ile birlikte \u0131\u015f\u0131ld\u0131yor. Zengin S\u00fcsen A\u011fac\u0131 ve Orkide kalbinizde yer edinecek. Saf Patchouli ile yumu\u015fat\u0131lm\u0131\u015f derin ve koyu Sandal. Kendinizi tutkuya b\u0131rak\u0131n.&nbsp; Eau de Parfum, kokular\u0131m\u0131z\u0131n en yo\u011fun ve en saf hali. [&hellip;]<\/p>","protected":false},"featured_media":13297,"comment_status":"open","ping_status":"closed","template":"","meta":[],"product_brand":[],"product_cat":[144,112],"product_tag":[],"class_list":{"0":"post-13239","1":"product","2":"type-product","3":"status-publish","4":"has-post-thumbnail","6":"product_cat-ithal-kadin-parfum","7":"product_cat-ithal-parfum","9":"first","10":"instock","11":"sale","12":"shipping-taxable","13":"purchasable","14":"product-type-simple"},"jetpack_sharing_enabled":true,"_links":{"self":[{"href":"https:\/\/www.europesstore.com\/en\/wp-json\/wp\/v2\/product\/13239","targetHints":{"allow":["GET"]}}],"collection":[{"href":"https:\/\/www.europesstore.com\/en\/wp-json\/wp\/v2\/product"}],"about":[{"href":"https:\/\/www.europesstore.com\/en\/wp-json\/wp\/v2\/types\/product"}],"replies":[{"embeddable":true,"href":"https:\/\/www.europesstore.com\/en\/wp-json\/wp\/v2\/comments?post=13239"}],"wp:featuredmedia":[{"embeddable":true,"href":"https:\/\/www.europesstore.com\/en\/wp-json\/wp\/v2\/media\/13297"}],"wp:attachment":[{"href":"https:\/\/www.europesstore.com\/en\/wp-json\/wp\/v2\/media?parent=13239"}],"wp:term":[{"taxonomy":"product_brand","embeddable":true,"href":"https:\/\/www.europesstore.com\/en\/wp-json\/wp\/v2\/product_brand?post=13239"},{"taxonomy":"product_cat","embeddable":true,"href":"https:\/\/www.europesstore.com\/en\/wp-json\/wp\/v2\/product_cat?post=13239"},{"taxonomy":"product_tag","embeddable":true,"href":"https:\/\/www.europesstore.com\/en\/wp-json\/wp\/v2\/product_tag?post=13239"}],"curies":[{"name":"wp","href":"https:\/\/api.w.org\/{rel}","templated":true}]}}