{"id":13247,"date":"2025-12-06T10:26:52","date_gmt":"2025-12-06T10:26:52","guid":{"rendered":"https:\/\/europesstore.com\/?post_type=product&#038;p=13247"},"modified":"2025-12-06T10:26:52","modified_gmt":"2025-12-06T10:26:52","slug":"hugo-boss-bottled-citrus-extreme-eau-de-erkek-tester-parfum-100-ml","status":"publish","type":"product","link":"https:\/\/www.europesstore.com\/en\/product\/hugo-boss-bottled-citrus-extreme-eau-de-erkek-tester-parfum-100-ml\/","title":{"rendered":"Hugo Boss Bottled Citrus Extreme -Eau de Erkek Tester Parf\u00fcm 100 ML"},"content":{"rendered":"<p><span style=\"font-family:AvantGardeMedium, Arial, sans-serif;font-size:16px\"><span style=\"float:none;font-style:normal;font-weight:400;letter-spacing:0.4px;text-align:start;text-indent:0px;text-transform:none\">BOSS Bottled Bold Citrus ile canl\u0131 bir yaz ifadesi yarat\u0131n, yeni taze s\u0131n\u0131rl\u0131 s\u00fcr\u00fcm, g\u00fc\u00e7l\u00fc narenciye notalar\u0131n\u0131n patlamas\u0131yla lezzetli bir Eau de Parfum. Cesaret patlamas\u0131 sunan bu koku, BOSS erke\u011finin kendine g\u00fcveninden ve sofistike s\u0131cak hava aray\u0131\u015flar\u0131ndan ilham al\u0131yor. I\u015f\u0131lt\u0131l\u0131 narenciye notalar\u0131 ile bu koku, tazeli\u011fin cesur ve canland\u0131r\u0131c\u0131 bir ifadesidir.&nbsp;<\/span><\/span><\/p>\n<p><span style=\"font-family:AvantGardeMedium, Arial, sans-serif;font-size:16px\"><span style=\"float:none;font-style:normal;font-weight:400;letter-spacing:0.4px;text-align:start;text-indent:0px;text-transform:none\">&nbsp;\u0130konik BOSS Bottled koku \u015fi\u015fesi, bu s\u0131n\u0131rl\u0131 say\u0131da \u00fcretilen kokunun canland\u0131r\u0131c\u0131 ruhunu yans\u0131tan parlak ye\u015fil \u00e7ift lake kaplamayla yenilenmi\u015ftir.<\/span><\/span><\/p>","protected":false},"excerpt":{"rendered":"<p>BOSS Bottled Bold Citrus ile canl\u0131 bir yaz ifadesi yarat\u0131n, yeni taze s\u0131n\u0131rl\u0131 s\u00fcr\u00fcm, g\u00fc\u00e7l\u00fc narenciye notalar\u0131n\u0131n patlamas\u0131yla lezzetli bir Eau de Parfum. Cesaret patlamas\u0131 sunan bu koku, BOSS erke\u011finin kendine g\u00fcveninden ve sofistike s\u0131cak hava aray\u0131\u015flar\u0131ndan ilham al\u0131yor. I\u015f\u0131lt\u0131l\u0131 narenciye notalar\u0131 ile bu koku, tazeli\u011fin cesur ve canland\u0131r\u0131c\u0131 bir ifadesidir.&nbsp; &nbsp;\u0130konik BOSS Bottled koku [&hellip;]<\/p>","protected":false},"featured_media":13298,"comment_status":"open","ping_status":"closed","template":"","meta":[],"product_brand":[],"product_cat":[146,112],"product_tag":[],"class_list":{"0":"post-13247","1":"product","2":"type-product","3":"status-publish","4":"has-post-thumbnail","6":"product_cat-ithal-erkek-parfum","7":"product_cat-ithal-parfum","9":"first","10":"instock","11":"sale","12":"shipping-taxable","13":"purchasable","14":"product-type-simple"},"jetpack_sharing_enabled":true,"_links":{"self":[{"href":"https:\/\/www.europesstore.com\/en\/wp-json\/wp\/v2\/product\/13247","targetHints":{"allow":["GET"]}}],"collection":[{"href":"https:\/\/www.europesstore.com\/en\/wp-json\/wp\/v2\/product"}],"about":[{"href":"https:\/\/www.europesstore.com\/en\/wp-json\/wp\/v2\/types\/product"}],"replies":[{"embeddable":true,"href":"https:\/\/www.europesstore.com\/en\/wp-json\/wp\/v2\/comments?post=13247"}],"wp:featuredmedia":[{"embeddable":true,"href":"https:\/\/www.europesstore.com\/en\/wp-json\/wp\/v2\/media\/13298"}],"wp:attachment":[{"href":"https:\/\/www.europesstore.com\/en\/wp-json\/wp\/v2\/media?parent=13247"}],"wp:term":[{"taxonomy":"product_brand","embeddable":true,"href":"https:\/\/www.europesstore.com\/en\/wp-json\/wp\/v2\/product_brand?post=13247"},{"taxonomy":"product_cat","embeddable":true,"href":"https:\/\/www.europesstore.com\/en\/wp-json\/wp\/v2\/product_cat?post=13247"},{"taxonomy":"product_tag","embeddable":true,"href":"https:\/\/www.europesstore.com\/en\/wp-json\/wp\/v2\/product_tag?post=13247"}],"curies":[{"name":"wp","href":"https:\/\/api.w.org\/{rel}","templated":true}]}}