{"id":13248,"date":"2025-12-06T10:26:52","date_gmt":"2025-12-06T10:26:52","guid":{"rendered":"https:\/\/europesstore.com\/?post_type=product&#038;p=13248"},"modified":"2025-12-06T10:26:52","modified_gmt":"2025-12-06T10:26:52","slug":"hugo-boss-bottled-eau-de-erkek-tester-parfum-100-ml-2","status":"publish","type":"product","link":"https:\/\/www.europesstore.com\/en\/product\/hugo-boss-bottled-eau-de-erkek-tester-parfum-100-ml-2\/","title":{"rendered":"Hugo Boss Bottled -Eau de Erkek Tester Parf\u00fcm 100 ML"},"content":{"rendered":"<p><span style=\"font-family:AvantGardeMedium, Arial, sans-serif;font-size:16px\"><span style=\"float:none;font-style:normal;font-weight:400;letter-spacing:0.4px;text-align:start;text-indent:0px;text-transform:none\">\u0130\u00e7g\u00fcd\u00fclerine g\u00fcvenen bir adam olmakla ilgilidir. Bekleyen ve beklemeyen bir adam. Hayat\u0131n\u0131n kontrol\u00fcn\u00fc ele al\u0131r \u00e7\u00fcnk\u00fc ba\u015far\u0131n\u0131n onu alanlara gelece\u011fini bilir.&#8221; dizginler Kendini tan\u0131mas\u0131 ona g\u00fc\u00e7 ve farkl\u0131l\u0131k verir Sofistikeli\u011fi \u00e7arp\u0131c\u0131, s\u0131cakl\u0131\u011f\u0131 canland\u0131r\u0131c\u0131 BOSS Bottled kokusu g\u00fc\u00e7l\u00fc tutumunu yans\u0131t\u0131r, iris betonu ve incir a\u011fac\u0131 k\u00f6k\u00fcnden olu\u015fan asil bir kalbe sahip derin odunsu ve kehribar kokusu&#8230;<\/span><\/span><\/p>","protected":false},"excerpt":{"rendered":"<p>\u0130\u00e7g\u00fcd\u00fclerine g\u00fcvenen bir adam olmakla ilgilidir. Bekleyen ve beklemeyen bir adam. Hayat\u0131n\u0131n kontrol\u00fcn\u00fc ele al\u0131r \u00e7\u00fcnk\u00fc ba\u015far\u0131n\u0131n onu alanlara gelece\u011fini bilir.&#8221; dizginler Kendini tan\u0131mas\u0131 ona g\u00fc\u00e7 ve farkl\u0131l\u0131k verir Sofistikeli\u011fi \u00e7arp\u0131c\u0131, s\u0131cakl\u0131\u011f\u0131 canland\u0131r\u0131c\u0131 BOSS Bottled kokusu g\u00fc\u00e7l\u00fc tutumunu yans\u0131t\u0131r, iris betonu ve incir a\u011fac\u0131 k\u00f6k\u00fcnden olu\u015fan asil bir kalbe sahip derin odunsu ve kehribar kokusu&#8230;<\/p>","protected":false},"featured_media":13299,"comment_status":"open","ping_status":"closed","template":"","meta":[],"product_brand":[],"product_cat":[146,112],"product_tag":[],"class_list":{"0":"post-13248","1":"product","2":"type-product","3":"status-publish","4":"has-post-thumbnail","6":"product_cat-ithal-erkek-parfum","7":"product_cat-ithal-parfum","9":"first","10":"instock","11":"sale","12":"shipping-taxable","13":"purchasable","14":"product-type-simple"},"jetpack_sharing_enabled":true,"_links":{"self":[{"href":"https:\/\/www.europesstore.com\/en\/wp-json\/wp\/v2\/product\/13248","targetHints":{"allow":["GET"]}}],"collection":[{"href":"https:\/\/www.europesstore.com\/en\/wp-json\/wp\/v2\/product"}],"about":[{"href":"https:\/\/www.europesstore.com\/en\/wp-json\/wp\/v2\/types\/product"}],"replies":[{"embeddable":true,"href":"https:\/\/www.europesstore.com\/en\/wp-json\/wp\/v2\/comments?post=13248"}],"wp:featuredmedia":[{"embeddable":true,"href":"https:\/\/www.europesstore.com\/en\/wp-json\/wp\/v2\/media\/13299"}],"wp:attachment":[{"href":"https:\/\/www.europesstore.com\/en\/wp-json\/wp\/v2\/media?parent=13248"}],"wp:term":[{"taxonomy":"product_brand","embeddable":true,"href":"https:\/\/www.europesstore.com\/en\/wp-json\/wp\/v2\/product_brand?post=13248"},{"taxonomy":"product_cat","embeddable":true,"href":"https:\/\/www.europesstore.com\/en\/wp-json\/wp\/v2\/product_cat?post=13248"},{"taxonomy":"product_tag","embeddable":true,"href":"https:\/\/www.europesstore.com\/en\/wp-json\/wp\/v2\/product_tag?post=13248"}],"curies":[{"name":"wp","href":"https:\/\/api.w.org\/{rel}","templated":true}]}}