{"id":13249,"date":"2025-12-06T10:26:52","date_gmt":"2025-12-06T10:26:52","guid":{"rendered":"https:\/\/europesstore.com\/?post_type=product&#038;p=13249"},"modified":"2025-12-06T10:26:52","modified_gmt":"2025-12-06T10:26:52","slug":"hugo-boss-bottled-eau-de-erkek-tester-parfum-100-ml","status":"publish","type":"product","link":"https:\/\/www.europesstore.com\/en\/product\/hugo-boss-bottled-eau-de-erkek-tester-parfum-100-ml\/","title":{"rendered":"Hugo Boss Bottled &#8211; Eau de Erkek Tester Parf\u00fcm 100 ML"},"content":{"rendered":"<p><span style=\"font-family:AvantGardeMedium, Arial, sans-serif;font-size:16px\"><span style=\"float:none;font-style:normal;font-weight:400;letter-spacing:0.4px;text-align:start;text-indent:0px;text-transform:none\">G\u00fcnl\u00fck haz\u0131rl\u0131k rit\u00fcelleri ba\u015far\u0131 i\u00e7in ki\u015fisel aray\u0131\u015f\u0131n\u0131n bir par\u00e7as\u0131d\u0131r ve BOSS \u015fi\u015fesi g\u00fcnl\u00fck g\u00f6r\u00fcn\u00fcm\u00fcn\u00fcn bir par\u00e7as\u0131 haline gelmi\u015ftir. Kendinden emin ve \u00e7a\u011fda\u015f: temiz \u00e7izgiler, BOSS Bottled&#8217;\u0131 ikonik bir klasik yapar ve BOSS&#8217;un bir koku i\u00e7inde kaps\u00fcllenmesidir. Zarafet ve stili birle\u015ftiren modern erkek d\u00fc\u015f\u00fcn\u00fclerek tasarland\u0131. Bu zamans\u0131z klasik koku ile g\u00fcnl\u00fck se\u00e7eneklerinizi geli\u015ftirin.<\/span><\/span><\/p>","protected":false},"excerpt":{"rendered":"<p>G\u00fcnl\u00fck haz\u0131rl\u0131k rit\u00fcelleri ba\u015far\u0131 i\u00e7in ki\u015fisel aray\u0131\u015f\u0131n\u0131n bir par\u00e7as\u0131d\u0131r ve BOSS \u015fi\u015fesi g\u00fcnl\u00fck g\u00f6r\u00fcn\u00fcm\u00fcn\u00fcn bir par\u00e7as\u0131 haline gelmi\u015ftir. Kendinden emin ve \u00e7a\u011fda\u015f: temiz \u00e7izgiler, BOSS Bottled&#8217;\u0131 ikonik bir klasik yapar ve BOSS&#8217;un bir koku i\u00e7inde kaps\u00fcllenmesidir. Zarafet ve stili birle\u015ftiren modern erkek d\u00fc\u015f\u00fcn\u00fclerek tasarland\u0131. Bu zamans\u0131z klasik koku ile g\u00fcnl\u00fck se\u00e7eneklerinizi geli\u015ftirin.<\/p>","protected":false},"featured_media":13300,"comment_status":"open","ping_status":"closed","template":"","meta":[],"product_brand":[],"product_cat":[146,112],"product_tag":[],"class_list":{"0":"post-13249","1":"product","2":"type-product","3":"status-publish","4":"has-post-thumbnail","6":"product_cat-ithal-erkek-parfum","7":"product_cat-ithal-parfum","9":"first","10":"instock","11":"sale","12":"shipping-taxable","13":"purchasable","14":"product-type-simple"},"jetpack_sharing_enabled":true,"_links":{"self":[{"href":"https:\/\/www.europesstore.com\/en\/wp-json\/wp\/v2\/product\/13249","targetHints":{"allow":["GET"]}}],"collection":[{"href":"https:\/\/www.europesstore.com\/en\/wp-json\/wp\/v2\/product"}],"about":[{"href":"https:\/\/www.europesstore.com\/en\/wp-json\/wp\/v2\/types\/product"}],"replies":[{"embeddable":true,"href":"https:\/\/www.europesstore.com\/en\/wp-json\/wp\/v2\/comments?post=13249"}],"wp:featuredmedia":[{"embeddable":true,"href":"https:\/\/www.europesstore.com\/en\/wp-json\/wp\/v2\/media\/13300"}],"wp:attachment":[{"href":"https:\/\/www.europesstore.com\/en\/wp-json\/wp\/v2\/media?parent=13249"}],"wp:term":[{"taxonomy":"product_brand","embeddable":true,"href":"https:\/\/www.europesstore.com\/en\/wp-json\/wp\/v2\/product_brand?post=13249"},{"taxonomy":"product_cat","embeddable":true,"href":"https:\/\/www.europesstore.com\/en\/wp-json\/wp\/v2\/product_cat?post=13249"},{"taxonomy":"product_tag","embeddable":true,"href":"https:\/\/www.europesstore.com\/en\/wp-json\/wp\/v2\/product_tag?post=13249"}],"curies":[{"name":"wp","href":"https:\/\/api.w.org\/{rel}","templated":true}]}}