{"id":13250,"date":"2025-12-06T10:26:52","date_gmt":"2025-12-06T10:26:52","guid":{"rendered":"https:\/\/europesstore.com\/?post_type=product&#038;p=13250"},"modified":"2025-12-06T10:26:52","modified_gmt":"2025-12-06T10:26:52","slug":"hugo-boss-bottled-intense-eau-de-erkek-tester-parfum-100-ml","status":"publish","type":"product","link":"https:\/\/www.europesstore.com\/en\/product\/hugo-boss-bottled-intense-eau-de-erkek-tester-parfum-100-ml\/","title":{"rendered":"Hugo Boss Bottled Intense &#8211; Eau de Erkek Tester Parf\u00fcm 100 ML"},"content":{"rendered":"<p><span style=\"font-family:Inter, sans-serif;font-size:12.95px\"><span style=\"float:none;font-style:normal;font-weight:400;letter-spacing:normal;text-align:start;text-indent:0px;text-transform:none\">Yeni koku, geli\u015ftirilmi\u015f odunsu ve baharatl\u0131 akorlarla ve daha y\u00fcksek konsantrasyonda de\u011ferli kokulu ya\u011flarla tamamlan\u0131yor. Hala l\u00fcks ve erkeksi olan koku, orijinalinden daha az tatl\u0131. Taze elma ve bergamot \u00e7i\u00e7ekleri, yumu\u015fak ye\u015fil portakal \u00e7i\u00e7e\u011fine sar\u0131l\u0131. Karanfil ve tar\u00e7\u0131n, sardunya ile birlikte parf\u00fcm\u00fcn kalbini olu\u015fturuyor. Taban, sandal a\u011fac\u0131, sedir ve vetiver&#8217;in de\u011ferli odunsu notalar\u0131 ile vanilyadan olu\u015fuyor.<\/span><\/span><\/p>","protected":false},"excerpt":{"rendered":"<p>Yeni koku, geli\u015ftirilmi\u015f odunsu ve baharatl\u0131 akorlarla ve daha y\u00fcksek konsantrasyonda de\u011ferli kokulu ya\u011flarla tamamlan\u0131yor. Hala l\u00fcks ve erkeksi olan koku, orijinalinden daha az tatl\u0131. Taze elma ve bergamot \u00e7i\u00e7ekleri, yumu\u015fak ye\u015fil portakal \u00e7i\u00e7e\u011fine sar\u0131l\u0131. Karanfil ve tar\u00e7\u0131n, sardunya ile birlikte parf\u00fcm\u00fcn kalbini olu\u015fturuyor. Taban, sandal a\u011fac\u0131, sedir ve vetiver&#8217;in de\u011ferli odunsu notalar\u0131 ile vanilyadan [&hellip;]<\/p>","protected":false},"featured_media":13301,"comment_status":"open","ping_status":"closed","template":"","meta":[],"product_brand":[],"product_cat":[146,112],"product_tag":[],"class_list":{"0":"post-13250","1":"product","2":"type-product","3":"status-publish","4":"has-post-thumbnail","6":"product_cat-ithal-erkek-parfum","7":"product_cat-ithal-parfum","9":"first","10":"instock","11":"sale","12":"shipping-taxable","13":"purchasable","14":"product-type-simple"},"jetpack_sharing_enabled":true,"_links":{"self":[{"href":"https:\/\/www.europesstore.com\/en\/wp-json\/wp\/v2\/product\/13250","targetHints":{"allow":["GET"]}}],"collection":[{"href":"https:\/\/www.europesstore.com\/en\/wp-json\/wp\/v2\/product"}],"about":[{"href":"https:\/\/www.europesstore.com\/en\/wp-json\/wp\/v2\/types\/product"}],"replies":[{"embeddable":true,"href":"https:\/\/www.europesstore.com\/en\/wp-json\/wp\/v2\/comments?post=13250"}],"wp:featuredmedia":[{"embeddable":true,"href":"https:\/\/www.europesstore.com\/en\/wp-json\/wp\/v2\/media\/13301"}],"wp:attachment":[{"href":"https:\/\/www.europesstore.com\/en\/wp-json\/wp\/v2\/media?parent=13250"}],"wp:term":[{"taxonomy":"product_brand","embeddable":true,"href":"https:\/\/www.europesstore.com\/en\/wp-json\/wp\/v2\/product_brand?post=13250"},{"taxonomy":"product_cat","embeddable":true,"href":"https:\/\/www.europesstore.com\/en\/wp-json\/wp\/v2\/product_cat?post=13250"},{"taxonomy":"product_tag","embeddable":true,"href":"https:\/\/www.europesstore.com\/en\/wp-json\/wp\/v2\/product_tag?post=13250"}],"curies":[{"name":"wp","href":"https:\/\/api.w.org\/{rel}","templated":true}]}}